{"id":10,"date":"2023-01-21T09:49:08","date_gmt":"2023-01-21T09:49:08","guid":{"rendered":"https:\/\/artway.az\/?page_id=10"},"modified":"2023-05-04T19:48:36","modified_gmt":"2023-05-04T19:48:36","slug":"haqqimizda","status":"publish","type":"page","link":"https:\/\/artway.az\/?page_id=10","title":{"rendered":"Haqq\u0131m\u0131zda"},"content":{"rendered":"\t\t<div data-elementor-type=\"wp-page\" data-elementor-id=\"10\" class=\"elementor elementor-10\">\n\t\t\t\t\t\t<section class=\"elementor-section elementor-top-section elementor-element elementor-element-d85e936 elementor-section-boxed elementor-section-height-default elementor-section-height-default qodef-elementor-content-no elementor-invisible\" data-id=\"d85e936\" data-element_type=\"section\" data-e-type=\"section\" data-settings=\"{&quot;animation&quot;:&quot;slideInUp&quot;}\">\n\t\t\t\t\t\t<div class=\"elementor-container elementor-column-gap-no\">\n\t\t\t\t\t<div class=\"elementor-column elementor-col-100 elementor-top-column elementor-element elementor-element-5fe36f8\" data-id=\"5fe36f8\" data-element_type=\"column\" data-e-type=\"column\">\n\t\t\t<div class=\"elementor-widget-wrap elementor-element-populated\">\n\t\t\t\t\t\t<div class=\"elementor-element elementor-element-ef4e10d elementor-widget elementor-widget-globefarer_core_section_title\" data-id=\"ef4e10d\" data-element_type=\"widget\" data-e-type=\"widget\" data-widget_type=\"globefarer_core_section_title.default\">\n\t\t\t\t<div class=\"elementor-widget-container\">\n\t\t\t\t\t<div class=\"qodef-shortcode qodef-m  qodef-section-title qodef-alignment--left   qodef-appear-animation--no\">\n\t\t\t<h2 class=\"qodef-m-title\" >\n\t\t\t\t\tBiz kimik?\t\t\t<\/h2>\n\t\t<p class=\"qodef-m-text\" style=\"margin-top: 30px\">N\u0259qliyyat sistemind\u0259 apar\u0131lan islahatlar \u00f6lk\u0259miz \u00fc\u00e7\u00fcn h\u0259m iqtisadi, h\u0259m d\u0259 co\u011frafi \u0259h\u0259miyy\u0259t da\u015f\u0131y\u0131r. \u00d6lk\u0259 ba\u015f\u00e7\u0131s\u0131 \u0130lham \u018fliyevin d\u0259st\u0259yi il\u0259 d\u0259mir yolu da\u015f\u0131malar\u0131nda islahatlar apar\u0131l\u0131r, yeni layih\u0259l\u0259r h\u0259yata ke\u00e7irilir. \u015eirk\u0259timiz, logistika v\u0259 n\u0259qliyyat sah\u0259sind\u0259 yaranan bu imkanlardan maksimum yararlanaraq f\u0259aliyy\u0259t\u0259 g\u00f6st\u0259rir. M\u0259ram\u0131m\u0131z sahib oldu\u011fumuz tarixi irsl\u0259 Avropa, Orta Asiya, X\u0259z\u0259r v\u0259 Qara d\u0259niz, el\u0259c\u0259 d\u0259, Yax\u0131n v\u0259 Uzaq \u015e\u0259rq regionlar\u0131nda y\u00fckda\u015f\u0131ma xidm\u0259tl\u0259rini t\u0259\u015fkil etm\u0259kdir. T\u0259qdim etdiyimiz uy\u011fun tarifl\u0259r \u0259sas\u0131nda s\u0259rf\u0259li v\u0259 g\u00fcv\u0259nilir da\u015f\u0131nman\u0131 ger\u00e7\u0259kl\u0259\u015fdir\u0259r\u0259k, qit\u0259l\u0259r aras\u0131nda y\u00fckda\u015f\u0131ma h\u0259cmini art\u0131raca\u011f\u0131q.\n<\/p>\n\t<\/div>\n\t\t\t\t<\/div>\n\t\t\t\t<\/div>\n\t\t\t\t\t<\/div>\n\t\t<\/div>\n\t\t\t\t\t<\/div>\n\t\t<\/section>\n\t\t\t\t<section class=\"elementor-section elementor-top-section elementor-element elementor-element-f8f5228 elementor-section-full_width elementor-section-height-default elementor-section-height-default qodef-elementor-content-no\" data-id=\"f8f5228\" data-element_type=\"section\" data-e-type=\"section\">\n\t\t\t\t\t\t<div class=\"elementor-container elementor-column-gap-no\">\n\t\t\t\t\t<div class=\"elementor-column elementor-col-50 elementor-top-column elementor-element elementor-element-8a15718\" data-id=\"8a15718\" data-element_type=\"column\" data-e-type=\"column\">\n\t\t\t<div class=\"elementor-widget-wrap elementor-element-populated\">\n\t\t\t\t\t\t<div class=\"elementor-element elementor-element-7350660 elementor-widget__width-inherit elementor-widget elementor-widget-globefarer_core_banner\" data-id=\"7350660\" data-element_type=\"widget\" data-e-type=\"widget\" data-widget_type=\"globefarer_core_banner.default\">\n\t\t\t\t<div class=\"elementor-widget-container\">\n\t\t\t\t\t<div class=\"qodef-shortcode qodef-m  qodef-banner qodef-layout--link-overlay qodef-hover-animation--yes\">\n\t<div class=\"qodef-m-image\">\n\t<img fetchpriority=\"high\" decoding=\"async\" width=\"1280\" height=\"774\" src=\"https:\/\/artway.az\/wp-content\/uploads\/2023\/02\/tarix-min.png\" class=\"attachment-full size-full\" alt=\"\" srcset=\"https:\/\/artway.az\/wp-content\/uploads\/2023\/02\/tarix-min.png 1280w, https:\/\/artway.az\/wp-content\/uploads\/2023\/02\/tarix-min-300x181.png 300w, https:\/\/artway.az\/wp-content\/uploads\/2023\/02\/tarix-min-1024x619.png 1024w, https:\/\/artway.az\/wp-content\/uploads\/2023\/02\/tarix-min-768x464.png 768w\" sizes=\"(max-width: 1280px) 100vw, 1280px\" \/><\/div>\n\t<div class=\"qodef-m-content\">\n\t\t<div class=\"qodef-m-content-inner\">\n\t\t\t\t\t\t\t<h2 class=\"qodef-m-title\" >\n\t\tTarix\t<\/h2>\n\t\t\t\t\t<\/div>\n\t<\/div>\n\t<a itemprop=\"url\" href=\"https:\/\/artway.az\/tarix\/\" class=\"qodef-m-banner-link\" target=\"_self\"><\/a>\n\n<\/div>\n\t\t\t\t<\/div>\n\t\t\t\t<\/div>\n\t\t\t\t\t<\/div>\n\t\t<\/div>\n\t\t\t\t<div class=\"elementor-column elementor-col-50 elementor-top-column elementor-element elementor-element-1fb575c\" data-id=\"1fb575c\" data-element_type=\"column\" data-e-type=\"column\">\n\t\t\t<div class=\"elementor-widget-wrap elementor-element-populated\">\n\t\t\t\t\t\t<div class=\"elementor-element elementor-element-c178f75 elementor-widget__width-inherit elementor-widget elementor-widget-globefarer_core_banner\" data-id=\"c178f75\" data-element_type=\"widget\" data-e-type=\"widget\" data-widget_type=\"globefarer_core_banner.default\">\n\t\t\t\t<div class=\"elementor-widget-container\">\n\t\t\t\t\t<div class=\"qodef-shortcode qodef-m  qodef-banner qodef-layout--link-overlay qodef-hover-animation--yes\">\n\t<div class=\"qodef-m-image\">\n\t<img decoding=\"async\" width=\"1280\" height=\"774\" data-src=\"https:\/\/artway.az\/wp-content\/uploads\/2021\/08\/cargo-home-banner-2.jpg\" class=\"attachment-full size-full lazyload\" alt=\"x\" data-srcset=\"https:\/\/artway.az\/wp-content\/uploads\/2021\/08\/cargo-home-banner-2.jpg 1280w, https:\/\/artway.az\/wp-content\/uploads\/2021\/08\/cargo-home-banner-2-300x181.jpg 300w, https:\/\/artway.az\/wp-content\/uploads\/2021\/08\/cargo-home-banner-2-1024x619.jpg 1024w, https:\/\/artway.az\/wp-content\/uploads\/2021\/08\/cargo-home-banner-2-768x464.jpg 768w\" data-sizes=\"(max-width: 1280px) 100vw, 1280px\" src=\"data:image\/svg+xml;base64,PHN2ZyB3aWR0aD0iMSIgaGVpZ2h0PSIxIiB4bWxucz0iaHR0cDovL3d3dy53My5vcmcvMjAwMC9zdmciPjwvc3ZnPg==\" style=\"--smush-placeholder-width: 1280px; --smush-placeholder-aspect-ratio: 1280\/774;\" \/><\/div>\n\t<div class=\"qodef-m-content\">\n\t\t<div class=\"qodef-m-content-inner\">\n\t\t\t\t\t\t\t<h2 class=\"qodef-m-title\" >\n\t\tT\u0259r\u0259fda\u015flar\u0131m\u0131z\t<\/h2>\n\t\t\t\t\t<\/div>\n\t<\/div>\n\t<a itemprop=\"url\" href=\"\" class=\"qodef-m-banner-link\" target=\"_self\"><\/a>\n\n<\/div>\n\t\t\t\t<\/div>\n\t\t\t\t<\/div>\n\t\t\t\t\t<\/div>\n\t\t<\/div>\n\t\t\t\t\t<\/div>\n\t\t<\/section>\n\t\t\t\t<section class=\"elementor-section elementor-top-section elementor-element elementor-element-c0ec2e5 elementor-section-boxed elementor-section-height-default elementor-section-height-default qodef-elementor-content-no\" data-id=\"c0ec2e5\" data-element_type=\"section\" data-e-type=\"section\">\n\t\t\t\t\t\t<div class=\"elementor-container elementor-column-gap-no\">\n\t\t\t\t\t<div class=\"elementor-column elementor-col-50 elementor-top-column elementor-element elementor-element-ed40525\" data-id=\"ed40525\" data-element_type=\"column\" data-e-type=\"column\">\n\t\t\t<div class=\"elementor-widget-wrap elementor-element-populated\">\n\t\t\t\t\t\t<div class=\"elementor-element elementor-element-e7a3cf9 elementor-invisible elementor-widget elementor-widget-globefarer_core_list_items\" data-id=\"e7a3cf9\" data-element_type=\"widget\" data-e-type=\"widget\" data-settings=\"{&quot;_animation&quot;:&quot;slideInLeft&quot;}\" data-widget_type=\"globefarer_core_list_items.default\">\n\t\t\t\t<div class=\"elementor-widget-container\">\n\t\t\t\t\t<div class=\"qodef-shortcode qodef-m  qodef-list-items qodef-layout--bulleted-list \">\n\t\t\t\t<ul class=\"qodef-m-list\">\n\t\t\t\t\t\t\t\t<li class=\"qodef-m-list-item\" >\n\t<span class=\"qodef-m-list-marker\">\n\t<svg class=\"qodef-svg--tick qodef-m-list-item-marker\" xmlns=\"http:\/\/www.w3.org\/2000\/svg\" width=\"16.971\" height=\"12.728\" viewBox=\"0 0 16.971 12.728\"><g transform=\"translate(-766.793 -1747.429)\"><rect width=\"16\" height=\"2\" transform=\"translate(771.035 1758.743) rotate(-45)\"\/><rect width=\"2\" height=\"8\" transform=\"translate(773.864 1758.743) rotate(135)\"\/><\/g><\/svg><\/span>\n\t<p class=\"qodef-m-list-item-inner\">\n\t\t\t\t\t\t<span class=\"qodef-m-list-text\">\n\t\tTranzit y\u00fck da\u015f\u0131malar\u0131na \u00f6z t\u00f6hf\u0259mizi verm\u0259k\t<\/span>\n\t\t\t<\/p>\n<\/li>\n\t\t\t\t\t\t\t\t<li class=\"qodef-m-list-item\" >\n\t<span class=\"qodef-m-list-marker\">\n\t<svg class=\"qodef-svg--tick qodef-m-list-item-marker\" xmlns=\"http:\/\/www.w3.org\/2000\/svg\" width=\"16.971\" height=\"12.728\" viewBox=\"0 0 16.971 12.728\"><g transform=\"translate(-766.793 -1747.429)\"><rect width=\"16\" height=\"2\" transform=\"translate(771.035 1758.743) rotate(-45)\"\/><rect width=\"2\" height=\"8\" transform=\"translate(773.864 1758.743) rotate(135)\"\/><\/g><\/svg><\/span>\n\t<p class=\"qodef-m-list-item-inner\">\n\t\t\t\t\t\t<span class=\"qodef-m-list-text\">\n\t\tT\u0259klif edil\u0259n xidm\u0259tl\u0259rin keyfiyy\u0259tini daim y\u00fcks\u0259ltm\u0259k.\t<\/span>\n\t\t\t<\/p>\n<\/li>\n\t\t\t\t\t\t\t\t<li class=\"qodef-m-list-item\" >\n\t<span class=\"qodef-m-list-marker\">\n\t<svg class=\"qodef-svg--tick qodef-m-list-item-marker\" xmlns=\"http:\/\/www.w3.org\/2000\/svg\" width=\"16.971\" height=\"12.728\" viewBox=\"0 0 16.971 12.728\"><g transform=\"translate(-766.793 -1747.429)\"><rect width=\"16\" height=\"2\" transform=\"translate(771.035 1758.743) rotate(-45)\"\/><rect width=\"2\" height=\"8\" transform=\"translate(773.864 1758.743) rotate(135)\"\/><\/g><\/svg><\/span>\n\t<p class=\"qodef-m-list-item-inner\">\n\t\t\t\t\t\t<span class=\"qodef-m-list-text\">\n\t\tSifari\u015f\u00e7il\u0259r\u0259 s\u0259rf\u0259li v\u0259 etibarl\u0131 xidm\u0259tl\u0259r\t<\/span>\n\t\t\t<\/p>\n<\/li>\n\t\t\t\t<\/ul>\n\t<\/div>\n\t\t\t\t<\/div>\n\t\t\t\t<\/div>\n\t\t\t\t\t<\/div>\n\t\t<\/div>\n\t\t\t\t<div class=\"elementor-column elementor-col-50 elementor-top-column elementor-element elementor-element-e563a8f elementor-invisible\" data-id=\"e563a8f\" data-element_type=\"column\" data-e-type=\"column\" data-settings=\"{&quot;animation&quot;:&quot;slideInRight&quot;}\">\n\t\t\t<div class=\"elementor-widget-wrap elementor-element-populated\">\n\t\t\t\t\t\t<div class=\"elementor-element elementor-element-4779b08 elementor-widget elementor-widget-globefarer_core_list_items\" data-id=\"4779b08\" data-element_type=\"widget\" data-e-type=\"widget\" data-widget_type=\"globefarer_core_list_items.default\">\n\t\t\t\t<div class=\"elementor-widget-container\">\n\t\t\t\t\t<div class=\"qodef-shortcode qodef-m  qodef-list-items qodef-layout--bulleted-list \">\n\t\t\t\t<ul class=\"qodef-m-list\">\n\t\t\t\t\t\t\t\t<li class=\"qodef-m-list-item\" >\n\t<span class=\"qodef-m-list-marker\">\n\t<svg class=\"qodef-svg--tick qodef-m-list-item-marker\" xmlns=\"http:\/\/www.w3.org\/2000\/svg\" width=\"16.971\" height=\"12.728\" viewBox=\"0 0 16.971 12.728\"><g transform=\"translate(-766.793 -1747.429)\"><rect width=\"16\" height=\"2\" transform=\"translate(771.035 1758.743) rotate(-45)\"\/><rect width=\"2\" height=\"8\" transform=\"translate(773.864 1758.743) rotate(135)\"\/><\/g><\/svg><\/span>\n\t<p class=\"qodef-m-list-item-inner\">\n\t\t\t\t\t\t<span class=\"qodef-m-list-text\">\n\t\tS\u0259n\u0259dl\u0259\u015fm\u0259 prosesind\u0259 maksimum d\u0259st\u0259k\t<\/span>\n\t\t\t<\/p>\n<\/li>\n\t\t\t\t\t\t\t\t<li class=\"qodef-m-list-item\" >\n\t<span class=\"qodef-m-list-marker\">\n\t<svg class=\"qodef-svg--tick qodef-m-list-item-marker\" xmlns=\"http:\/\/www.w3.org\/2000\/svg\" width=\"16.971\" height=\"12.728\" viewBox=\"0 0 16.971 12.728\"><g transform=\"translate(-766.793 -1747.429)\"><rect width=\"16\" height=\"2\" transform=\"translate(771.035 1758.743) rotate(-45)\"\/><rect width=\"2\" height=\"8\" transform=\"translate(773.864 1758.743) rotate(135)\"\/><\/g><\/svg><\/span>\n\t<p class=\"qodef-m-list-item-inner\">\n\t\t\t\t\t\t<span class=\"qodef-m-list-text\">\n\t\tD\u00fcnya standartlar\u0131na cavab ver\u0259n operativlik\t<\/span>\n\t\t\t<\/p>\n<\/li>\n\t\t\t\t\t\t\t\t<li class=\"qodef-m-list-item\" >\n\t<span class=\"qodef-m-list-marker\">\n\t<svg class=\"qodef-svg--tick qodef-m-list-item-marker\" xmlns=\"http:\/\/www.w3.org\/2000\/svg\" width=\"16.971\" height=\"12.728\" viewBox=\"0 0 16.971 12.728\"><g transform=\"translate(-766.793 -1747.429)\"><rect width=\"16\" height=\"2\" transform=\"translate(771.035 1758.743) rotate(-45)\"\/><rect width=\"2\" height=\"8\" transform=\"translate(773.864 1758.743) rotate(135)\"\/><\/g><\/svg><\/span>\n\t<p class=\"qodef-m-list-item-inner\">\n\t\t\t\t\t\t<span class=\"qodef-m-list-text\">\n\t\tM\u00fct\u0259x\u0259ssisl\u0259rd\u0259n ibar\u0259t pe\u015f\u0259kar komanda\t<\/span>\n\t\t\t<\/p>\n<\/li>\n\t\t\t\t<\/ul>\n\t<\/div>\n\t\t\t\t<\/div>\n\t\t\t\t<\/div>\n\t\t\t\t\t<\/div>\n\t\t<\/div>\n\t\t\t\t\t<\/div>\n\t\t<\/section>\n\t\t\t\t<section class=\"elementor-section elementor-top-section elementor-element elementor-element-c870e1f elementor-section-boxed elementor-section-height-default elementor-section-height-default qodef-elementor-content-no\" data-id=\"c870e1f\" data-element_type=\"section\" data-e-type=\"section\">\n\t\t\t\t\t\t<div class=\"elementor-container elementor-column-gap-default\">\n\t\t\t\t\t<div class=\"elementor-column elementor-col-100 elementor-top-column elementor-element elementor-element-dc05cfa\" data-id=\"dc05cfa\" data-element_type=\"column\" data-e-type=\"column\">\n\t\t\t<div class=\"elementor-widget-wrap elementor-element-populated\">\n\t\t\t\t\t\t<div class=\"elementor-element elementor-element-55952a8 elementor-invisible elementor-widget elementor-widget-globefarer_core_divided_image_info\" data-id=\"55952a8\" data-element_type=\"widget\" data-e-type=\"widget\" data-settings=\"{&quot;_animation&quot;:&quot;fadeInLeft&quot;}\" data-widget_type=\"globefarer_core_divided_image_info.default\">\n\t\t\t\t<div class=\"elementor-widget-container\">\n\t\t\t\t\t<div class=\"qodef-shortcode qodef-m  qodef-divided-image-info qodef-layout--image-left qodef-separator--on qodef-vertically-centered--on qodef-breakpoint--768 qodef-appear-animation--no \">\n\t\t<div class=\"qodef-m-image\" style=\"width: 51%;padding-left: 0%;padding-right: 0%\">\n\t\t<img decoding=\"async\" width=\"1920\" height=\"1280\" data-src=\"https:\/\/artway.az\/wp-content\/uploads\/2023\/02\/hunters-race-MYbhN8KaaEc-unsplash.jpg\" class=\"attachment-full size-full lazyload\" alt=\"\" data-srcset=\"https:\/\/artway.az\/wp-content\/uploads\/2023\/02\/hunters-race-MYbhN8KaaEc-unsplash.jpg 1920w, https:\/\/artway.az\/wp-content\/uploads\/2023\/02\/hunters-race-MYbhN8KaaEc-unsplash-300x200.jpg 300w, https:\/\/artway.az\/wp-content\/uploads\/2023\/02\/hunters-race-MYbhN8KaaEc-unsplash-1024x683.jpg 1024w, https:\/\/artway.az\/wp-content\/uploads\/2023\/02\/hunters-race-MYbhN8KaaEc-unsplash-768x512.jpg 768w, https:\/\/artway.az\/wp-content\/uploads\/2023\/02\/hunters-race-MYbhN8KaaEc-unsplash-1536x1024.jpg 1536w\" data-sizes=\"(max-width: 1920px) 100vw, 1920px\" src=\"data:image\/svg+xml;base64,PHN2ZyB3aWR0aD0iMSIgaGVpZ2h0PSIxIiB4bWxucz0iaHR0cDovL3d3dy53My5vcmcvMjAwMC9zdmciPjwvc3ZnPg==\" style=\"--smush-placeholder-width: 1920px; --smush-placeholder-aspect-ratio: 1920\/1280;\" \/>\t<\/div>\n<div class=\"qodef-m-content\" >\n\t\t\t<h3 itemprop=\"name\" class=\"qodef-m-title\" >\n\tKaryera\t<\/h3>\n\t<p class=\"qodef-m-text\" >\n\t\tSiz \u00f6z CV-nizi info@artway.az g\u00f6nd\u0259rm\u0259kl\u0259 bizim kollektivimizin \u00fczv\u00fc ola bil\u0259rsiniz.\t<\/p>\n\t<a class=\"qodef-shortcode qodef-m qodef-m-button qodef-button qodef-layout--textual  qodef-html--link\" href=\"https:\/\/artway.az\/karyera\/\" target=\"_self\"  >\t\t\t<span class=\"qodef-m-button-icon\"><svg class=\"qodef-svg--plus\" xmlns=\"http:\/\/www.w3.org\/2000\/svg\" xmlns:xlink=\"http:\/\/www.w3.org\/1999\/xlink\" width=\"14\" height=\"14\" viewBox=\"0 0 14 14\"><path class=\"qodef-m-horizontal\" d=\"M0,0H14V2H0Z\" transform=\"translate(0 6)\" \/><path class=\"qodef-m-vertical\" d=\"M0,0H2V14H0Z\" transform=\"translate(6)\" \/><\/svg><\/span>\t\t\t\t<span class=\"qodef-m-button-text\">Daha \u018ftrafl\u0131<br \/><\/span>\t<\/a><\/div>\n<\/div>\n\t\t\t\t<\/div>\n\t\t\t\t<\/div>\n\t\t\t\t\t<\/div>\n\t\t<\/div>\n\t\t\t\t\t<\/div>\n\t\t<\/section>\n\t\t\t\t<section class=\"elementor-section elementor-top-section elementor-element elementor-element-e83880a elementor-section-full_width qodef-elementor-content-grid qodef-custom-cursor-section elementor-section-height-default elementor-section-height-default elementor-invisible\" data-id=\"e83880a\" data-element_type=\"section\" data-e-type=\"section\" data-settings=\"{&quot;background_background&quot;:&quot;classic&quot;,&quot;animation&quot;:&quot;fadeInUp&quot;}\">\n\t\t\t\t\t\t<div class=\"elementor-container elementor-column-gap-no\">\n\t\t\t\t\t<div class=\"elementor-column elementor-col-50 elementor-top-column elementor-element elementor-element-08925ee\" data-id=\"08925ee\" data-element_type=\"column\" data-e-type=\"column\">\n\t\t\t<div class=\"elementor-widget-wrap elementor-element-populated\">\n\t\t\t\t\t\t<div class=\"elementor-element elementor-element-bbd454b elementor-widget-mobile__width-inherit elementor-widget elementor-widget-globefarer_core_contact_info\" data-id=\"bbd454b\" data-element_type=\"widget\" data-e-type=\"widget\" data-widget_type=\"globefarer_core_contact_info.default\">\n\t\t\t\t<div class=\"elementor-widget-container\">\n\t\t\t\t\t<div class=\"qodef-shortcode qodef-m  qodef-contact-info qodef-layout--type-2 \">\n\t<div class=\"qodef-m-address-email\">\n\t\t\t<div class=\"qodef-m-address\">\n\t\t\t\t<h6 class=\"qodef-m-address-tagline\">\n\t\t\u00dcnvan\u0131m\u0131z:\t<\/h6>\n\t<h5 class=\"qodef-m-address-item\">\tMarine Plaza 13-c\u00fc m\u0259rt\u0259b\u0259\n\u00dc.Hac\u0131b\u0259yov k\u00fc\u00e7.62\t<\/h5>\t\t<\/div>\n\t\t\t\t<div class=\"qodef-m-email\">\n\t\t\t\t<h6 class=\"qodef-m-email-tagline\">\n\t\tElektron po\u00e7t:\t<\/h6>\n\t<h5 class=\"qodef-m-email-item\">\t<a itemprop=\"email\" href=\"mailto:info@artway.az\">\n\t\tinfo@artway.az\t<\/a>\n\t<\/h5>\t\t<\/div>\n\t<\/div>\n<\/div>\n\t\t\t\t<\/div>\n\t\t\t\t<\/div>\n\t\t\t\t\t<\/div>\n\t\t<\/div>\n\t\t\t\t<div class=\"elementor-column elementor-col-50 elementor-top-column elementor-element elementor-element-43194fe\" data-id=\"43194fe\" data-element_type=\"column\" data-e-type=\"column\">\n\t\t\t<div class=\"elementor-widget-wrap elementor-element-populated\">\n\t\t\t\t\t\t<div class=\"elementor-element elementor-element-d921a04 elementor-widget elementor-widget-google_maps\" data-id=\"d921a04\" data-element_type=\"widget\" data-e-type=\"widget\" data-widget_type=\"google_maps.default\">\n\t\t\t\t<div class=\"elementor-widget-container\">\n\t\t\t\t\t\t\t<div class=\"elementor-custom-embed\">\n\t\t\t<iframe\n\t\t\t\t\tdata-src=\"https:\/\/maps.google.com\/maps?q=Marine%20Plaza&#038;t=m&#038;z=16&#038;output=embed&#038;iwloc=near\"\n\t\t\t\t\ttitle=\"Marine Plaza\"\n\t\t\t\t\taria-label=\"Marine Plaza\"\n\t\t\t src=\"data:image\/svg+xml;base64,PHN2ZyB3aWR0aD0iMSIgaGVpZ2h0PSIxIiB4bWxucz0iaHR0cDovL3d3dy53My5vcmcvMjAwMC9zdmciPjwvc3ZnPg==\" class=\"lazyload\" data-load-mode=\"1\"><\/iframe>\n\t\t<\/div>\n\t\t\t\t\t\t<\/div>\n\t\t\t\t<\/div>\n\t\t\t\t\t<\/div>\n\t\t<\/div>\n\t\t\t\t\t<\/div>\n\t\t<\/section>\n\t\t\t\t<\/div>\n\t\t","protected":false},"excerpt":{"rendered":"<p>Biz kimik? N\u0259qliyyat sistemind\u0259 apar\u0131lan islahatlar \u00f6lk\u0259miz \u00fc\u00e7\u00fcn h\u0259m iqtisadi, h\u0259m d\u0259 co\u011frafi \u0259h\u0259miyy\u0259t da\u015f\u0131y\u0131r. \u00d6lk\u0259 ba\u015f\u00e7\u0131s\u0131 \u0130lham \u018fliyevin d\u0259st\u0259yi il\u0259 d\u0259mir yolu da\u015f\u0131malar\u0131nda islahatlar apar\u0131l\u0131r, yeni layih\u0259l\u0259r h\u0259yata ke\u00e7irilir. \u015eirk\u0259timiz, logistika v\u0259 n\u0259qliyyat sah\u0259sind\u0259 yaranan bu imkanlardan maksimum yararlanaraq f\u0259aliyy\u0259t\u0259 g\u00f6st\u0259rir. M\u0259ram\u0131m\u0131z sahib oldu\u011fumuz tarixi irsl\u0259 Avropa, Orta Asiya, X\u0259z\u0259r v\u0259 Qara d\u0259niz, el\u0259c\u0259 [&hellip;]<\/p>\n","protected":false},"author":1,"featured_media":0,"parent":0,"menu_order":0,"comment_status":"closed","ping_status":"closed","template":"page-full-width.php","meta":{"footnotes":""},"class_list":["post-10","page","type-page","status-publish","hentry"],"_links":{"self":[{"href":"https:\/\/artway.az\/index.php?rest_route=\/wp\/v2\/pages\/10","targetHints":{"allow":["GET"]}}],"collection":[{"href":"https:\/\/artway.az\/index.php?rest_route=\/wp\/v2\/pages"}],"about":[{"href":"https:\/\/artway.az\/index.php?rest_route=\/wp\/v2\/types\/page"}],"author":[{"embeddable":true,"href":"https:\/\/artway.az\/index.php?rest_route=\/wp\/v2\/users\/1"}],"replies":[{"embeddable":true,"href":"https:\/\/artway.az\/index.php?rest_route=%2Fwp%2Fv2%2Fcomments&post=10"}],"version-history":[{"count":45,"href":"https:\/\/artway.az\/index.php?rest_route=\/wp\/v2\/pages\/10\/revisions"}],"predecessor-version":[{"id":14186,"href":"https:\/\/artway.az\/index.php?rest_route=\/wp\/v2\/pages\/10\/revisions\/14186"}],"wp:attachment":[{"href":"https:\/\/artway.az\/index.php?rest_route=%2Fwp%2Fv2%2Fmedia&parent=10"}],"curies":[{"name":"wp","href":"https:\/\/api.w.org\/{rel}","templated":true}]}}