{"id":12496,"date":"2023-03-17T13:55:19","date_gmt":"2023-03-17T13:55:19","guid":{"rendered":"https:\/\/artway.az\/?page_id=12496"},"modified":"2023-05-04T19:51:46","modified_gmt":"2023-05-04T19:51:46","slug":"post-page","status":"publish","type":"page","link":"https:\/\/artway.az\/?page_id=12496","title":{"rendered":"X\u0259b\u0259rl\u0259r"},"content":{"rendered":"\t\t<div data-elementor-type=\"wp-page\" data-elementor-id=\"12496\" class=\"elementor elementor-12496\">\n\t\t\t\t\t\t<section class=\"elementor-section elementor-top-section elementor-element elementor-element-998e63e elementor-section-full_width elementor-section-height-default elementor-section-height-default qodef-elementor-content-no elementor-invisible\" data-id=\"998e63e\" data-element_type=\"section\" data-e-type=\"section\" data-settings=\"{&quot;animation&quot;:&quot;fadeIn&quot;}\">\n\t\t\t\t\t\t<div class=\"elementor-container elementor-column-gap-no\">\n\t\t\t\t\t<div class=\"elementor-column elementor-col-33 elementor-top-column elementor-element elementor-element-9fa3542 animated-slow elementor-invisible\" data-id=\"9fa3542\" data-element_type=\"column\" data-e-type=\"column\" data-settings=\"{&quot;animation&quot;:&quot;bounceInRight&quot;}\">\n\t\t\t<div class=\"elementor-widget-wrap elementor-element-populated\">\n\t\t\t\t\t\t<div class=\"elementor-element elementor-element-4676bc8 elementor-widget__width-initial elementor-widget-tablet__width-inherit elementor-widget elementor-widget-globefarer_core_section_title\" data-id=\"4676bc8\" data-element_type=\"widget\" data-e-type=\"widget\" data-widget_type=\"globefarer_core_section_title.default\">\n\t\t\t\t<div class=\"elementor-widget-container\">\n\t\t\t\t\t<div class=\"qodef-shortcode qodef-m  qodef-section-title qodef-alignment--left   qodef-appear-animation--yes\">\n\t\t\t<h2 class=\"qodef-m-title\" >\n\t\t\t\t\tSon x\u0259b\u0259rl\u0259r\t\t\t<\/h2>\n\t\t<p class=\"qodef-m-text\" style=\"margin-top: 30px\">Vacib logistik v\u0259 n\u0259qliyyat x\u0259b\u0259rl\u0259rini siz\u0259 t\u0259qdim edirik. <\/p>\n\t<\/div>\n\t\t\t\t<\/div>\n\t\t\t\t<\/div>\n\t\t\t\t\t<\/div>\n\t\t<\/div>\n\t\t\t\t<div class=\"elementor-column elementor-col-33 elementor-top-column elementor-element elementor-element-302d75d animated-slow elementor-invisible\" data-id=\"302d75d\" data-element_type=\"column\" data-e-type=\"column\" data-settings=\"{&quot;animation&quot;:&quot;bounceInRight&quot;}\">\n\t\t\t<div class=\"elementor-widget-wrap elementor-element-populated\">\n\t\t\t\t\t\t<div class=\"elementor-element elementor-element-b960799 elementor-widget elementor-widget-globefarer_core_image_with_text\" data-id=\"b960799\" data-element_type=\"widget\" data-e-type=\"widget\" data-widget_type=\"globefarer_core_image_with_text.default\">\n\t\t\t\t<div class=\"elementor-widget-container\">\n\t\t\t\t\t<div class=\"qodef-shortcode qodef-m  qodef-image-with-text qodef-layout--text-below \">\n\t<div class=\"qodef-m-image\" style=\"border: 1px solid;border-color: #AFAFAF59\">\n\t\t\t<a itemprop=\"url\" href=\"https:\/\/artway.az\/?p=11833\" target=\"_blank\">\n\t\t\t<img fetchpriority=\"high\" decoding=\"async\" width=\"500\" height=\"400\" src=\"https:\/\/artway.az\/wp-content\/uploads\/2023\/03\/zengezur.png\" class=\"attachment-full size-full\" alt=\"\" srcset=\"https:\/\/artway.az\/wp-content\/uploads\/2023\/03\/zengezur.png 500w, https:\/\/artway.az\/wp-content\/uploads\/2023\/03\/zengezur-300x240.png 300w\" sizes=\"(max-width: 500px) 100vw, 500px\" \/>\t\t\t<\/a>\n\t<\/div>\n\t<div class=\"qodef-m-content\" >\n\t\t\t<h4 class=\"qodef-m-title\" style=\"margin-top: -7px\">\n\t\tZ\u0259ng\u0259zur d\u0259hlizinin imkanlar\u0131\t<\/h4>\n\t\t\t<p class=\"qodef-m-additional-text\" >Qara D\u0259niz \u0130qtisadi \u018fm\u0259kda\u015fl\u0131q T\u0259\u015fkilat\u0131na \u00fczv \u00f6lk\u0259l\u0259rin\u0259 Z\u0259ng\u0259zur d\u0259hlizinin imkanlar\u0131ndan istifad\u0259 etm\u0259k t\u0259klif olunub.<\/p>\n\t\t\t<div class=\"qodef-m-button\">\n\t\t<a class=\"qodef-shortcode qodef-m  qodef-button qodef-layout--textual  qodef-html--link\" href=\"https:\/\/artway.az\/?p=11833\" target=\"_blank\"  >\t\t\t<span class=\"qodef-m-button-icon\"><svg class=\"qodef-svg--plus\" xmlns=\"http:\/\/www.w3.org\/2000\/svg\" xmlns:xlink=\"http:\/\/www.w3.org\/1999\/xlink\" width=\"14\" height=\"14\" viewBox=\"0 0 14 14\"><path class=\"qodef-m-horizontal\" d=\"M0,0H14V2H0Z\" transform=\"translate(0 6)\" \/><path class=\"qodef-m-vertical\" d=\"M0,0H2V14H0Z\" transform=\"translate(6)\" \/><\/svg><\/span>\t\t<\/a>\t<\/div>\n\t\t\t<\/div>\n<\/div>\n\t\t\t\t<\/div>\n\t\t\t\t<\/div>\n\t\t\t\t\t<\/div>\n\t\t<\/div>\n\t\t\t\t<div class=\"elementor-column elementor-col-33 elementor-top-column elementor-element elementor-element-54ae02f animated-slow elementor-invisible\" data-id=\"54ae02f\" data-element_type=\"column\" data-e-type=\"column\" data-settings=\"{&quot;animation&quot;:&quot;bounceInRight&quot;}\">\n\t\t\t<div class=\"elementor-widget-wrap elementor-element-populated\">\n\t\t\t\t\t\t<div class=\"elementor-element elementor-element-58a785b elementor-widget elementor-widget-globefarer_core_image_with_text\" data-id=\"58a785b\" data-element_type=\"widget\" data-e-type=\"widget\" data-widget_type=\"globefarer_core_image_with_text.default\">\n\t\t\t\t<div class=\"elementor-widget-container\">\n\t\t\t\t\t<div class=\"qodef-shortcode qodef-m  qodef-image-with-text qodef-layout--text-below \">\n\t<div class=\"qodef-m-image\" style=\"border: 1px solid;border-color: #AFAFAF59\">\n\t\t\t<a itemprop=\"url\" href=\"https:\/\/artway.az\/?p=11833\" target=\"_blank\">\n\t\t\t<img decoding=\"async\" width=\"500\" height=\"400\" data-src=\"https:\/\/artway.az\/wp-content\/uploads\/2023\/03\/ortadehliz-1.png\" class=\"attachment-full size-full lazyload\" alt=\"\" data-srcset=\"https:\/\/artway.az\/wp-content\/uploads\/2023\/03\/ortadehliz-1.png 500w, https:\/\/artway.az\/wp-content\/uploads\/2023\/03\/ortadehliz-1-300x240.png 300w\" data-sizes=\"(max-width: 500px) 100vw, 500px\" src=\"data:image\/svg+xml;base64,PHN2ZyB3aWR0aD0iMSIgaGVpZ2h0PSIxIiB4bWxucz0iaHR0cDovL3d3dy53My5vcmcvMjAwMC9zdmciPjwvc3ZnPg==\" style=\"--smush-placeholder-width: 500px; --smush-placeholder-aspect-ratio: 500\/400;\" \/>\t\t\t<\/a>\n\t<\/div>\n\t<div class=\"qodef-m-content\" >\n\t\t\t<h4 class=\"qodef-m-title\" style=\"margin-top: -7px\">\n\t\tRegional Sad\u0259l\u0259\u015fdirilmi\u015f Tranzit Sistemi\t<\/h4>\n\t\t\t<p class=\"qodef-m-additional-text\" >Orta D\u0259hliz \u00fczr\u0259 y\u00fckda\u015f\u0131malarda r\u0259q\u0259msal h\u0259ll\u0259rin t\u0259tbiqi hesab\u0131na tranzitin sad\u0259l\u0259\u015fdirilm\u0259si m\u0259qs\u0259dil\u0259 d\u0259hliz \u00fcz\u0259rind\u0259 yerl\u0259\u015f\u0259n \u00f6lk\u0259l\u0259r aras\u0131nda Vahid Tranzit Portal\u0131n\u0131n yarad\u0131lmas\u0131 planla\u015fd\u0131r\u0131l\u0131r.<\/p>\n\t\t\t<div class=\"qodef-m-button\">\n\t\t<a class=\"qodef-shortcode qodef-m  qodef-button qodef-layout--textual  qodef-html--link\" href=\"https:\/\/artway.az\/?p=11833\" target=\"_blank\"  >\t\t\t<span class=\"qodef-m-button-icon\"><svg class=\"qodef-svg--plus\" xmlns=\"http:\/\/www.w3.org\/2000\/svg\" xmlns:xlink=\"http:\/\/www.w3.org\/1999\/xlink\" width=\"14\" height=\"14\" viewBox=\"0 0 14 14\"><path class=\"qodef-m-horizontal\" d=\"M0,0H14V2H0Z\" transform=\"translate(0 6)\" \/><path class=\"qodef-m-vertical\" d=\"M0,0H2V14H0Z\" transform=\"translate(6)\" \/><\/svg><\/span>\t\t<\/a>\t<\/div>\n\t\t\t<\/div>\n<\/div>\n\t\t\t\t<\/div>\n\t\t\t\t<\/div>\n\t\t\t\t\t<\/div>\n\t\t<\/div>\n\t\t\t\t\t<\/div>\n\t\t<\/section>\n\t\t\t\t<section class=\"elementor-section elementor-top-section elementor-element elementor-element-83b785d elementor-section-full_width elementor-section-height-default elementor-section-height-default qodef-elementor-content-no elementor-invisible\" data-id=\"83b785d\" data-element_type=\"section\" data-e-type=\"section\" data-settings=\"{&quot;animation&quot;:&quot;fadeIn&quot;}\">\n\t\t\t\t\t\t<div class=\"elementor-container elementor-column-gap-no\">\n\t\t\t\t\t<div class=\"elementor-column elementor-col-33 elementor-top-column elementor-element elementor-element-087121f animated-slow elementor-invisible\" data-id=\"087121f\" data-element_type=\"column\" data-e-type=\"column\" data-settings=\"{&quot;animation&quot;:&quot;bounceInRight&quot;}\">\n\t\t\t<div class=\"elementor-widget-wrap\">\n\t\t\t\t\t\t\t<\/div>\n\t\t<\/div>\n\t\t\t\t<div class=\"elementor-column elementor-col-33 elementor-top-column elementor-element elementor-element-773d36b animated-slow elementor-invisible\" data-id=\"773d36b\" data-element_type=\"column\" data-e-type=\"column\" data-settings=\"{&quot;animation&quot;:&quot;bounceInRight&quot;}\">\n\t\t\t<div class=\"elementor-widget-wrap\">\n\t\t\t\t\t\t\t<\/div>\n\t\t<\/div>\n\t\t\t\t<div class=\"elementor-column elementor-col-33 elementor-top-column elementor-element elementor-element-7ee3fd7 animated-slow elementor-invisible\" data-id=\"7ee3fd7\" data-element_type=\"column\" data-e-type=\"column\" data-settings=\"{&quot;animation&quot;:&quot;bounceInRight&quot;}\">\n\t\t\t<div class=\"elementor-widget-wrap\">\n\t\t\t\t\t\t\t<\/div>\n\t\t<\/div>\n\t\t\t\t\t<\/div>\n\t\t<\/section>\n\t\t\t\t<section class=\"elementor-section elementor-top-section elementor-element elementor-element-01fbf21 elementor-section-full_width qodef-elementor-content-grid qodef-custom-cursor-section elementor-section-height-default elementor-section-height-default elementor-invisible\" data-id=\"01fbf21\" data-element_type=\"section\" data-e-type=\"section\" data-settings=\"{&quot;background_background&quot;:&quot;classic&quot;,&quot;animation&quot;:&quot;fadeInUp&quot;}\">\n\t\t\t\t\t\t<div class=\"elementor-container elementor-column-gap-no\">\n\t\t\t\t\t<div class=\"elementor-column elementor-col-50 elementor-top-column elementor-element elementor-element-0a2f7f9\" data-id=\"0a2f7f9\" data-element_type=\"column\" data-e-type=\"column\">\n\t\t\t<div class=\"elementor-widget-wrap elementor-element-populated\">\n\t\t\t\t\t\t<div class=\"elementor-element elementor-element-38ee166 elementor-widget-mobile__width-inherit elementor-widget elementor-widget-globefarer_core_contact_info\" data-id=\"38ee166\" data-element_type=\"widget\" data-e-type=\"widget\" data-widget_type=\"globefarer_core_contact_info.default\">\n\t\t\t\t<div class=\"elementor-widget-container\">\n\t\t\t\t\t<div class=\"qodef-shortcode qodef-m  qodef-contact-info qodef-layout--type-2 \">\n\t<div class=\"qodef-m-address-email\">\n\t\t\t<div class=\"qodef-m-address\">\n\t\t\t\t<h6 class=\"qodef-m-address-tagline\">\n\t\t\u00dcnvan\u0131m\u0131z:\t<\/h6>\n\t<h5 class=\"qodef-m-address-item\">\tMarine Plaza 13-c\u00fc m\u0259rt\u0259b\u0259\n\u00dc.Hac\u0131b\u0259yov k\u00fc\u00e7.62\t<\/h5>\t\t<\/div>\n\t\t\t\t<div class=\"qodef-m-email\">\n\t\t\t\t<h6 class=\"qodef-m-email-tagline\">\n\t\tElektron po\u00e7t:\t<\/h6>\n\t<h5 class=\"qodef-m-email-item\">\t<a itemprop=\"email\" href=\"mailto:info@artway.az\">\n\t\tinfo@artway.az\t<\/a>\n\t<\/h5>\t\t<\/div>\n\t<\/div>\n<\/div>\n\t\t\t\t<\/div>\n\t\t\t\t<\/div>\n\t\t\t\t\t<\/div>\n\t\t<\/div>\n\t\t\t\t<div class=\"elementor-column elementor-col-50 elementor-top-column elementor-element elementor-element-f2389d8\" data-id=\"f2389d8\" data-element_type=\"column\" data-e-type=\"column\">\n\t\t\t<div class=\"elementor-widget-wrap elementor-element-populated\">\n\t\t\t\t\t\t<div class=\"elementor-element elementor-element-cc6ba20 elementor-widget elementor-widget-google_maps\" data-id=\"cc6ba20\" data-element_type=\"widget\" data-e-type=\"widget\" data-widget_type=\"google_maps.default\">\n\t\t\t\t<div class=\"elementor-widget-container\">\n\t\t\t\t\t\t\t<div class=\"elementor-custom-embed\">\n\t\t\t<iframe\n\t\t\t\t\tdata-src=\"https:\/\/maps.google.com\/maps?q=Marine%20Plaza&#038;t=m&#038;z=16&#038;output=embed&#038;iwloc=near\"\n\t\t\t\t\ttitle=\"Marine Plaza\"\n\t\t\t\t\taria-label=\"Marine Plaza\"\n\t\t\t src=\"data:image\/svg+xml;base64,PHN2ZyB3aWR0aD0iMSIgaGVpZ2h0PSIxIiB4bWxucz0iaHR0cDovL3d3dy53My5vcmcvMjAwMC9zdmciPjwvc3ZnPg==\" class=\"lazyload\" data-load-mode=\"1\"><\/iframe>\n\t\t<\/div>\n\t\t\t\t\t\t<\/div>\n\t\t\t\t<\/div>\n\t\t\t\t\t<\/div>\n\t\t<\/div>\n\t\t\t\t\t<\/div>\n\t\t<\/section>\n\t\t\t\t<\/div>\n\t\t","protected":false},"excerpt":{"rendered":"<p>Son x\u0259b\u0259rl\u0259r Vacib logistik v\u0259 n\u0259qliyyat x\u0259b\u0259rl\u0259rini siz\u0259 t\u0259qdim edirik. Z\u0259ng\u0259zur d\u0259hlizinin imkanlar\u0131 Qara D\u0259niz \u0130qtisadi \u018fm\u0259kda\u015fl\u0131q T\u0259\u015fkilat\u0131na \u00fczv \u00f6lk\u0259l\u0259rin\u0259 Z\u0259ng\u0259zur d\u0259hlizinin imkanlar\u0131ndan istifad\u0259 etm\u0259k t\u0259klif olunub. Regional Sad\u0259l\u0259\u015fdirilmi\u015f Tranzit Sistemi Orta D\u0259hliz \u00fczr\u0259 y\u00fckda\u015f\u0131malarda r\u0259q\u0259msal h\u0259ll\u0259rin t\u0259tbiqi hesab\u0131na tranzitin sad\u0259l\u0259\u015fdirilm\u0259si m\u0259qs\u0259dil\u0259 d\u0259hliz \u00fcz\u0259rind\u0259 yerl\u0259\u015f\u0259n \u00f6lk\u0259l\u0259r aras\u0131nda Vahid Tranzit Portal\u0131n\u0131n yarad\u0131lmas\u0131 planla\u015fd\u0131r\u0131l\u0131r. \u00dcnvan\u0131m\u0131z: Marine Plaza [&hellip;]<\/p>\n","protected":false},"author":1,"featured_media":0,"parent":0,"menu_order":0,"comment_status":"closed","ping_status":"closed","template":"page-full-width.php","meta":{"footnotes":""},"class_list":["post-12496","page","type-page","status-publish","hentry"],"_links":{"self":[{"href":"https:\/\/artway.az\/index.php?rest_route=\/wp\/v2\/pages\/12496","targetHints":{"allow":["GET"]}}],"collection":[{"href":"https:\/\/artway.az\/index.php?rest_route=\/wp\/v2\/pages"}],"about":[{"href":"https:\/\/artway.az\/index.php?rest_route=\/wp\/v2\/types\/page"}],"author":[{"embeddable":true,"href":"https:\/\/artway.az\/index.php?rest_route=\/wp\/v2\/users\/1"}],"replies":[{"embeddable":true,"href":"https:\/\/artway.az\/index.php?rest_route=%2Fwp%2Fv2%2Fcomments&post=12496"}],"version-history":[{"count":42,"href":"https:\/\/artway.az\/index.php?rest_route=\/wp\/v2\/pages\/12496\/revisions"}],"predecessor-version":[{"id":14189,"href":"https:\/\/artway.az\/index.php?rest_route=\/wp\/v2\/pages\/12496\/revisions\/14189"}],"wp:attachment":[{"href":"https:\/\/artway.az\/index.php?rest_route=%2Fwp%2Fv2%2Fmedia&parent=12496"}],"curies":[{"name":"wp","href":"https:\/\/api.w.org\/{rel}","templated":true}]}}