{"id":18,"date":"2023-01-21T09:50:57","date_gmt":"2023-01-21T09:50:57","guid":{"rendered":"https:\/\/artway.az\/?page_id=18"},"modified":"2023-03-15T00:31:57","modified_gmt":"2023-03-15T00:31:57","slug":"faydali","status":"publish","type":"page","link":"https:\/\/artway.az\/?page_id=18","title":{"rendered":"Faydal\u0131"},"content":{"rendered":"\t\t<div data-elementor-type=\"wp-page\" data-elementor-id=\"18\" class=\"elementor elementor-18\">\n\t\t\t\t\t\t<section class=\"elementor-section elementor-top-section elementor-element elementor-element-a38c62d elementor-section-full_width elementor-reverse-tablet elementor-reverse-mobile qodef-elementor-content-grid elementor-section-height-default elementor-section-height-default\" data-id=\"a38c62d\" data-element_type=\"section\" data-e-type=\"section\" data-settings=\"{&quot;background_background&quot;:&quot;classic&quot;}\">\n\t\t\t\t\t\t<div class=\"elementor-container elementor-column-gap-no\">\n\t\t\t\t\t<div class=\"elementor-column elementor-col-50 elementor-top-column elementor-element elementor-element-1e96c60 elementor-invisible\" data-id=\"1e96c60\" data-element_type=\"column\" data-e-type=\"column\" data-settings=\"{&quot;animation&quot;:&quot;fadeInLeft&quot;}\">\n\t\t\t<div class=\"elementor-widget-wrap elementor-element-populated\">\n\t\t\t\t\t\t<div class=\"elementor-element elementor-element-74af499 elementor-widget elementor-widget-globefarer_core_section_title\" data-id=\"74af499\" data-element_type=\"widget\" data-e-type=\"widget\" data-widget_type=\"globefarer_core_section_title.default\">\n\t\t\t\t<div class=\"elementor-widget-container\">\n\t\t\t\t\t<div class=\"qodef-shortcode qodef-m  qodef-section-title qodef-alignment--left   qodef-appear-animation--no\">\n\t\t\t<h1 class=\"qodef-m-title\" style=\"color: #E5E5E5\">\n\t\t\t\t\tFaydal\u0131 \t\t\t<\/h1>\n\t\t<\/div>\n\t\t\t\t<\/div>\n\t\t\t\t<\/div>\n\t\t\t\t<div class=\"elementor-element elementor-element-58d6946 elementor-widget elementor-widget-globefarer_core_list_items\" data-id=\"58d6946\" data-element_type=\"widget\" data-e-type=\"widget\" data-widget_type=\"globefarer_core_list_items.default\">\n\t\t\t\t<div class=\"elementor-widget-container\">\n\t\t\t\t\t<div class=\"qodef-shortcode qodef-m  qodef-list-items qodef-layout--bulleted-list \">\n\t\t\t\t<ul class=\"qodef-m-list\">\n\t\t\t\t\t\t\t\t<li class=\"qodef-m-list-item\" style=\"color: #B7B7B7\">\n\t<span class=\"qodef-m-list-marker\">\n\t<svg class=\"qodef-svg--tick qodef-m-list-item-marker\" xmlns=\"http:\/\/www.w3.org\/2000\/svg\" width=\"16.971\" height=\"12.728\" viewBox=\"0 0 16.971 12.728\"><g transform=\"translate(-766.793 -1747.429)\"><rect width=\"16\" height=\"2\" transform=\"translate(771.035 1758.743) rotate(-45)\"\/><rect width=\"2\" height=\"8\" transform=\"translate(773.864 1758.743) rotate(135)\"\/><\/g><\/svg><\/span>\n\t<p class=\"qodef-m-list-item-inner\">\n\t\t\t\t\t\t<span class=\"qodef-m-list-text\">\n\t\t\u0130zahl\u0131 n\u0259qliyyat-logistika terminl\u0259ri l\u00fc\u011f\u0259ti\t<\/span>\n\t\t\t<\/p>\n<\/li>\n\t\t\t\t\t\t\t\t<li class=\"qodef-m-list-item\" style=\"color: #B7B7B7\">\n\t<span class=\"qodef-m-list-marker\">\n\t<svg class=\"qodef-svg--tick qodef-m-list-item-marker\" xmlns=\"http:\/\/www.w3.org\/2000\/svg\" width=\"16.971\" height=\"12.728\" viewBox=\"0 0 16.971 12.728\"><g transform=\"translate(-766.793 -1747.429)\"><rect width=\"16\" height=\"2\" transform=\"translate(771.035 1758.743) rotate(-45)\"\/><rect width=\"2\" height=\"8\" transform=\"translate(773.864 1758.743) rotate(135)\"\/><\/g><\/svg><\/span>\n\t<p class=\"qodef-m-list-item-inner\">\n\t\t\t\t\t\t<span class=\"qodef-m-list-text\">\n\t\tY\u00fck da\u015f\u0131malar\u0131n tarifl\u0259rini t\u0259\u015fkil ed\u0259n s\u0259n\u0259dl\u0259r\t<\/span>\n\t\t\t<\/p>\n<\/li>\n\t\t\t\t\t\t\t\t<li class=\"qodef-m-list-item\" style=\"color: #B7B7B7\">\n\t<span class=\"qodef-m-list-marker\">\n\t<svg class=\"qodef-svg--tick qodef-m-list-item-marker\" xmlns=\"http:\/\/www.w3.org\/2000\/svg\" width=\"16.971\" height=\"12.728\" viewBox=\"0 0 16.971 12.728\"><g transform=\"translate(-766.793 -1747.429)\"><rect width=\"16\" height=\"2\" transform=\"translate(771.035 1758.743) rotate(-45)\"\/><rect width=\"2\" height=\"8\" transform=\"translate(773.864 1758.743) rotate(135)\"\/><\/g><\/svg><\/span>\n\t<p class=\"qodef-m-list-item-inner\">\n\t\t\t\t\t\t<span class=\"qodef-m-list-text\">\n\t\tBeynalxalq Ticar\u0259t S\u00f6vd\u0259l\u0259\u015fm\u0259si (\u0130nkoterms)\t<\/span>\n\t\t\t<\/p>\n<\/li>\n\t\t\t\t\t\t\t\t<li class=\"qodef-m-list-item\" style=\"color: #B7B7B7\">\n\t<span class=\"qodef-m-list-marker\">\n\t<svg class=\"qodef-svg--tick qodef-m-list-item-marker\" xmlns=\"http:\/\/www.w3.org\/2000\/svg\" width=\"16.971\" height=\"12.728\" viewBox=\"0 0 16.971 12.728\"><g transform=\"translate(-766.793 -1747.429)\"><rect width=\"16\" height=\"2\" transform=\"translate(771.035 1758.743) rotate(-45)\"\/><rect width=\"2\" height=\"8\" transform=\"translate(773.864 1758.743) rotate(135)\"\/><\/g><\/svg><\/span>\n\t<p class=\"qodef-m-list-item-inner\">\n\t\t\t\t\t\t<span class=\"qodef-m-list-text\">\n\t\tM\u00fcxt\u0259lif d\u0259mir yolu rels enl\u0259ri haqq\u0131nda\t<\/span>\n\t\t\t<\/p>\n<\/li>\n\t\t\t\t<\/ul>\n\t<\/div>\n\t\t\t\t<\/div>\n\t\t\t\t<\/div>\n\t\t\t\t\t<\/div>\n\t\t<\/div>\n\t\t\t\t<div class=\"elementor-column elementor-col-50 elementor-top-column elementor-element elementor-element-61f96ab elementor-invisible\" data-id=\"61f96ab\" data-element_type=\"column\" data-e-type=\"column\" data-settings=\"{&quot;animation&quot;:&quot;fadeInRight&quot;}\">\n\t\t\t<div class=\"elementor-widget-wrap elementor-element-populated\">\n\t\t\t\t\t\t<div class=\"elementor-element elementor-element-d6d147e elementor-widget elementor-widget-image\" data-id=\"d6d147e\" data-element_type=\"widget\" data-e-type=\"widget\" data-widget_type=\"image.default\">\n\t\t\t\t<div class=\"elementor-widget-container\">\n\t\t\t\t\t\t\t\t\t\t\t\t\t\t\t<img fetchpriority=\"high\" decoding=\"async\" width=\"1024\" height=\"682\" src=\"https:\/\/artway.az\/wp-content\/uploads\/2023\/02\/pexels-irina-iriser-673803-1024x682.jpg\" class=\"attachment-large size-large wp-image-8474\" alt=\"\" srcset=\"https:\/\/artway.az\/wp-content\/uploads\/2023\/02\/pexels-irina-iriser-673803-1024x682.jpg 1024w, https:\/\/artway.az\/wp-content\/uploads\/2023\/02\/pexels-irina-iriser-673803-300x200.jpg 300w, https:\/\/artway.az\/wp-content\/uploads\/2023\/02\/pexels-irina-iriser-673803-768x512.jpg 768w, https:\/\/artway.az\/wp-content\/uploads\/2023\/02\/pexels-irina-iriser-673803.jpg 1280w\" sizes=\"(max-width: 1024px) 100vw, 1024px\" \/>\t\t\t\t\t\t\t\t\t\t\t\t\t\t\t<\/div>\n\t\t\t\t<\/div>\n\t\t\t\t\t<\/div>\n\t\t<\/div>\n\t\t\t\t\t<\/div>\n\t\t<\/section>\n\t\t\t\t<section class=\"elementor-section elementor-top-section elementor-element elementor-element-3ebc8f5 elementor-section-full_width qodef-elementor-content-grid elementor-section-height-default elementor-section-height-default elementor-invisible\" data-id=\"3ebc8f5\" data-element_type=\"section\" data-e-type=\"section\" data-settings=\"{&quot;background_background&quot;:&quot;classic&quot;,&quot;animation&quot;:&quot;slideInUp&quot;}\">\n\t\t\t\t\t\t<div class=\"elementor-container elementor-column-gap-no\">\n\t\t\t\t\t<div class=\"elementor-column elementor-col-100 elementor-top-column elementor-element elementor-element-28c1d37\" data-id=\"28c1d37\" data-element_type=\"column\" data-e-type=\"column\">\n\t\t\t<div class=\"elementor-widget-wrap elementor-element-populated\">\n\t\t\t\t\t\t<div class=\"elementor-element elementor-element-1094620 elementor-widget elementor-widget-globefarer_core_divided_image_info\" data-id=\"1094620\" data-element_type=\"widget\" data-e-type=\"widget\" data-widget_type=\"globefarer_core_divided_image_info.default\">\n\t\t\t\t<div class=\"elementor-widget-container\">\n\t\t\t\t\t<div class=\"qodef-shortcode qodef-m  qodef-divided-image-info qodef-layout--image-left qodef-separator--on qodef-vertically-centered--on qodef-breakpoint--1024 qodef-appear-animation--no \">\n\t\t<div class=\"qodef-m-image\" style=\"width: 50%;padding-right: 3%\">\n\t\t<img decoding=\"async\" width=\"1280\" height=\"818\" data-src=\"https:\/\/artway.az\/wp-content\/uploads\/2023\/02\/pexels-suzy-hazelwood-1438044.jpg\" class=\"attachment-full size-full lazyload\" alt=\"\" data-srcset=\"https:\/\/artway.az\/wp-content\/uploads\/2023\/02\/pexels-suzy-hazelwood-1438044.jpg 1280w, https:\/\/artway.az\/wp-content\/uploads\/2023\/02\/pexels-suzy-hazelwood-1438044-300x192.jpg 300w, https:\/\/artway.az\/wp-content\/uploads\/2023\/02\/pexels-suzy-hazelwood-1438044-1024x654.jpg 1024w, https:\/\/artway.az\/wp-content\/uploads\/2023\/02\/pexels-suzy-hazelwood-1438044-768x491.jpg 768w\" data-sizes=\"(max-width: 1280px) 100vw, 1280px\" src=\"data:image\/svg+xml;base64,PHN2ZyB3aWR0aD0iMSIgaGVpZ2h0PSIxIiB4bWxucz0iaHR0cDovL3d3dy53My5vcmcvMjAwMC9zdmciPjwvc3ZnPg==\" style=\"--smush-placeholder-width: 1280px; --smush-placeholder-aspect-ratio: 1280\/818;\" \/>\t<\/div>\n<div class=\"qodef-m-content\" style=\"margin-top: 0px;padding-left: 4%\">\n\t\t\t<h2 itemprop=\"name\" class=\"qodef-m-title\" style=\"margin-bottom: 29px\">\n\tL\u00fc\u011f\u0259t\t<\/h2>\n\t<p class=\"qodef-m-text\" >\n\t\t\u0130zahl\u0131 n\u0259qliyyat-logistika terminl\u0259ri l\u00fc\u011f\u0259ti\n\t<\/p>\n\t<a class=\"qodef-shortcode qodef-m qodef-m-button qodef-button qodef-layout--textual  qodef-html--link\" href=\"https:\/\/artway.az\/lug%c9%99t\/\" target=\"_self\"  >\t\t\t<span class=\"qodef-m-button-icon\"><svg class=\"qodef-svg--plus\" xmlns=\"http:\/\/www.w3.org\/2000\/svg\" xmlns:xlink=\"http:\/\/www.w3.org\/1999\/xlink\" width=\"14\" height=\"14\" viewBox=\"0 0 14 14\"><path class=\"qodef-m-horizontal\" d=\"M0,0H14V2H0Z\" transform=\"translate(0 6)\" \/><path class=\"qodef-m-vertical\" d=\"M0,0H2V14H0Z\" transform=\"translate(6)\" \/><\/svg><\/span>\t\t\t\t<span class=\"qodef-m-button-text\">Daha \u018ftrafl\u0131<br \/><\/span>\t<\/a><\/div>\n<\/div>\n\t\t\t\t<\/div>\n\t\t\t\t<\/div>\n\t\t\t\t\t<\/div>\n\t\t<\/div>\n\t\t\t\t\t<\/div>\n\t\t<\/section>\n\t\t\t\t<section class=\"elementor-section elementor-top-section elementor-element elementor-element-999ea3e elementor-section-full_width elementor-section-height-default elementor-section-height-default qodef-elementor-content-no\" data-id=\"999ea3e\" data-element_type=\"section\" data-e-type=\"section\">\n\t\t\t\t\t\t<div class=\"elementor-container elementor-column-gap-no\">\n\t\t\t\t\t<div class=\"elementor-column elementor-col-50 elementor-top-column elementor-element elementor-element-17c2441\" data-id=\"17c2441\" data-element_type=\"column\" data-e-type=\"column\">\n\t\t\t<div class=\"elementor-widget-wrap elementor-element-populated\">\n\t\t\t\t\t\t<div class=\"elementor-element elementor-element-18a1ed2 elementor-widget__width-inherit elementor-widget elementor-widget-globefarer_core_banner\" data-id=\"18a1ed2\" data-element_type=\"widget\" data-e-type=\"widget\" data-widget_type=\"globefarer_core_banner.default\">\n\t\t\t\t<div class=\"elementor-widget-container\">\n\t\t\t\t\t<div class=\"qodef-shortcode qodef-m  qodef-banner qodef-layout--link-overlay qodef-hover-animation--yes\">\n\t<div class=\"qodef-m-image\">\n\t<img decoding=\"async\" width=\"1280\" height=\"774\" data-src=\"https:\/\/artway.az\/wp-content\/uploads\/2023\/02\/documents-min.png\" class=\"attachment-full size-full lazyload\" alt=\"\" data-srcset=\"https:\/\/artway.az\/wp-content\/uploads\/2023\/02\/documents-min.png 1280w, https:\/\/artway.az\/wp-content\/uploads\/2023\/02\/documents-min-300x181.png 300w, https:\/\/artway.az\/wp-content\/uploads\/2023\/02\/documents-min-1024x619.png 1024w, https:\/\/artway.az\/wp-content\/uploads\/2023\/02\/documents-min-768x464.png 768w\" data-sizes=\"(max-width: 1280px) 100vw, 1280px\" src=\"data:image\/svg+xml;base64,PHN2ZyB3aWR0aD0iMSIgaGVpZ2h0PSIxIiB4bWxucz0iaHR0cDovL3d3dy53My5vcmcvMjAwMC9zdmciPjwvc3ZnPg==\" style=\"--smush-placeholder-width: 1280px; --smush-placeholder-aspect-ratio: 1280\/774;\" \/><\/div>\n\t<div class=\"qodef-m-content\">\n\t\t<div class=\"qodef-m-content-inner\">\n\t\t\t\t\t\t\t<h2 class=\"qodef-m-title\" style=\"color: #FF0000\">\n\t\tS\u0259n\u0259dl\u0259r\t<\/h2>\n\t\t\t\t\t<\/div>\n\t<\/div>\n\t<a itemprop=\"url\" href=\"https:\/\/artway.az\/s%c9%99n%c9%99dl%c9%99r\/\" class=\"qodef-m-banner-link\" target=\"_self\"><\/a>\n\n<\/div>\n\t\t\t\t<\/div>\n\t\t\t\t<\/div>\n\t\t\t\t\t<\/div>\n\t\t<\/div>\n\t\t\t\t<div class=\"elementor-column elementor-col-50 elementor-top-column elementor-element elementor-element-67e84ad\" data-id=\"67e84ad\" data-element_type=\"column\" data-e-type=\"column\">\n\t\t\t<div class=\"elementor-widget-wrap elementor-element-populated\">\n\t\t\t\t\t\t<div class=\"elementor-element elementor-element-1dfe28c elementor-widget__width-inherit elementor-widget elementor-widget-globefarer_core_banner\" data-id=\"1dfe28c\" data-element_type=\"widget\" data-e-type=\"widget\" data-widget_type=\"globefarer_core_banner.default\">\n\t\t\t\t<div class=\"elementor-widget-container\">\n\t\t\t\t\t<div class=\"qodef-shortcode qodef-m  qodef-banner qodef-layout--link-overlay qodef-hover-animation--yes\">\n\t<div class=\"qodef-m-image\">\n\t<img decoding=\"async\" width=\"1280\" height=\"774\" data-src=\"https:\/\/artway.az\/wp-content\/uploads\/2023\/02\/incoterms-min.png\" class=\"attachment-full size-full lazyload\" alt=\"\" data-srcset=\"https:\/\/artway.az\/wp-content\/uploads\/2023\/02\/incoterms-min.png 1280w, https:\/\/artway.az\/wp-content\/uploads\/2023\/02\/incoterms-min-300x181.png 300w, https:\/\/artway.az\/wp-content\/uploads\/2023\/02\/incoterms-min-1024x619.png 1024w, https:\/\/artway.az\/wp-content\/uploads\/2023\/02\/incoterms-min-768x464.png 768w\" data-sizes=\"(max-width: 1280px) 100vw, 1280px\" src=\"data:image\/svg+xml;base64,PHN2ZyB3aWR0aD0iMSIgaGVpZ2h0PSIxIiB4bWxucz0iaHR0cDovL3d3dy53My5vcmcvMjAwMC9zdmciPjwvc3ZnPg==\" style=\"--smush-placeholder-width: 1280px; --smush-placeholder-aspect-ratio: 1280\/774;\" \/><\/div>\n\t<div class=\"qodef-m-content\">\n\t\t<div class=\"qodef-m-content-inner\">\n\t\t\t\t\t\t\t<h2 class=\"qodef-m-title\" style=\"color: #FF0000\">\n\t\t\u0130nkoterms\t<\/h2>\n\t\t\t\t\t<\/div>\n\t<\/div>\n\t<a itemprop=\"url\" href=\"https:\/\/artway.az\/inkoterms\/\" class=\"qodef-m-banner-link\" target=\"_self\"><\/a>\n\n<\/div>\n\t\t\t\t<\/div>\n\t\t\t\t<\/div>\n\t\t\t\t\t<\/div>\n\t\t<\/div>\n\t\t\t\t\t<\/div>\n\t\t<\/section>\n\t\t\t\t<section class=\"elementor-section elementor-top-section elementor-element elementor-element-f954b91 elementor-section-full_width qodef-elementor-content-grid elementor-section-height-default elementor-section-height-default elementor-invisible\" data-id=\"f954b91\" data-element_type=\"section\" data-e-type=\"section\" data-settings=\"{&quot;animation&quot;:&quot;slideInRight&quot;}\">\n\t\t\t\t\t\t<div class=\"elementor-container elementor-column-gap-no\">\n\t\t\t\t\t<div class=\"elementor-column elementor-col-100 elementor-top-column elementor-element elementor-element-de8c144\" data-id=\"de8c144\" data-element_type=\"column\" data-e-type=\"column\">\n\t\t\t<div class=\"elementor-widget-wrap elementor-element-populated\">\n\t\t\t\t\t\t<div class=\"elementor-element elementor-element-3f595a3 elementor-widget elementor-widget-globefarer_core_divided_info_section\" data-id=\"3f595a3\" data-element_type=\"widget\" data-e-type=\"widget\" data-widget_type=\"globefarer_core_divided_info_section.default\">\n\t\t\t\t<div class=\"elementor-widget-container\">\n\t\t\t\t\t<div class=\"qodef-shortcode qodef-m  qodef-divided-info-section qodef-layout--standard qodef-appear-animation--no \">\n\t<div class=\"qodef-m-inner-left\" >\n\t\t\t\t<h2 itemprop=\"name\" class=\"qodef-m-title\" >\n\tRelsl\u0259r \t<\/h2>\n\t<p class=\"qodef-m-text\">\n\t\tD\u0259miryolu n\u0259qliyyat\u0131nda relsl\u0259rin en \u00f6l\u00e7\u00fcs\u00fcn\u00fc, rels ba\u015fl\u0131qlar\u0131n\u0131n daxili k\u0259narlar\u0131n\u0131 \u0259hat\u0259 ed\u0259n m\u0259saf\u0259 t\u0259\u015fkil edir. \nBir \u00e7ox s\u0259b\u0259bl\u0259r\u0259 g\u00f6r\u0259 d\u00fcnyan\u0131n ayr\u0131-ayr\u0131 \u00f6lk\u0259l\u0259rind\u0259 relsl\u0259r aras\u0131ndak\u0131 en \u00f6l\u00e7\u00fcs\u00fc f\u0259rqlidir. Bu hal is\u0259 d\u0259mir yolu da\u015f\u0131malar\u0131nda \u00e7\u0259tinlikl\u0259rin yaranmas\u0131na z\u0259min yarad\u0131r.\t<\/p>\n\t<\/div>\n\t<div class=\"qodef-m-inner-right\" >\n\t\t\t<div class=\"qodef-m-image\">\n\t\t<img decoding=\"async\" width=\"1279\" height=\"853\" data-src=\"https:\/\/artway.az\/wp-content\/uploads\/2023\/02\/pexels-albin-berlin-892541.jpg\" class=\"attachment-full size-full lazyload\" alt=\"\" data-srcset=\"https:\/\/artway.az\/wp-content\/uploads\/2023\/02\/pexels-albin-berlin-892541.jpg 1279w, https:\/\/artway.az\/wp-content\/uploads\/2023\/02\/pexels-albin-berlin-892541-300x200.jpg 300w, https:\/\/artway.az\/wp-content\/uploads\/2023\/02\/pexels-albin-berlin-892541-1024x683.jpg 1024w, https:\/\/artway.az\/wp-content\/uploads\/2023\/02\/pexels-albin-berlin-892541-768x512.jpg 768w\" data-sizes=\"(max-width: 1279px) 100vw, 1279px\" src=\"data:image\/svg+xml;base64,PHN2ZyB3aWR0aD0iMSIgaGVpZ2h0PSIxIiB4bWxucz0iaHR0cDovL3d3dy53My5vcmcvMjAwMC9zdmciPjwvc3ZnPg==\" style=\"--smush-placeholder-width: 1279px; --smush-placeholder-aspect-ratio: 1279\/853;\" \/>\t<\/div>\n\t\t\t\t\t\t\t\t\t\t\t\t\t<div class=\"qodef-e-content\">\n\t\t<h1 class=\"qodef-e-title\">\n\t\t1520\t<\/h1>\n\t<p class=\"qodef-e-text\">\n\t\tGeni\u015f iz \u00f6l\u00e7\u00fcl\u00fc yol\n\t<\/p>\n<a class=\"qodef-shortcode qodef-m qodef-e-button qodef-button qodef-layout--textual  qodef-html--link\" href=\"https:\/\/artway.az\/relsl%c9%99r\/\" target=\"_self\"  >\t\t\t<span class=\"qodef-m-button-icon\"><svg class=\"qodef-svg--plus\" xmlns=\"http:\/\/www.w3.org\/2000\/svg\" xmlns:xlink=\"http:\/\/www.w3.org\/1999\/xlink\" width=\"14\" height=\"14\" viewBox=\"0 0 14 14\"><path class=\"qodef-m-horizontal\" d=\"M0,0H14V2H0Z\" transform=\"translate(0 6)\" \/><path class=\"qodef-m-vertical\" d=\"M0,0H2V14H0Z\" transform=\"translate(6)\" \/><\/svg><\/span>\t\t<\/a><\/div>\n\t\t\t\t\t\t\t\t\t\t\t<div class=\"qodef-e-content\">\n\t\t<h1 class=\"qodef-e-title\">\n\t\t1435 \t<\/h1>\n\t<p class=\"qodef-e-text\">\n\t\tStandart iz \u00f6l\u00e7\u00fcl\u00fc yol\t<\/p>\n<a class=\"qodef-shortcode qodef-m qodef-e-button qodef-button qodef-layout--textual  qodef-html--link\" href=\"https:\/\/artway.az\/relsl%c9%99r\/\" target=\"_self\"  >\t\t\t<span class=\"qodef-m-button-icon\"><svg class=\"qodef-svg--plus\" xmlns=\"http:\/\/www.w3.org\/2000\/svg\" xmlns:xlink=\"http:\/\/www.w3.org\/1999\/xlink\" width=\"14\" height=\"14\" viewBox=\"0 0 14 14\"><path class=\"qodef-m-horizontal\" d=\"M0,0H14V2H0Z\" transform=\"translate(0 6)\" \/><path class=\"qodef-m-vertical\" d=\"M0,0H2V14H0Z\" transform=\"translate(6)\" \/><\/svg><\/span>\t\t<\/a><\/div>\n\t\t\t\t\t\t\t\t\t\t\t<div class=\"qodef-e-content\">\n\t\t<h1 class=\"qodef-e-title\">\n\t\t1676 \t<\/h1>\n\t<p class=\"qodef-e-text\">\n\t\tMaksimal iz \u00f6l\u00e7\u00fcl\u00fc yol\t<\/p>\n<a class=\"qodef-shortcode qodef-m qodef-e-button qodef-button qodef-layout--textual  qodef-html--link\" href=\"https:\/\/artway.az\/relsl%c9%99r\/\" target=\"\"  >\t\t\t<span class=\"qodef-m-button-icon\"><svg class=\"qodef-svg--plus\" xmlns=\"http:\/\/www.w3.org\/2000\/svg\" xmlns:xlink=\"http:\/\/www.w3.org\/1999\/xlink\" width=\"14\" height=\"14\" viewBox=\"0 0 14 14\"><path class=\"qodef-m-horizontal\" d=\"M0,0H14V2H0Z\" transform=\"translate(0 6)\" \/><path class=\"qodef-m-vertical\" d=\"M0,0H2V14H0Z\" transform=\"translate(6)\" \/><\/svg><\/span>\t\t<\/a><\/div>\n\t\t\t\t\t\t<\/div>\n<\/div>\n\t\t\t\t<\/div>\n\t\t\t\t<\/div>\n\t\t\t\t\t<\/div>\n\t\t<\/div>\n\t\t\t\t\t<\/div>\n\t\t<\/section>\n\t\t\t\t<section class=\"elementor-section elementor-top-section elementor-element elementor-element-cbb4b48 qodef-elementor-content-grid elementor-section-boxed elementor-section-height-default elementor-section-height-default\" data-id=\"cbb4b48\" data-element_type=\"section\" data-e-type=\"section\">\n\t\t\t\t\t\t<div class=\"elementor-container elementor-column-gap-default\">\n\t\t\t\t\t<div class=\"elementor-column elementor-col-50 elementor-top-column elementor-element elementor-element-d21e415\" data-id=\"d21e415\" data-element_type=\"column\" data-e-type=\"column\">\n\t\t\t<div class=\"elementor-widget-wrap elementor-element-populated\">\n\t\t\t\t\t\t<div class=\"elementor-element elementor-element-9836690 elementor-widget-tablet__width-inherit elementor-widget elementor-widget-globefarer_core_section_title\" data-id=\"9836690\" data-element_type=\"widget\" data-e-type=\"widget\" data-widget_type=\"globefarer_core_section_title.default\">\n\t\t\t\t<div class=\"elementor-widget-container\">\n\t\t\t\t\t<div class=\"qodef-shortcode qodef-m  qodef-section-title qodef-alignment--left   qodef-appear-animation--no\">\n\t\t\t<h1 class=\"qodef-m-title\" >\n\t\t\t\t\tX\u0259rit\u0259l\u0259rimiz\t\t\t<\/h1>\n\t\t<\/div>\n\t\t\t\t<\/div>\n\t\t\t\t<\/div>\n\t\t\t\t\t<\/div>\n\t\t<\/div>\n\t\t\t\t<div class=\"elementor-column elementor-col-50 elementor-top-column elementor-element elementor-element-0852868\" data-id=\"0852868\" data-element_type=\"column\" data-e-type=\"column\">\n\t\t\t<div class=\"elementor-widget-wrap\">\n\t\t\t\t\t\t\t<\/div>\n\t\t<\/div>\n\t\t\t\t\t<\/div>\n\t\t<\/section>\n\t\t\t\t<section class=\"elementor-section elementor-top-section elementor-element elementor-element-1726624 qodef-elementor-content-grid elementor-section-boxed elementor-section-height-default elementor-section-height-default\" data-id=\"1726624\" data-element_type=\"section\" data-e-type=\"section\">\n\t\t\t\t\t\t<div class=\"elementor-container elementor-column-gap-default\">\n\t\t\t\t\t<div class=\"elementor-column elementor-col-50 elementor-top-column elementor-element elementor-element-f48db5b\" data-id=\"f48db5b\" data-element_type=\"column\" data-e-type=\"column\" data-settings=\"{&quot;background_background&quot;:&quot;classic&quot;}\">\n\t\t\t<div class=\"elementor-widget-wrap\">\n\t\t\t\t\t\t\t<\/div>\n\t\t<\/div>\n\t\t\t\t<div class=\"elementor-column elementor-col-50 elementor-top-column elementor-element elementor-element-dd15e87 elementor-invisible\" data-id=\"dd15e87\" data-element_type=\"column\" data-e-type=\"column\" data-settings=\"{&quot;animation&quot;:&quot;slideInRight&quot;}\">\n\t\t\t<div class=\"elementor-widget-wrap elementor-element-populated\">\n\t\t\t\t\t\t<div class=\"elementor-element elementor-element-b66ef73 elementor-widget__width-initial elementor-widget-tablet__width-inherit elementor-widget elementor-widget-globefarer_core_call_to_action\" data-id=\"b66ef73\" data-element_type=\"widget\" data-e-type=\"widget\" data-widget_type=\"globefarer_core_call_to_action.default\">\n\t\t\t\t<div class=\"elementor-widget-container\">\n\t\t\t\t\t<div class=\"qodef-shortcode qodef-m  qodef-call-to-action qodef-layout--standard qodef-appear-animation--yes\">\n\t<div class=\"qodef-m-content\">\n    <div class=\"qodef-m-content-mask\">\n        \t<h6 class=\"qodef-m-tagline\">\n\t\tM\u00fcxt\u0259lif x\u0259rit\u0259l\u0259r\t<\/h6>\n\t<h3 class=\"qodef-m-title\">\n\t\tD\u0259mir yol n\u0259qliyyat\u0131n\u0131 \u0259hat\u0259 ed\u0259 bil\u0259c\u0259k ist\u0259nil\u0259n x\u0259rit\u0259 \t<\/h3>\n    <\/div>\n<\/div>\n<div class=\"qodef-m-button-mask\">\n    \t<a class=\"qodef-shortcode qodef-m qodef-m-button qodef-button qodef-layout--filled  qodef-html--link\" href=\"https:\/\/artway.az\/x%c9%99rit%c9%99l%c9%99rimiz\/\" target=\"_self\"  >\t\t\t<span class=\"qodef-m-button-icon\"><svg class=\"qodef-svg--plus\" xmlns=\"http:\/\/www.w3.org\/2000\/svg\" xmlns:xlink=\"http:\/\/www.w3.org\/1999\/xlink\" width=\"14\" height=\"14\" viewBox=\"0 0 14 14\"><path class=\"qodef-m-horizontal\" d=\"M0,0H14V2H0Z\" transform=\"translate(0 6)\" \/><path class=\"qodef-m-vertical\" d=\"M0,0H2V14H0Z\" transform=\"translate(6)\" \/><\/svg><\/span>\t\t\t\t<span class=\"qodef-m-button-text\">Daha \u018ftrafl\u0131<\/span>\t<\/a><\/div>\n<\/div>\n\t\t\t\t<\/div>\n\t\t\t\t<\/div>\n\t\t\t\t\t<\/div>\n\t\t<\/div>\n\t\t\t\t\t<\/div>\n\t\t<\/section>\n\t\t\t\t<\/div>\n\t\t","protected":false},"excerpt":{"rendered":"<p>Faydal\u0131 \u0130zahl\u0131 n\u0259qliyyat-logistika terminl\u0259ri l\u00fc\u011f\u0259ti Y\u00fck da\u015f\u0131malar\u0131n tarifl\u0259rini t\u0259\u015fkil ed\u0259n s\u0259n\u0259dl\u0259r Beynalxalq Ticar\u0259t S\u00f6vd\u0259l\u0259\u015fm\u0259si (\u0130nkoterms) M\u00fcxt\u0259lif d\u0259mir yolu rels enl\u0259ri haqq\u0131nda L\u00fc\u011f\u0259t \u0130zahl\u0131 n\u0259qliyyat-logistika terminl\u0259ri l\u00fc\u011f\u0259ti Daha \u018ftrafl\u0131 S\u0259n\u0259dl\u0259r \u0130nkoterms Relsl\u0259r D\u0259miryolu n\u0259qliyyat\u0131nda relsl\u0259rin en \u00f6l\u00e7\u00fcs\u00fcn\u00fc, rels ba\u015fl\u0131qlar\u0131n\u0131n daxili k\u0259narlar\u0131n\u0131 \u0259hat\u0259 ed\u0259n m\u0259saf\u0259 t\u0259\u015fkil edir. Bir \u00e7ox s\u0259b\u0259bl\u0259r\u0259 g\u00f6r\u0259 d\u00fcnyan\u0131n ayr\u0131-ayr\u0131 \u00f6lk\u0259l\u0259rind\u0259 relsl\u0259r aras\u0131ndak\u0131 en [&hellip;]<\/p>\n","protected":false},"author":1,"featured_media":0,"parent":0,"menu_order":0,"comment_status":"closed","ping_status":"closed","template":"page-full-width.php","meta":{"footnotes":""},"class_list":["post-18","page","type-page","status-publish","hentry"],"_links":{"self":[{"href":"https:\/\/artway.az\/index.php?rest_route=\/wp\/v2\/pages\/18","targetHints":{"allow":["GET"]}}],"collection":[{"href":"https:\/\/artway.az\/index.php?rest_route=\/wp\/v2\/pages"}],"about":[{"href":"https:\/\/artway.az\/index.php?rest_route=\/wp\/v2\/types\/page"}],"author":[{"embeddable":true,"href":"https:\/\/artway.az\/index.php?rest_route=\/wp\/v2\/users\/1"}],"replies":[{"embeddable":true,"href":"https:\/\/artway.az\/index.php?rest_route=%2Fwp%2Fv2%2Fcomments&post=18"}],"version-history":[{"count":93,"href":"https:\/\/artway.az\/index.php?rest_route=\/wp\/v2\/pages\/18\/revisions"}],"predecessor-version":[{"id":12239,"href":"https:\/\/artway.az\/index.php?rest_route=\/wp\/v2\/pages\/18\/revisions\/12239"}],"wp:attachment":[{"href":"https:\/\/artway.az\/index.php?rest_route=%2Fwp%2Fv2%2Fmedia&parent=18"}],"curies":[{"name":"wp","href":"https:\/\/api.w.org\/{rel}","templated":true}]}}