{"id":28,"date":"2023-01-21T09:52:40","date_gmt":"2023-01-21T09:52:40","guid":{"rendered":"https:\/\/artway.az\/?page_id=28"},"modified":"2023-05-04T19:41:38","modified_gmt":"2023-05-04T19:41:38","slug":"z%c9%99ng%c9%99zur","status":"publish","type":"page","link":"https:\/\/artway.az\/?page_id=28","title":{"rendered":"Z\u0259ng\u0259zur"},"content":{"rendered":"\t\t<div data-elementor-type=\"wp-page\" data-elementor-id=\"28\" class=\"elementor elementor-28\">\n\t\t\t\t\t\t<section class=\"elementor-section elementor-top-section elementor-element elementor-element-f254480 elementor-section-full_width elementor-section-height-min-height elementor-section-items-stretch elementor-section-height-default qodef-elementor-content-no\" data-id=\"f254480\" data-element_type=\"section\" data-e-type=\"section\">\n\t\t\t\t\t\t<div class=\"elementor-container elementor-column-gap-default\">\n\t\t\t\t\t<div class=\"elementor-column elementor-col-100 elementor-top-column elementor-element elementor-element-a01c330\" data-id=\"a01c330\" data-element_type=\"column\" data-e-type=\"column\">\n\t\t\t<div class=\"elementor-widget-wrap elementor-element-populated\">\n\t\t\t\t\t\t<div class=\"elementor-element elementor-element-766ccd6 elementor-widget elementor-widget-slider_revolution\" data-id=\"766ccd6\" data-element_type=\"widget\" data-e-type=\"widget\" data-widget_type=\"slider_revolution.default\">\n\t\t\t\t<div class=\"elementor-widget-container\">\n\t\t\t\t\t\n\t\t<div class=\"wp-block-themepunch-revslider\">\n\t\t\t<!-- START Zengezur REVOLUTION SLIDER 6.6.3 --><p class=\"rs-p-wp-fix\"><\/p>\n\t\t\t<rs-module-wrap id=\"rev_slider_15_1_wrapper\" data-source=\"gallery\" style=\"visibility:hidden;background:transparent;padding:0;margin:0px auto;margin-top:0;margin-bottom:0;\">\n\t\t\t\t<rs-module id=\"rev_slider_15_1\" style=\"\" data-version=\"6.6.3\">\n\t\t\t\t\t<rs-slides style=\"overflow: hidden; position: absolute;\">\n\t\t\t\t\t\t<rs-slide style=\"position: absolute;\" data-key=\"rs-33\" data-title=\"Slide\" data-in=\"o:0;\" data-out=\"a:false;\">\n\t\t\t\t\t\t\t<img decoding=\"async\" src=\"\/\/artway.az\/wp-content\/plugins\/revslider\/public\/assets\/assets\/dummy.png\" alt=\"Slide\" title=\"Z\u0259ng\u0259zur\" class=\"rev-slidebg tp-rs-img rs-lazyload\" data-lazyload=\"\/\/artway.az\/wp-content\/plugins\/revslider\/public\/assets\/assets\/transparent.png\" data-no-retina>\n<!--\n\t\t\t\t\t\t\t--><rs-layer\n\t\t\t\t\t\t\t\tid=\"slider-15-slide-33-layer-0\" \n\t\t\t\t\t\t\t\tdata-type=\"text\"\n\t\t\t\t\t\t\t\tdata-color=\"#ffffff\"\n\t\t\t\t\t\t\t\tdata-rsp_ch=\"on\"\n\t\t\t\t\t\t\t\tdata-xy=\"x:16px;y:360px;\"\n\t\t\t\t\t\t\t\tdata-text=\"w:normal;s:47;l:59;\"\n\t\t\t\t\t\t\t\tdata-dim=\"w:768;\"\n\t\t\t\t\t\t\t\tdata-frame_999=\"o:0;st:w;sR:8700;\"\n\t\t\t\t\t\t\t\tstyle=\"z-index:7;font-family:'Montserrat';\"\n\t\t\t\t\t\t\t>Z\u018fNG\u018fZUR N\u018fQL\u0130YYAT D\u018fHL\u0130Z\u0130 \n\t\t\t\t\t\t\t<\/rs-layer><!--\n\n\t\t\t\t\t\t\t--><rs-layer\n\t\t\t\t\t\t\t\tid=\"slider-15-slide-33-layer-4\" \n\t\t\t\t\t\t\t\tclass=\"rs-layer-video intrinsic-ignore\"\n\t\t\t\t\t\t\t\tdata-type=\"video\"\n\t\t\t\t\t\t\t\tdata-rsp_ch=\"on\"\n\t\t\t\t\t\t\t\tdata-xy=\"x:c;y:c;\"\n\t\t\t\t\t\t\t\tdata-text=\"w:normal;\"\n\t\t\t\t\t\t\t\tdata-dim=\"w:1920px;h:1080px;\"\n\t\t\t\t\t\t\t\tdata-video=\"vfc:true;vd:100;l:true;ptimer:false;nse:f;\"\n\t\t\t\t\t\t\t\tdata-poster=\"\/\/artway.az\/wp-content\/uploads\/revslider\/video-media\/Exceptional-East-of-England-Train-Journey-Relaxing-4K-Drivers-View-Norwich-E28093-Cromer-1_30_layer.jpeg\"\n\t\t\t\t\t\t\t\tdata-mp4=\"\/\/artway.az\/wp-content\/uploads\/2023\/02\/Exceptional-East-of-England-Train-Journey-Relaxing-4K-Drivers-View-Norwich-\u2013-Cromer-1.mp4\"\n\t\t\t\t\t\t\t\tdata-frame_1=\"sp:1750;\"\n\t\t\t\t\t\t\t\tdata-frame_999=\"o:0;st:w;sR:7250;\"\n\t\t\t\t\t\t\t\tstyle=\"z-index:6;\"\n\t\t\t\t\t\t\t>\n\t\t\t\t\t\t\t<\/rs-layer><!--\n-->\t\t\t\t\t\t<\/rs-slide>\n\t\t\t\t\t<\/rs-slides>\n\t\t\t\t<\/rs-module>\n\t\t\t\t<script>\n\t\t\t\t\tsetREVStartSize({c: 'rev_slider_15_1',rl:[1240,1024,778,480],el:[528],gw:[1240],gh:[528],type:'standard',justify:'',layout:'fullwidth',mh:\"0\"});if (window.RS_MODULES!==undefined && window.RS_MODULES.modules!==undefined && window.RS_MODULES.modules[\"revslider151\"]!==undefined) {window.RS_MODULES.modules[\"revslider151\"].once = false;window.revapi15 = undefined;if (window.RS_MODULES.checkMinimal!==undefined) window.RS_MODULES.checkMinimal()}\n\t\t\t\t<\/script>\n\t\t\t<\/rs-module-wrap>\n\t\t\t<!-- END REVOLUTION SLIDER -->\n<\/div>\n\n\t\t\t\t\t\t<\/div>\n\t\t\t\t<\/div>\n\t\t\t\t\t<\/div>\n\t\t<\/div>\n\t\t\t\t\t<\/div>\n\t\t<\/section>\n\t\t\t\t<section class=\"elementor-section elementor-top-section elementor-element elementor-element-054be35 elementor-section-full_width elementor-reverse-tablet elementor-reverse-mobile qodef-elementor-content-grid elementor-section-height-default elementor-section-height-default\" data-id=\"054be35\" data-element_type=\"section\" data-e-type=\"section\" data-settings=\"{&quot;background_background&quot;:&quot;classic&quot;}\">\n\t\t\t\t\t\t<div class=\"elementor-container elementor-column-gap-no\">\n\t\t\t\t\t<div class=\"elementor-column elementor-col-100 elementor-top-column elementor-element elementor-element-98c8728\" data-id=\"98c8728\" data-element_type=\"column\" data-e-type=\"column\">\n\t\t\t<div class=\"elementor-widget-wrap elementor-element-populated\">\n\t\t\t\t\t\t<div class=\"elementor-element elementor-element-5a99d98 elementor-widget elementor-widget-image\" data-id=\"5a99d98\" data-element_type=\"widget\" data-e-type=\"widget\" data-widget_type=\"image.default\">\n\t\t\t\t<div class=\"elementor-widget-container\">\n\t\t\t\t\t\t\t\t\t\t\t\t\t\t\t<img fetchpriority=\"high\" decoding=\"async\" width=\"1024\" height=\"667\" src=\"https:\/\/artway.az\/wp-content\/uploads\/2023\/05\/az-xerite-100-1-1024x667.jpg\" class=\"attachment-large size-large wp-image-14141\" alt=\"\" srcset=\"https:\/\/artway.az\/wp-content\/uploads\/2023\/05\/az-xerite-100-1-1024x667.jpg 1024w, https:\/\/artway.az\/wp-content\/uploads\/2023\/05\/az-xerite-100-1-300x195.jpg 300w, https:\/\/artway.az\/wp-content\/uploads\/2023\/05\/az-xerite-100-1-768x500.jpg 768w, https:\/\/artway.az\/wp-content\/uploads\/2023\/05\/az-xerite-100-1-1536x1001.jpg 1536w, https:\/\/artway.az\/wp-content\/uploads\/2023\/05\/az-xerite-100-1-2048x1334.jpg 2048w\" sizes=\"(max-width: 1024px) 100vw, 1024px\" \/>\t\t\t\t\t\t\t\t\t\t\t\t\t\t\t<\/div>\n\t\t\t\t<\/div>\n\t\t\t\t\t<\/div>\n\t\t<\/div>\n\t\t\t\t\t<\/div>\n\t\t<\/section>\n\t\t\t\t<section class=\"elementor-section elementor-top-section elementor-element elementor-element-312f66c elementor-section-full_width elementor-reverse-tablet elementor-reverse-mobile qodef-elementor-content-grid elementor-section-height-default elementor-section-height-default elementor-invisible\" data-id=\"312f66c\" data-element_type=\"section\" data-e-type=\"section\" data-settings=\"{&quot;background_background&quot;:&quot;classic&quot;,&quot;animation&quot;:&quot;slideInUp&quot;}\">\n\t\t\t\t\t\t<div class=\"elementor-container elementor-column-gap-no\">\n\t\t\t\t\t<div class=\"elementor-column elementor-col-100 elementor-top-column elementor-element elementor-element-8f09f36\" data-id=\"8f09f36\" data-element_type=\"column\" data-e-type=\"column\">\n\t\t\t<div class=\"elementor-widget-wrap elementor-element-populated\">\n\t\t\t\t\t\t<section class=\"elementor-section elementor-inner-section elementor-element elementor-element-2849cd2 elementor-section-boxed elementor-section-height-default elementor-section-height-default qodef-elementor-content-no\" data-id=\"2849cd2\" data-element_type=\"section\" data-e-type=\"section\">\n\t\t\t\t\t\t<div class=\"elementor-container elementor-column-gap-default\">\n\t\t\t\t\t<div class=\"elementor-column elementor-col-50 elementor-inner-column elementor-element elementor-element-5fb3edf\" data-id=\"5fb3edf\" data-element_type=\"column\" data-e-type=\"column\">\n\t\t\t<div class=\"elementor-widget-wrap elementor-element-populated\">\n\t\t\t\t\t\t<div class=\"elementor-element elementor-element-18332cd elementor-widget elementor-widget-globefarer_core_list_items\" data-id=\"18332cd\" data-element_type=\"widget\" data-e-type=\"widget\" data-widget_type=\"globefarer_core_list_items.default\">\n\t\t\t\t<div class=\"elementor-widget-container\">\n\t\t\t\t\t<div class=\"qodef-shortcode qodef-m  qodef-list-items qodef-layout--bulleted-list \">\n\t\t\t\t<ul class=\"qodef-m-list\">\n\t\t\t\t\t\t\t\t<li class=\"qodef-m-list-item\" style=\"color: #B7B7B7\">\n\t<span class=\"qodef-m-list-marker\">\n\t<svg class=\"qodef-svg--tick qodef-m-list-item-marker\" xmlns=\"http:\/\/www.w3.org\/2000\/svg\" width=\"16.971\" height=\"12.728\" viewBox=\"0 0 16.971 12.728\"><g transform=\"translate(-766.793 -1747.429)\"><rect width=\"16\" height=\"2\" transform=\"translate(771.035 1758.743) rotate(-45)\"\/><rect width=\"2\" height=\"8\" transform=\"translate(773.864 1758.743) rotate(135)\"\/><\/g><\/svg><\/span>\n\t<h4 class=\"qodef-m-list-item-inner\">\n\t\t\t\t\t\t<span class=\"qodef-m-list-text\">\n\t\tD\u0259hliz Az\u0259rbaycan\u0131 T\u00fcrkiy\u0259 v\u0259 Avropa \u00f6lk\u0259l\u0259ri, el\u0259c\u0259 d\u0259 M\u0259rk\u0259zi Asiya \u00f6lk\u0259l\u0259ri il\u0259 birl\u0259\u015fdir\u0259c\u0259k.\t<\/span>\n\t\t\t<\/h4>\n<\/li>\n\t\t\t\t<\/ul>\n\t<\/div>\n\t\t\t\t<\/div>\n\t\t\t\t<\/div>\n\t\t\t\t\t<\/div>\n\t\t<\/div>\n\t\t\t\t<div class=\"elementor-column elementor-col-50 elementor-inner-column elementor-element elementor-element-00d88a8\" data-id=\"00d88a8\" data-element_type=\"column\" data-e-type=\"column\">\n\t\t\t<div class=\"elementor-widget-wrap elementor-element-populated\">\n\t\t\t\t\t\t<div class=\"elementor-element elementor-element-fd28adc elementor-widget elementor-widget-globefarer_core_list_items\" data-id=\"fd28adc\" data-element_type=\"widget\" data-e-type=\"widget\" data-widget_type=\"globefarer_core_list_items.default\">\n\t\t\t\t<div class=\"elementor-widget-container\">\n\t\t\t\t\t<div class=\"qodef-shortcode qodef-m  qodef-list-items qodef-layout--bulleted-list \">\n\t\t\t\t<ul class=\"qodef-m-list\">\n\t\t\t\t\t\t\t\t<li class=\"qodef-m-list-item\" style=\"color: #B7B7B7\">\n\t<span class=\"qodef-m-list-marker\">\n\t<svg class=\"qodef-svg--tick qodef-m-list-item-marker\" xmlns=\"http:\/\/www.w3.org\/2000\/svg\" width=\"16.971\" height=\"12.728\" viewBox=\"0 0 16.971 12.728\"><g transform=\"translate(-766.793 -1747.429)\"><rect width=\"16\" height=\"2\" transform=\"translate(771.035 1758.743) rotate(-45)\"\/><rect width=\"2\" height=\"8\" transform=\"translate(773.864 1758.743) rotate(135)\"\/><\/g><\/svg><\/span>\n\t<h4 class=\"qodef-m-list-item-inner\">\n\t\t\t\t\t\t<span class=\"qodef-m-list-text\">\n\t\tQ\u0259dim ke\u00e7mi\u015fi olan Az\u0259rbaycan, Tarixi \u0130p\u0259k Yolunun b\u0259rpas\u0131nda b\u00f6y\u00fck g\u00fcc\u0259 sahibdir. H\u0259yata ke\u00e7iril\u0259n layih\u0259l\u0259r, \u0259m\u0259kda\u015fl\u0131qlar, geni\u015fmiqyasl\u0131 m\u00fcqavil\u0259l\u0259r tranzit \u00f6lk\u0259 kimi tan\u0131nma\u011f\u0131m\u0131za z\u0259min yaratd\u0131. 44 g\u00fcnl\u00fck \u0259z\u0259m\u0259tli q\u0259l\u0259b\u0259 is\u0259 n\u0259inki regionda, el\u0259c\u0259 d\u0259, d\u00fcnyada bizi, g\u00fcc m\u0259rk\u0259zind\u0259ki \u00f6lk\u0259l\u0259rd\u0259n birin\u0259 \u00e7evirdi. Torpaqlar\u0131m\u0131z\u0131n i\u015f\u011faldan azad olunmas\u0131 n\u0259qliyyat d\u0259hlizl\u0259rinin h\u0259min \u0259razid\u0259n ke\u00e7m\u0259sin\u0259 imkan yaratd\u0131. \u0130\u015f\u011faldan azad edilmi\u015f \u0259razil\u0259rimizd\u0259 d\u0259mir yollar\u0131n\u0131n b\u0259rpas\u0131yla yana\u015f\u0131, Z\u0259ng\u0259zur d\u0259hlizinin d\u0259, t\u0259m\u0259li at\u0131ld\u0131. B\u00fct\u00fcn bu at\u0131lan add\u0131mlar beyn\u0259lxalq n\u0259qliyyat sisteminin yenid\u0259n formala\u015fd\u0131r\u0131lmas\u0131na t\u0259kan verir. Z\u0259ng\u0259zur d\u0259hlizi, t\u0259kc\u0259 Az\u0259rbaycan\u0131 T\u00fcrkiy\u0259 il\u0259 birl\u0259\u015fdirm\u0259y\u0259c\u0259k, h\u0259m\u00e7inin Avropa \u00f6lk\u0259l\u0259ri il\u0259 M\u0259rk\u0259zi Asiya \u00f6lk\u0259l\u0259ri aras\u0131nda k\u00f6rp\u00fc rolunu oynayacaq. D\u00fcnya iqtisadiyyat\u0131n\u0131n \u0259saslar\u0131ndan biri say\u0131lan \u00c7ind\u0259n g\u0259l\u0259n y\u00fckl\u0259rin M\u0259rk\u0259zi Asiya mar\u015frutu il\u0259 da\u015f\u0131nmas\u0131 potensial\u0131 el\u0259c\u0259 d\u0259, S\u00fcvey\u015f kanal\u0131ndan ke\u00e7\u0259n d\u0259niz n\u0259qliyyat yoluna alternativ n\u0259qliyyat d\u0259hlizinin formala\u015fd\u0131r\u0131lmas\u0131 Az\u0259rbaycan\u0131n, eyni zamanda  Z\u0259ng\u0259zur d\u0259hlizinin vacib n\u0259qliyyat arteriyas\u0131na \u00e7evrilm\u0259sin\u0259 \u015f\u0259rait yaradacaq. 2021-ci ilin fevral ay\u0131nda Az\u0259rbaycan Prezidentinin t\u0259m\u0259lini atd\u0131\u011f\u0131 Z\u0259ng\u0259zur d\u0259hlizinin t\u0259rkib hiss\u0259si olan Horadiz-A\u011fb\u0259nd d\u0259mir yolu x\u0259ttinin uzunlu\u011fu 110,4 kilometrdir. \u00dc\u00e7 m\u0259rh\u0259l\u0259d\u0259 apar\u0131lan d\u0259mir yolu x\u0259ttinin tikintisi minat\u0259mizl\u0259m\u0259 i\u015fl\u0259riyl\u0259 b\u0259rab\u0259r h\u0259yata ke\u00e7irilir. D\u0259hlizin 2023-c\u00fc ild\u0259 istifad\u0259y\u0259 verilm\u0259si planla\u015fd\u0131r\u0131l\u0131r. \t<\/span>\n\t\t\t<\/h4>\n<\/li>\n\t\t\t\t<\/ul>\n\t<\/div>\n\t\t\t\t<\/div>\n\t\t\t\t<\/div>\n\t\t\t\t\t<\/div>\n\t\t<\/div>\n\t\t\t\t\t<\/div>\n\t\t<\/section>\n\t\t\t\t\t<\/div>\n\t\t<\/div>\n\t\t\t\t\t<\/div>\n\t\t<\/section>\n\t\t\t\t<\/div>\n\t\t","protected":false},"excerpt":{"rendered":"<p>D\u0259hliz Az\u0259rbaycan\u0131 T\u00fcrkiy\u0259 v\u0259 Avropa \u00f6lk\u0259l\u0259ri, el\u0259c\u0259 d\u0259 M\u0259rk\u0259zi Asiya \u00f6lk\u0259l\u0259ri il\u0259 birl\u0259\u015fdir\u0259c\u0259k. Q\u0259dim ke\u00e7mi\u015fi olan Az\u0259rbaycan, Tarixi \u0130p\u0259k Yolunun b\u0259rpas\u0131nda b\u00f6y\u00fck g\u00fcc\u0259 sahibdir. H\u0259yata ke\u00e7iril\u0259n layih\u0259l\u0259r, \u0259m\u0259kda\u015fl\u0131qlar, geni\u015fmiqyasl\u0131 m\u00fcqavil\u0259l\u0259r tranzit \u00f6lk\u0259 kimi tan\u0131nma\u011f\u0131m\u0131za z\u0259min yaratd\u0131. 44 g\u00fcnl\u00fck \u0259z\u0259m\u0259tli q\u0259l\u0259b\u0259 is\u0259 n\u0259inki regionda, el\u0259c\u0259 d\u0259, d\u00fcnyada bizi, g\u00fcc m\u0259rk\u0259zind\u0259ki \u00f6lk\u0259l\u0259rd\u0259n birin\u0259 \u00e7evirdi. Torpaqlar\u0131m\u0131z\u0131n i\u015f\u011faldan azad [&hellip;]<\/p>\n","protected":false},"author":1,"featured_media":0,"parent":0,"menu_order":0,"comment_status":"closed","ping_status":"closed","template":"page-full-width.php","meta":{"footnotes":""},"class_list":["post-28","page","type-page","status-publish","hentry"],"_links":{"self":[{"href":"https:\/\/artway.az\/index.php?rest_route=\/wp\/v2\/pages\/28","targetHints":{"allow":["GET"]}}],"collection":[{"href":"https:\/\/artway.az\/index.php?rest_route=\/wp\/v2\/pages"}],"about":[{"href":"https:\/\/artway.az\/index.php?rest_route=\/wp\/v2\/types\/page"}],"author":[{"embeddable":true,"href":"https:\/\/artway.az\/index.php?rest_route=\/wp\/v2\/users\/1"}],"replies":[{"embeddable":true,"href":"https:\/\/artway.az\/index.php?rest_route=%2Fwp%2Fv2%2Fcomments&post=28"}],"version-history":[{"count":37,"href":"https:\/\/artway.az\/index.php?rest_route=\/wp\/v2\/pages\/28\/revisions"}],"predecessor-version":[{"id":14171,"href":"https:\/\/artway.az\/index.php?rest_route=\/wp\/v2\/pages\/28\/revisions\/14171"}],"wp:attachment":[{"href":"https:\/\/artway.az\/index.php?rest_route=%2Fwp%2Fv2%2Fmedia&parent=28"}],"curies":[{"name":"wp","href":"https:\/\/api.w.org\/{rel}","templated":true}]}}