{"id":34,"date":"2023-01-21T09:54:04","date_gmt":"2023-01-21T09:54:04","guid":{"rendered":"https:\/\/artway.az\/?page_id=34"},"modified":"2023-05-04T19:52:48","modified_gmt":"2023-05-04T19:52:48","slug":"t%c9%99r%c9%99fdaslar","status":"publish","type":"page","link":"https:\/\/artway.az\/?page_id=34","title":{"rendered":"T\u0259r\u0259fda\u015flar"},"content":{"rendered":"\t\t<div data-elementor-type=\"wp-page\" data-elementor-id=\"34\" class=\"elementor elementor-34\">\n\t\t\t\t\t\t<section class=\"elementor-section elementor-top-section elementor-element elementor-element-f2c5ecf elementor-section-full_width elementor-section-height-default elementor-section-height-default qodef-elementor-content-no\" data-id=\"f2c5ecf\" data-element_type=\"section\" data-e-type=\"section\">\n\t\t\t\t\t\t<div class=\"elementor-container elementor-column-gap-no\">\n\t\t\t\t\t<div class=\"elementor-column elementor-col-25 elementor-top-column elementor-element elementor-element-0ff8f48 elementor-invisible\" data-id=\"0ff8f48\" data-element_type=\"column\" data-e-type=\"column\" data-settings=\"{&quot;animation&quot;:&quot;fadeInLeft&quot;}\">\n\t\t\t<div class=\"elementor-widget-wrap elementor-element-populated\">\n\t\t\t\t\t\t<div class=\"elementor-element elementor-element-5f6f674 elementor-widget elementor-widget-globefarer_core_image_with_text\" data-id=\"5f6f674\" data-element_type=\"widget\" data-e-type=\"widget\" data-widget_type=\"globefarer_core_image_with_text.default\">\n\t\t\t\t<div class=\"elementor-widget-container\">\n\t\t\t\t\t<div class=\"qodef-shortcode qodef-m  qodef-image-with-text qodef-layout--text-below \">\n\t<div class=\"qodef-m-image\" style=\"border: 1px solid;border-color: #FFFFFF59\">\n\t\t\t<img fetchpriority=\"high\" decoding=\"async\" width=\"400\" height=\"400\" src=\"https:\/\/artway.az\/wp-content\/uploads\/2023\/02\/logo-4-1.png\" class=\"attachment-full size-full\" alt=\"\" srcset=\"https:\/\/artway.az\/wp-content\/uploads\/2023\/02\/logo-4-1.png 400w, https:\/\/artway.az\/wp-content\/uploads\/2023\/02\/logo-4-1-300x300.png 300w, https:\/\/artway.az\/wp-content\/uploads\/2023\/02\/logo-4-1-150x150.png 150w\" sizes=\"(max-width: 400px) 100vw, 400px\" \/>\t\t\t<\/a>\n\t<\/div>\n\t<div class=\"qodef-m-content\" >\n\t\t\t\t\t\t\t\t\t<\/div>\n<\/div>\n\t\t\t\t<\/div>\n\t\t\t\t<\/div>\n\t\t\t\t\t<\/div>\n\t\t<\/div>\n\t\t\t\t<div class=\"elementor-column elementor-col-25 elementor-top-column elementor-element elementor-element-fca2102 elementor-invisible\" data-id=\"fca2102\" data-element_type=\"column\" data-e-type=\"column\" data-settings=\"{&quot;animation&quot;:&quot;fadeInLeft&quot;}\">\n\t\t\t<div class=\"elementor-widget-wrap elementor-element-populated\">\n\t\t\t\t\t\t<div class=\"elementor-element elementor-element-ecfdfd8 elementor-widget elementor-widget-globefarer_core_image_with_text\" data-id=\"ecfdfd8\" data-element_type=\"widget\" data-e-type=\"widget\" data-widget_type=\"globefarer_core_image_with_text.default\">\n\t\t\t\t<div class=\"elementor-widget-container\">\n\t\t\t\t\t<div class=\"qodef-shortcode qodef-m  qodef-image-with-text qodef-layout--text-below \">\n\t<div class=\"qodef-m-image\" style=\"border: 1px solid;border-color: #FFFFFF59\">\n\t\t\t<img decoding=\"async\" width=\"400\" height=\"400\" data-src=\"https:\/\/artway.az\/wp-content\/uploads\/2023\/02\/logo-6.png\" class=\"attachment-full size-full lazyload\" alt=\"\" data-srcset=\"https:\/\/artway.az\/wp-content\/uploads\/2023\/02\/logo-6.png 400w, https:\/\/artway.az\/wp-content\/uploads\/2023\/02\/logo-6-300x300.png 300w, https:\/\/artway.az\/wp-content\/uploads\/2023\/02\/logo-6-150x150.png 150w\" data-sizes=\"(max-width: 400px) 100vw, 400px\" src=\"data:image\/svg+xml;base64,PHN2ZyB3aWR0aD0iMSIgaGVpZ2h0PSIxIiB4bWxucz0iaHR0cDovL3d3dy53My5vcmcvMjAwMC9zdmciPjwvc3ZnPg==\" style=\"--smush-placeholder-width: 400px; --smush-placeholder-aspect-ratio: 400\/400;\" \/>\t\t\t<\/a>\n\t<\/div>\n\t<div class=\"qodef-m-content\" >\n\t\t\t\t\t\t\t\t\t<\/div>\n<\/div>\n\t\t\t\t<\/div>\n\t\t\t\t<\/div>\n\t\t\t\t\t<\/div>\n\t\t<\/div>\n\t\t\t\t<div class=\"elementor-column elementor-col-25 elementor-top-column elementor-element elementor-element-3f08465 elementor-invisible\" data-id=\"3f08465\" data-element_type=\"column\" data-e-type=\"column\" data-settings=\"{&quot;animation&quot;:&quot;fadeInLeft&quot;}\">\n\t\t\t<div class=\"elementor-widget-wrap elementor-element-populated\">\n\t\t\t\t\t\t<div class=\"elementor-element elementor-element-67e2e36 elementor-widget elementor-widget-globefarer_core_image_with_text\" data-id=\"67e2e36\" data-element_type=\"widget\" data-e-type=\"widget\" data-widget_type=\"globefarer_core_image_with_text.default\">\n\t\t\t\t<div class=\"elementor-widget-container\">\n\t\t\t\t\t<div class=\"qodef-shortcode qodef-m  qodef-image-with-text qodef-layout--text-below \">\n\t<div class=\"qodef-m-image\" style=\"border: 1px solid;border-color: #FFFFFF59\">\n\t\t\t<img decoding=\"async\" width=\"400\" height=\"400\" data-src=\"https:\/\/artway.az\/wp-content\/uploads\/2023\/02\/logo-7.png\" class=\"attachment-full size-full lazyload\" alt=\"\" data-srcset=\"https:\/\/artway.az\/wp-content\/uploads\/2023\/02\/logo-7.png 400w, https:\/\/artway.az\/wp-content\/uploads\/2023\/02\/logo-7-300x300.png 300w, https:\/\/artway.az\/wp-content\/uploads\/2023\/02\/logo-7-150x150.png 150w\" data-sizes=\"(max-width: 400px) 100vw, 400px\" src=\"data:image\/svg+xml;base64,PHN2ZyB3aWR0aD0iMSIgaGVpZ2h0PSIxIiB4bWxucz0iaHR0cDovL3d3dy53My5vcmcvMjAwMC9zdmciPjwvc3ZnPg==\" style=\"--smush-placeholder-width: 400px; --smush-placeholder-aspect-ratio: 400\/400;\" \/>\t\t\t<\/a>\n\t<\/div>\n\t<div class=\"qodef-m-content\" >\n\t\t\t\t\t\t\t\t\t<\/div>\n<\/div>\n\t\t\t\t<\/div>\n\t\t\t\t<\/div>\n\t\t\t\t\t<\/div>\n\t\t<\/div>\n\t\t\t\t<div class=\"elementor-column elementor-col-25 elementor-top-column elementor-element elementor-element-d061911 elementor-invisible\" data-id=\"d061911\" data-element_type=\"column\" data-e-type=\"column\" data-settings=\"{&quot;animation&quot;:&quot;fadeInUp&quot;}\">\n\t\t\t<div class=\"elementor-widget-wrap elementor-element-populated\">\n\t\t\t\t\t\t<div class=\"elementor-element elementor-element-7307918 elementor-widget elementor-widget-globefarer_core_image_with_text\" data-id=\"7307918\" data-element_type=\"widget\" data-e-type=\"widget\" data-widget_type=\"globefarer_core_image_with_text.default\">\n\t\t\t\t<div class=\"elementor-widget-container\">\n\t\t\t\t\t<div class=\"qodef-shortcode qodef-m  qodef-image-with-text qodef-layout--text-below \">\n\t<div class=\"qodef-m-image\" style=\"border: 1px solid;border-color: #FFFFFF59\">\n\t\t\t<img decoding=\"async\" width=\"400\" height=\"400\" data-src=\"https:\/\/artway.az\/wp-content\/uploads\/2023\/02\/logo-8.png\" class=\"attachment-full size-full lazyload\" alt=\"\" data-srcset=\"https:\/\/artway.az\/wp-content\/uploads\/2023\/02\/logo-8.png 400w, https:\/\/artway.az\/wp-content\/uploads\/2023\/02\/logo-8-300x300.png 300w, https:\/\/artway.az\/wp-content\/uploads\/2023\/02\/logo-8-150x150.png 150w\" data-sizes=\"(max-width: 400px) 100vw, 400px\" src=\"data:image\/svg+xml;base64,PHN2ZyB3aWR0aD0iMSIgaGVpZ2h0PSIxIiB4bWxucz0iaHR0cDovL3d3dy53My5vcmcvMjAwMC9zdmciPjwvc3ZnPg==\" style=\"--smush-placeholder-width: 400px; --smush-placeholder-aspect-ratio: 400\/400;\" \/>\t\t\t<\/a>\n\t<\/div>\n\t<div class=\"qodef-m-content\" >\n\t\t\t\t\t\t\t\t\t<\/div>\n<\/div>\n\t\t\t\t<\/div>\n\t\t\t\t<\/div>\n\t\t\t\t\t<\/div>\n\t\t<\/div>\n\t\t\t\t\t<\/div>\n\t\t<\/section>\n\t\t\t\t<section class=\"elementor-section elementor-top-section elementor-element elementor-element-d14eeb6 elementor-section-full_width elementor-section-height-default elementor-section-height-default qodef-elementor-content-no\" data-id=\"d14eeb6\" data-element_type=\"section\" data-e-type=\"section\">\n\t\t\t\t\t\t<div class=\"elementor-container elementor-column-gap-no\">\n\t\t\t\t\t<div class=\"elementor-column elementor-col-25 elementor-top-column elementor-element elementor-element-11fca10 elementor-invisible\" data-id=\"11fca10\" data-element_type=\"column\" data-e-type=\"column\" data-settings=\"{&quot;animation&quot;:&quot;fadeInLeft&quot;}\">\n\t\t\t<div class=\"elementor-widget-wrap elementor-element-populated\">\n\t\t\t\t\t\t<div class=\"elementor-element elementor-element-43e9075 elementor-widget elementor-widget-globefarer_core_image_with_text\" data-id=\"43e9075\" data-element_type=\"widget\" data-e-type=\"widget\" data-widget_type=\"globefarer_core_image_with_text.default\">\n\t\t\t\t<div class=\"elementor-widget-container\">\n\t\t\t\t\t<div class=\"qodef-shortcode qodef-m  qodef-image-with-text qodef-layout--text-below \">\n\t<div class=\"qodef-m-image\" style=\"border: 1px solid;border-color: #FFFFFF59\">\n\t\t\t<img decoding=\"async\" width=\"400\" height=\"400\" data-src=\"https:\/\/artway.az\/wp-content\/uploads\/2023\/02\/logo-1.png\" class=\"attachment-full size-full lazyload\" alt=\"\" data-srcset=\"https:\/\/artway.az\/wp-content\/uploads\/2023\/02\/logo-1.png 400w, https:\/\/artway.az\/wp-content\/uploads\/2023\/02\/logo-1-300x300.png 300w, https:\/\/artway.az\/wp-content\/uploads\/2023\/02\/logo-1-150x150.png 150w\" data-sizes=\"(max-width: 400px) 100vw, 400px\" src=\"data:image\/svg+xml;base64,PHN2ZyB3aWR0aD0iMSIgaGVpZ2h0PSIxIiB4bWxucz0iaHR0cDovL3d3dy53My5vcmcvMjAwMC9zdmciPjwvc3ZnPg==\" style=\"--smush-placeholder-width: 400px; --smush-placeholder-aspect-ratio: 400\/400;\" \/>\t\t\t<\/a>\n\t<\/div>\n\t<div class=\"qodef-m-content\" >\n\t\t\t\t\t\t\t\t\t<\/div>\n<\/div>\n\t\t\t\t<\/div>\n\t\t\t\t<\/div>\n\t\t\t\t\t<\/div>\n\t\t<\/div>\n\t\t\t\t<div class=\"elementor-column elementor-col-25 elementor-top-column elementor-element elementor-element-cca0b83 elementor-invisible\" data-id=\"cca0b83\" data-element_type=\"column\" data-e-type=\"column\" data-settings=\"{&quot;animation&quot;:&quot;fadeInRight&quot;}\">\n\t\t\t<div class=\"elementor-widget-wrap elementor-element-populated\">\n\t\t\t\t\t\t<div class=\"elementor-element elementor-element-29be0e2 elementor-widget elementor-widget-globefarer_core_image_with_text\" data-id=\"29be0e2\" data-element_type=\"widget\" data-e-type=\"widget\" data-widget_type=\"globefarer_core_image_with_text.default\">\n\t\t\t\t<div class=\"elementor-widget-container\">\n\t\t\t\t\t<div class=\"qodef-shortcode qodef-m  qodef-image-with-text qodef-layout--text-below \">\n\t<div class=\"qodef-m-image\" style=\"border: 1px solid;border-color: #FFFFFF59\">\n\t\t\t<img decoding=\"async\" width=\"400\" height=\"400\" data-src=\"https:\/\/artway.az\/wp-content\/uploads\/2023\/02\/logo-3.png\" class=\"attachment-full size-full lazyload\" alt=\"\" data-srcset=\"https:\/\/artway.az\/wp-content\/uploads\/2023\/02\/logo-3.png 400w, https:\/\/artway.az\/wp-content\/uploads\/2023\/02\/logo-3-300x300.png 300w, https:\/\/artway.az\/wp-content\/uploads\/2023\/02\/logo-3-150x150.png 150w\" data-sizes=\"(max-width: 400px) 100vw, 400px\" src=\"data:image\/svg+xml;base64,PHN2ZyB3aWR0aD0iMSIgaGVpZ2h0PSIxIiB4bWxucz0iaHR0cDovL3d3dy53My5vcmcvMjAwMC9zdmciPjwvc3ZnPg==\" style=\"--smush-placeholder-width: 400px; --smush-placeholder-aspect-ratio: 400\/400;\" \/>\t\t\t<\/a>\n\t<\/div>\n\t<div class=\"qodef-m-content\" >\n\t\t\t\t\t\t\t\t\t<\/div>\n<\/div>\n\t\t\t\t<\/div>\n\t\t\t\t<\/div>\n\t\t\t\t\t<\/div>\n\t\t<\/div>\n\t\t\t\t<div class=\"elementor-column elementor-col-25 elementor-top-column elementor-element elementor-element-182a3bb elementor-invisible\" data-id=\"182a3bb\" data-element_type=\"column\" data-e-type=\"column\" data-settings=\"{&quot;animation&quot;:&quot;fadeInDown&quot;}\">\n\t\t\t<div class=\"elementor-widget-wrap elementor-element-populated\">\n\t\t\t\t\t\t<div class=\"elementor-element elementor-element-23b4457 elementor-widget elementor-widget-globefarer_core_image_with_text\" data-id=\"23b4457\" data-element_type=\"widget\" data-e-type=\"widget\" data-widget_type=\"globefarer_core_image_with_text.default\">\n\t\t\t\t<div class=\"elementor-widget-container\">\n\t\t\t\t\t<div class=\"qodef-shortcode qodef-m  qodef-image-with-text qodef-layout--text-below \">\n\t<div class=\"qodef-m-image\" style=\"border: 1px solid;border-color: #FFFFFF59\">\n\t\t\t<img decoding=\"async\" width=\"400\" height=\"400\" data-src=\"https:\/\/artway.az\/wp-content\/uploads\/2023\/02\/logo-2.png\" class=\"attachment-full size-full lazyload\" alt=\"\" data-srcset=\"https:\/\/artway.az\/wp-content\/uploads\/2023\/02\/logo-2.png 400w, https:\/\/artway.az\/wp-content\/uploads\/2023\/02\/logo-2-300x300.png 300w, https:\/\/artway.az\/wp-content\/uploads\/2023\/02\/logo-2-150x150.png 150w\" data-sizes=\"(max-width: 400px) 100vw, 400px\" src=\"data:image\/svg+xml;base64,PHN2ZyB3aWR0aD0iMSIgaGVpZ2h0PSIxIiB4bWxucz0iaHR0cDovL3d3dy53My5vcmcvMjAwMC9zdmciPjwvc3ZnPg==\" style=\"--smush-placeholder-width: 400px; --smush-placeholder-aspect-ratio: 400\/400;\" \/>\t\t\t<\/a>\n\t<\/div>\n\t<div class=\"qodef-m-content\" >\n\t\t\t\t\t\t\t\t\t<\/div>\n<\/div>\n\t\t\t\t<\/div>\n\t\t\t\t<\/div>\n\t\t\t\t\t<\/div>\n\t\t<\/div>\n\t\t\t\t<div class=\"elementor-column elementor-col-25 elementor-top-column elementor-element elementor-element-f9814eb elementor-invisible\" data-id=\"f9814eb\" data-element_type=\"column\" data-e-type=\"column\" data-settings=\"{&quot;animation&quot;:&quot;fadeInRight&quot;}\">\n\t\t\t<div class=\"elementor-widget-wrap elementor-element-populated\">\n\t\t\t\t\t\t<div class=\"elementor-element elementor-element-bfaa046 elementor-widget elementor-widget-globefarer_core_image_with_text\" data-id=\"bfaa046\" data-element_type=\"widget\" data-e-type=\"widget\" data-widget_type=\"globefarer_core_image_with_text.default\">\n\t\t\t\t<div class=\"elementor-widget-container\">\n\t\t\t\t\t<div class=\"qodef-shortcode qodef-m  qodef-image-with-text qodef-layout--text-below \">\n\t<div class=\"qodef-m-image\" style=\"border: 1px solid;border-color: #FFFFFF59\">\n\t\t\t\t\t\t<\/a>\n\t<\/div>\n\t<div class=\"qodef-m-content\" >\n\t\t\t\t\t\t\t\t\t<\/div>\n<\/div>\n\t\t\t\t<\/div>\n\t\t\t\t<\/div>\n\t\t\t\t\t<\/div>\n\t\t<\/div>\n\t\t\t\t\t<\/div>\n\t\t<\/section>\n\t\t\t\t<section class=\"elementor-section elementor-top-section elementor-element elementor-element-f5a9287 elementor-section-full_width qodef-elementor-content-grid qodef-custom-cursor-section elementor-section-height-default elementor-section-height-default elementor-invisible\" data-id=\"f5a9287\" data-element_type=\"section\" data-e-type=\"section\" data-settings=\"{&quot;background_background&quot;:&quot;classic&quot;,&quot;animation&quot;:&quot;fadeInUp&quot;}\">\n\t\t\t\t\t\t<div class=\"elementor-container elementor-column-gap-no\">\n\t\t\t\t\t<div class=\"elementor-column elementor-col-50 elementor-top-column elementor-element elementor-element-1a9e3bf\" data-id=\"1a9e3bf\" data-element_type=\"column\" data-e-type=\"column\">\n\t\t\t<div class=\"elementor-widget-wrap elementor-element-populated\">\n\t\t\t\t\t\t<div class=\"elementor-element elementor-element-1e41d3e elementor-widget-mobile__width-inherit elementor-widget elementor-widget-globefarer_core_contact_info\" data-id=\"1e41d3e\" data-element_type=\"widget\" data-e-type=\"widget\" data-widget_type=\"globefarer_core_contact_info.default\">\n\t\t\t\t<div class=\"elementor-widget-container\">\n\t\t\t\t\t<div class=\"qodef-shortcode qodef-m  qodef-contact-info qodef-layout--type-2 \">\n\t<div class=\"qodef-m-address-email\">\n\t\t\t<div class=\"qodef-m-address\">\n\t\t\t\t<h6 class=\"qodef-m-address-tagline\">\n\t\t\u00dcnvan\u0131m\u0131z:\t<\/h6>\n\t<h5 class=\"qodef-m-address-item\">\tMarine Plaza 13-c\u00fc m\u0259rt\u0259b\u0259\n\u00dc.Hac\u0131b\u0259yov k\u00fc\u00e7.62\t<\/h5>\t\t<\/div>\n\t\t\t\t<div class=\"qodef-m-email\">\n\t\t\t\t<h6 class=\"qodef-m-email-tagline\">\n\t\tElektron po\u00e7t:\t<\/h6>\n\t<h5 class=\"qodef-m-email-item\">\t<a itemprop=\"email\" href=\"mailto:info@artway.az\">\n\t\tinfo@artway.az\t<\/a>\n\t<\/h5>\t\t<\/div>\n\t<\/div>\n<\/div>\n\t\t\t\t<\/div>\n\t\t\t\t<\/div>\n\t\t\t\t\t<\/div>\n\t\t<\/div>\n\t\t\t\t<div class=\"elementor-column elementor-col-50 elementor-top-column elementor-element elementor-element-5b98d8b\" data-id=\"5b98d8b\" data-element_type=\"column\" data-e-type=\"column\">\n\t\t\t<div class=\"elementor-widget-wrap elementor-element-populated\">\n\t\t\t\t\t\t<div class=\"elementor-element elementor-element-435c1e0 elementor-widget elementor-widget-google_maps\" data-id=\"435c1e0\" data-element_type=\"widget\" data-e-type=\"widget\" data-widget_type=\"google_maps.default\">\n\t\t\t\t<div class=\"elementor-widget-container\">\n\t\t\t\t\t\t\t<div class=\"elementor-custom-embed\">\n\t\t\t<iframe\n\t\t\t\t\tdata-src=\"https:\/\/maps.google.com\/maps?q=Marine%20Plaza&#038;t=m&#038;z=16&#038;output=embed&#038;iwloc=near\"\n\t\t\t\t\ttitle=\"Marine Plaza\"\n\t\t\t\t\taria-label=\"Marine Plaza\"\n\t\t\t src=\"data:image\/svg+xml;base64,PHN2ZyB3aWR0aD0iMSIgaGVpZ2h0PSIxIiB4bWxucz0iaHR0cDovL3d3dy53My5vcmcvMjAwMC9zdmciPjwvc3ZnPg==\" class=\"lazyload\" data-load-mode=\"1\"><\/iframe>\n\t\t<\/div>\n\t\t\t\t\t\t<\/div>\n\t\t\t\t<\/div>\n\t\t\t\t\t<\/div>\n\t\t<\/div>\n\t\t\t\t\t<\/div>\n\t\t<\/section>\n\t\t\t\t<\/div>\n\t\t","protected":false},"excerpt":{"rendered":"<p>\u00dcnvan\u0131m\u0131z: Marine Plaza 13-c\u00fc m\u0259rt\u0259b\u0259 \u00dc.Hac\u0131b\u0259yov k\u00fc\u00e7.62 Elektron po\u00e7t: info@artway.az<\/p>\n","protected":false},"author":1,"featured_media":0,"parent":0,"menu_order":0,"comment_status":"closed","ping_status":"closed","template":"page-full-width.php","meta":{"footnotes":""},"class_list":["post-34","page","type-page","status-publish","hentry"],"_links":{"self":[{"href":"https:\/\/artway.az\/index.php?rest_route=\/wp\/v2\/pages\/34","targetHints":{"allow":["GET"]}}],"collection":[{"href":"https:\/\/artway.az\/index.php?rest_route=\/wp\/v2\/pages"}],"about":[{"href":"https:\/\/artway.az\/index.php?rest_route=\/wp\/v2\/types\/page"}],"author":[{"embeddable":true,"href":"https:\/\/artway.az\/index.php?rest_route=\/wp\/v2\/users\/1"}],"replies":[{"embeddable":true,"href":"https:\/\/artway.az\/index.php?rest_route=%2Fwp%2Fv2%2Fcomments&post=34"}],"version-history":[{"count":149,"href":"https:\/\/artway.az\/index.php?rest_route=\/wp\/v2\/pages\/34\/revisions"}],"predecessor-version":[{"id":14192,"href":"https:\/\/artway.az\/index.php?rest_route=\/wp\/v2\/pages\/34\/revisions\/14192"}],"wp:attachment":[{"href":"https:\/\/artway.az\/index.php?rest_route=%2Fwp%2Fv2%2Fmedia&parent=34"}],"curies":[{"name":"wp","href":"https:\/\/api.w.org\/{rel}","templated":true}]}}