{"id":7856,"date":"2023-01-24T12:55:23","date_gmt":"2023-01-24T12:55:23","guid":{"rendered":"https:\/\/artway.az\/?page_id=7856"},"modified":"2023-05-04T19:53:35","modified_gmt":"2023-05-04T19:53:35","slug":"karyera","status":"publish","type":"page","link":"https:\/\/artway.az\/?page_id=7856","title":{"rendered":"Karyera"},"content":{"rendered":"\t\t<div data-elementor-type=\"wp-page\" data-elementor-id=\"7856\" class=\"elementor elementor-7856\">\n\t\t\t\t\t\t<section class=\"elementor-section elementor-top-section elementor-element elementor-element-9639896 elementor-section-full_width elementor-reverse-tablet elementor-reverse-mobile qodef-elementor-content-grid elementor-section-height-default elementor-section-height-default\" data-id=\"9639896\" data-element_type=\"section\" data-e-type=\"section\" data-settings=\"{&quot;background_background&quot;:&quot;classic&quot;}\">\n\t\t\t\t\t\t<div class=\"elementor-container elementor-column-gap-no\">\n\t\t\t\t\t<div class=\"elementor-column elementor-col-50 elementor-top-column elementor-element elementor-element-2e81c56 elementor-invisible\" data-id=\"2e81c56\" data-element_type=\"column\" data-e-type=\"column\" data-settings=\"{&quot;animation&quot;:&quot;fadeInLeft&quot;}\">\n\t\t\t<div class=\"elementor-widget-wrap elementor-element-populated\">\n\t\t\t\t\t\t<div class=\"elementor-element elementor-element-31145f1 elementor-widget elementor-widget-globefarer_core_section_title\" data-id=\"31145f1\" data-element_type=\"widget\" data-e-type=\"widget\" data-widget_type=\"globefarer_core_section_title.default\">\n\t\t\t\t<div class=\"elementor-widget-container\">\n\t\t\t\t\t<div class=\"qodef-shortcode qodef-m  qodef-section-title qodef-alignment--left   qodef-appear-animation--no\">\n\t\t\t<h1 class=\"qodef-m-title\" style=\"color: #FFFFFF\">\n\t\t\t\t\tKaryera\t\t\t<\/h1>\n\t\t<\/div>\n\t\t\t\t<\/div>\n\t\t\t\t<\/div>\n\t\t\t\t<div class=\"elementor-element elementor-element-d274219 elementor-widget elementor-widget-globefarer_core_list_items\" data-id=\"d274219\" data-element_type=\"widget\" data-e-type=\"widget\" data-widget_type=\"globefarer_core_list_items.default\">\n\t\t\t\t<div class=\"elementor-widget-container\">\n\t\t\t\t\t<div class=\"qodef-shortcode qodef-m  qodef-list-items qodef-layout--bulleted-list \">\n\t\t\t\t<ul class=\"qodef-m-list\">\n\t\t\t\t\t\t\t\t<li class=\"qodef-m-list-item\" style=\"color: #FFFFFF\">\n\t<span class=\"qodef-m-list-marker\">\n\t<svg class=\"qodef-svg--tick qodef-m-list-item-marker\" xmlns=\"http:\/\/www.w3.org\/2000\/svg\" width=\"16.971\" height=\"12.728\" viewBox=\"0 0 16.971 12.728\"><g transform=\"translate(-766.793 -1747.429)\"><rect width=\"16\" height=\"2\" transform=\"translate(771.035 1758.743) rotate(-45)\"\/><rect width=\"2\" height=\"8\" transform=\"translate(773.864 1758.743) rotate(135)\"\/><\/g><\/svg><\/span>\n\t<h4 class=\"qodef-m-list-item-inner\">\n\t\t\t\t\t\t<span class=\"qodef-m-list-text\">\n\t\tYenilik\u00e7i fikirl\u0259rin \u0259sas oldu\u011fu \u015firk\u0259timiz\u0259 t\u0259cr\u00fcb\u0259li m\u00fct\u0259x\u0259ssis v\u0259 ixtisasl\u0131 g\u0259ncl\u0259r axtar\u0131r\u0131q. \t<\/span>\n\t\t\t<\/h4>\n<\/li>\n\t\t\t\t\t\t\t\t<li class=\"qodef-m-list-item\" style=\"color: #FFFFFF\">\n\t<span class=\"qodef-m-list-marker\">\n\t<svg class=\"qodef-svg--tick qodef-m-list-item-marker\" xmlns=\"http:\/\/www.w3.org\/2000\/svg\" width=\"16.971\" height=\"12.728\" viewBox=\"0 0 16.971 12.728\"><g transform=\"translate(-766.793 -1747.429)\"><rect width=\"16\" height=\"2\" transform=\"translate(771.035 1758.743) rotate(-45)\"\/><rect width=\"2\" height=\"8\" transform=\"translate(773.864 1758.743) rotate(135)\"\/><\/g><\/svg><\/span>\n\t<h4 class=\"qodef-m-list-item-inner\">\n\t\t\t\t\t\t<span class=\"qodef-m-list-text\">\n\t\tKaryeran\u0131z\u0131n in\u015fas\u0131 \u00fc\u00e7\u00fcn bizi se\u00e7in. \u015eirk\u0259timizd\u0259 ideyalar\u0131n\u0131z d\u0259st\u0259kl\u0259n\u0259c\u0259k, \u0259m\u0259yiniz qar\u015f\u0131l\u0131\u011f\u0131n\u0131 alacaqd\u0131r.\t<\/span>\n\t\t\t<\/h4>\n<\/li>\n\t\t\t\t<\/ul>\n\t<\/div>\n\t\t\t\t<\/div>\n\t\t\t\t<\/div>\n\t\t\t\t\t<\/div>\n\t\t<\/div>\n\t\t\t\t<div class=\"elementor-column elementor-col-50 elementor-top-column elementor-element elementor-element-ab64fc5\" data-id=\"ab64fc5\" data-element_type=\"column\" data-e-type=\"column\">\n\t\t\t<div class=\"elementor-widget-wrap elementor-element-populated\">\n\t\t\t\t\t\t<div class=\"elementor-element elementor-element-0aeddfb elementor-invisible elementor-widget elementor-widget-image\" data-id=\"0aeddfb\" data-element_type=\"widget\" data-e-type=\"widget\" data-settings=\"{&quot;_animation&quot;:&quot;fadeInRight&quot;}\" data-widget_type=\"image.default\">\n\t\t\t\t<div class=\"elementor-widget-container\">\n\t\t\t\t\t\t\t\t\t\t\t\t\t\t\t<img fetchpriority=\"high\" decoding=\"async\" width=\"1024\" height=\"683\" src=\"https:\/\/artway.az\/wp-content\/uploads\/2023\/02\/hunters-race-MYbhN8KaaEc-unsplash-1024x683.jpg\" class=\"attachment-large size-large wp-image-8627\" alt=\"\" srcset=\"https:\/\/artway.az\/wp-content\/uploads\/2023\/02\/hunters-race-MYbhN8KaaEc-unsplash-1024x683.jpg 1024w, https:\/\/artway.az\/wp-content\/uploads\/2023\/02\/hunters-race-MYbhN8KaaEc-unsplash-300x200.jpg 300w, https:\/\/artway.az\/wp-content\/uploads\/2023\/02\/hunters-race-MYbhN8KaaEc-unsplash-768x512.jpg 768w, https:\/\/artway.az\/wp-content\/uploads\/2023\/02\/hunters-race-MYbhN8KaaEc-unsplash-1536x1024.jpg 1536w, https:\/\/artway.az\/wp-content\/uploads\/2023\/02\/hunters-race-MYbhN8KaaEc-unsplash.jpg 1920w\" sizes=\"(max-width: 1024px) 100vw, 1024px\" \/>\t\t\t\t\t\t\t\t\t\t\t\t\t\t\t<\/div>\n\t\t\t\t<\/div>\n\t\t\t\t\t<\/div>\n\t\t<\/div>\n\t\t\t\t\t<\/div>\n\t\t<\/section>\n\t\t\t\t<section class=\"elementor-section elementor-top-section elementor-element elementor-element-6112d47 elementor-section-full_width elementor-section-height-min-height qodef-elementor-content-grid elementor-section-content-middle elementor-section-height-default elementor-section-items-middle\" data-id=\"6112d47\" data-element_type=\"section\" data-e-type=\"section\" data-settings=\"{&quot;background_background&quot;:&quot;classic&quot;}\">\n\t\t\t\t\t\t<div class=\"elementor-container elementor-column-gap-no\">\n\t\t\t\t\t<div class=\"elementor-column elementor-col-100 elementor-top-column elementor-element elementor-element-7f82158\" data-id=\"7f82158\" data-element_type=\"column\" data-e-type=\"column\">\n\t\t\t<div class=\"elementor-widget-wrap elementor-element-populated\">\n\t\t\t\t\t\t<div class=\"elementor-element elementor-element-78c516c elementor-widget__width-initial elementor-widget-tablet__width-initial elementor-widget-mobile__width-inherit animated-slow elementor-invisible elementor-widget elementor-widget-globefarer_core_section_title\" data-id=\"78c516c\" data-element_type=\"widget\" data-e-type=\"widget\" data-settings=\"{&quot;_animation&quot;:&quot;zoomIn&quot;}\" data-widget_type=\"globefarer_core_section_title.default\">\n\t\t\t\t<div class=\"elementor-widget-container\">\n\t\t\t\t\t<div class=\"qodef-shortcode qodef-m  qodef-section-title qodef-alignment--center  qodef-custom-cursor--enabled qodef-appear-animation--no\">\n\t\t\t<h2 class=\"qodef-m-title\" >\n\t\t\t\t\tSiz \u00f6z CV-nizi info@artway.az g\u00f6nd\u0259rm\u0259kl\u0259 bizim kollektivimizin \u00fczv\u00fc ola bil\u0259rsiniz.\t\t\t<\/h2>\n\t\t<\/div>\n\t\t\t\t<\/div>\n\t\t\t\t<\/div>\n\t\t\t\t\t<\/div>\n\t\t<\/div>\n\t\t\t\t\t<\/div>\n\t\t<\/section>\n\t\t\t\t<section class=\"elementor-section elementor-top-section elementor-element elementor-element-22393a1 elementor-section-full_width qodef-elementor-content-grid qodef-custom-cursor-section elementor-section-height-default elementor-section-height-default\" data-id=\"22393a1\" data-element_type=\"section\" data-e-type=\"section\" data-settings=\"{&quot;background_background&quot;:&quot;classic&quot;}\">\n\t\t\t\t\t\t<div class=\"elementor-container elementor-column-gap-no\">\n\t\t\t\t\t<div class=\"elementor-column elementor-col-50 elementor-top-column elementor-element elementor-element-8eeb917\" data-id=\"8eeb917\" data-element_type=\"column\" data-e-type=\"column\">\n\t\t\t<div class=\"elementor-widget-wrap elementor-element-populated\">\n\t\t\t\t\t\t<div class=\"elementor-element elementor-element-5302cff elementor-widget-mobile__width-inherit elementor-widget elementor-widget-globefarer_core_contact_info\" data-id=\"5302cff\" data-element_type=\"widget\" data-e-type=\"widget\" data-widget_type=\"globefarer_core_contact_info.default\">\n\t\t\t\t<div class=\"elementor-widget-container\">\n\t\t\t\t\t<div class=\"qodef-shortcode qodef-m  qodef-contact-info qodef-layout--type-2 \">\n\t<div class=\"qodef-m-address-email\">\n\t\t\t<div class=\"qodef-m-address\">\n\t\t\t\t<h6 class=\"qodef-m-address-tagline\">\n\t\t\u00dcnvan\u0131m\u0131z:\t<\/h6>\n\t<h5 class=\"qodef-m-address-item\">\tMarine Plaza 13-c\u00fc m\u0259rt\u0259b\u0259\n\u00dc.Hac\u0131b\u0259yov k\u00fc\u00e7.62\t<\/h5>\t\t<\/div>\n\t\t\t\t<div class=\"qodef-m-email\">\n\t\t\t\t<h6 class=\"qodef-m-email-tagline\">\n\t\tElektron po\u00e7t:\t<\/h6>\n\t<h5 class=\"qodef-m-email-item\">\t<a itemprop=\"email\" href=\"mailto:info@artway.az\">\n\t\tinfo@artway.az\t<\/a>\n\t<\/h5>\t\t<\/div>\n\t<\/div>\n<\/div>\n\t\t\t\t<\/div>\n\t\t\t\t<\/div>\n\t\t\t\t\t<\/div>\n\t\t<\/div>\n\t\t\t\t<div class=\"elementor-column elementor-col-50 elementor-top-column elementor-element elementor-element-bc17a2c\" data-id=\"bc17a2c\" data-element_type=\"column\" data-e-type=\"column\">\n\t\t\t<div class=\"elementor-widget-wrap elementor-element-populated\">\n\t\t\t\t\t\t<div class=\"elementor-element elementor-element-8dfae8c elementor-widget elementor-widget-google_maps\" data-id=\"8dfae8c\" data-element_type=\"widget\" data-e-type=\"widget\" data-widget_type=\"google_maps.default\">\n\t\t\t\t<div class=\"elementor-widget-container\">\n\t\t\t\t\t\t\t<div class=\"elementor-custom-embed\">\n\t\t\t<iframe\n\t\t\t\t\tdata-src=\"https:\/\/maps.google.com\/maps?q=Marine%20Plaza&#038;t=m&#038;z=16&#038;output=embed&#038;iwloc=near\"\n\t\t\t\t\ttitle=\"Marine Plaza\"\n\t\t\t\t\taria-label=\"Marine Plaza\"\n\t\t\t src=\"data:image\/svg+xml;base64,PHN2ZyB3aWR0aD0iMSIgaGVpZ2h0PSIxIiB4bWxucz0iaHR0cDovL3d3dy53My5vcmcvMjAwMC9zdmciPjwvc3ZnPg==\" class=\"lazyload\" data-load-mode=\"1\"><\/iframe>\n\t\t<\/div>\n\t\t\t\t\t\t<\/div>\n\t\t\t\t<\/div>\n\t\t\t\t\t<\/div>\n\t\t<\/div>\n\t\t\t\t\t<\/div>\n\t\t<\/section>\n\t\t\t\t<\/div>\n\t\t","protected":false},"excerpt":{"rendered":"<p>Karyera Yenilik\u00e7i fikirl\u0259rin \u0259sas oldu\u011fu \u015firk\u0259timiz\u0259 t\u0259cr\u00fcb\u0259li m\u00fct\u0259x\u0259ssis v\u0259 ixtisasl\u0131 g\u0259ncl\u0259r axtar\u0131r\u0131q. Karyeran\u0131z\u0131n in\u015fas\u0131 \u00fc\u00e7\u00fcn bizi se\u00e7in. \u015eirk\u0259timizd\u0259 ideyalar\u0131n\u0131z d\u0259st\u0259kl\u0259n\u0259c\u0259k, \u0259m\u0259yiniz qar\u015f\u0131l\u0131\u011f\u0131n\u0131 alacaqd\u0131r. Siz \u00f6z CV-nizi info@artway.az g\u00f6nd\u0259rm\u0259kl\u0259 bizim kollektivimizin \u00fczv\u00fc ola bil\u0259rsiniz. \u00dcnvan\u0131m\u0131z: Marine Plaza 13-c\u00fc m\u0259rt\u0259b\u0259 \u00dc.Hac\u0131b\u0259yov k\u00fc\u00e7.62 Elektron po\u00e7t: info@artway.az<\/p>\n","protected":false},"author":1,"featured_media":0,"parent":0,"menu_order":0,"comment_status":"closed","ping_status":"closed","template":"page-full-width.php","meta":{"footnotes":""},"class_list":["post-7856","page","type-page","status-publish","hentry"],"_links":{"self":[{"href":"https:\/\/artway.az\/index.php?rest_route=\/wp\/v2\/pages\/7856","targetHints":{"allow":["GET"]}}],"collection":[{"href":"https:\/\/artway.az\/index.php?rest_route=\/wp\/v2\/pages"}],"about":[{"href":"https:\/\/artway.az\/index.php?rest_route=\/wp\/v2\/types\/page"}],"author":[{"embeddable":true,"href":"https:\/\/artway.az\/index.php?rest_route=\/wp\/v2\/users\/1"}],"replies":[{"embeddable":true,"href":"https:\/\/artway.az\/index.php?rest_route=%2Fwp%2Fv2%2Fcomments&post=7856"}],"version-history":[{"count":58,"href":"https:\/\/artway.az\/index.php?rest_route=\/wp\/v2\/pages\/7856\/revisions"}],"predecessor-version":[{"id":14195,"href":"https:\/\/artway.az\/index.php?rest_route=\/wp\/v2\/pages\/7856\/revisions\/14195"}],"wp:attachment":[{"href":"https:\/\/artway.az\/index.php?rest_route=%2Fwp%2Fv2%2Fmedia&parent=7856"}],"curies":[{"name":"wp","href":"https:\/\/api.w.org\/{rel}","templated":true}]}}