{"id":7868,"date":"2023-01-24T13:01:26","date_gmt":"2023-01-24T13:01:26","guid":{"rendered":"https:\/\/artway.az\/?page_id=7868"},"modified":"2023-05-04T19:40:32","modified_gmt":"2023-05-04T19:40:32","slug":"vaqon-t%c9%99minati","status":"publish","type":"page","link":"https:\/\/artway.az\/?page_id=7868","title":{"rendered":"Vaqon t\u0259minat\u0131"},"content":{"rendered":"\t\t<div data-elementor-type=\"wp-page\" data-elementor-id=\"7868\" class=\"elementor elementor-7868\">\n\t\t\t\t\t\t<section class=\"elementor-section elementor-top-section elementor-element elementor-element-031967d elementor-section-boxed elementor-section-height-default elementor-section-height-default qodef-elementor-content-no elementor-invisible\" data-id=\"031967d\" data-element_type=\"section\" data-e-type=\"section\" data-settings=\"{&quot;animation&quot;:&quot;slideInUp&quot;}\">\n\t\t\t\t\t\t<div class=\"elementor-container elementor-column-gap-default\">\n\t\t\t\t\t<div class=\"elementor-column elementor-col-50 elementor-top-column elementor-element elementor-element-2ea8cf3\" data-id=\"2ea8cf3\" data-element_type=\"column\" data-e-type=\"column\">\n\t\t\t<div class=\"elementor-widget-wrap elementor-element-populated\">\n\t\t\t\t\t\t<div class=\"elementor-element elementor-element-e1c7d19 elementor-widget elementor-widget-globefarer_core_single_image\" data-id=\"e1c7d19\" data-element_type=\"widget\" data-e-type=\"widget\" data-widget_type=\"globefarer_core_single_image.default\">\n\t\t\t\t<div class=\"elementor-widget-container\">\n\t\t\t\t\t<div class=\"qodef-shortcode qodef-m  qodef-single-image qodef-layout--default qodef-appear-animation--no  \">\n\t\t<div class=\"qodef-m-image\">\n\t\t\t\t\t<img fetchpriority=\"high\" decoding=\"async\" width=\"800\" height=\"600\" src=\"https:\/\/artway.az\/wp-content\/uploads\/2023\/01\/vaqonteminati-min.png\" class=\"attachment-full size-full\" alt=\"\" srcset=\"https:\/\/artway.az\/wp-content\/uploads\/2023\/01\/vaqonteminati-min.png 800w, https:\/\/artway.az\/wp-content\/uploads\/2023\/01\/vaqonteminati-min-300x225.png 300w, https:\/\/artway.az\/wp-content\/uploads\/2023\/01\/vaqonteminati-min-768x576.png 768w\" sizes=\"(max-width: 800px) 100vw, 800px\" \/>\t\t\t<\/div>\n<\/div>\n\t\t\t\t<\/div>\n\t\t\t\t<\/div>\n\t\t\t\t\t<\/div>\n\t\t<\/div>\n\t\t\t\t<div class=\"elementor-column elementor-col-50 elementor-top-column elementor-element elementor-element-9afcfea\" data-id=\"9afcfea\" data-element_type=\"column\" data-e-type=\"column\" data-settings=\"{&quot;background_background&quot;:&quot;classic&quot;}\">\n\t\t\t<div class=\"elementor-widget-wrap elementor-element-populated\">\n\t\t\t\t\t\t<div class=\"elementor-element elementor-element-dc4d074 elementor-widget__width-initial elementor-widget-tablet__width-inherit elementor-widget elementor-widget-globefarer_core_list_items\" data-id=\"dc4d074\" data-element_type=\"widget\" data-e-type=\"widget\" data-widget_type=\"globefarer_core_list_items.default\">\n\t\t\t\t<div class=\"elementor-widget-container\">\n\t\t\t\t\t<div class=\"qodef-shortcode qodef-m  qodef-list-items qodef-layout--bulleted-list \">\n\t\t<h2 class=\"qodef-m-title\" style=\"margin-bottom: 37px\">\n\t\tVaqon t\u0259minat\u0131\t<\/h2>\n\t\t\t<ul class=\"qodef-m-list\">\n\t\t\t\t\t\t\t\t<li class=\"qodef-m-list-item\" >\n\t<span class=\"qodef-m-list-marker\">\n\t<svg class=\"qodef-svg--tick qodef-m-list-item-marker\" xmlns=\"http:\/\/www.w3.org\/2000\/svg\" width=\"16.971\" height=\"12.728\" viewBox=\"0 0 16.971 12.728\"><g transform=\"translate(-766.793 -1747.429)\"><rect width=\"16\" height=\"2\" transform=\"translate(771.035 1758.743) rotate(-45)\"\/><rect width=\"2\" height=\"8\" transform=\"translate(773.864 1758.743) rotate(135)\"\/><\/g><\/svg><\/span>\n\t<h4 class=\"qodef-m-list-item-inner\">\n\t\t\t\t\t\t<span class=\"qodef-m-list-text\">\n\t\tMal\u0131n istehsal\u00e7\u0131dan istehlak\u00e7\u0131ya n\u0259qlini, \u015firk\u0259tiniz \u00fc\u00e7\u00fcn uy\u011fun hesab etdiyimiz vaqonlarla h\u0259yata ke\u00e7irin.  D\u0259mir yolu y\u00fckda\u015f\u0131malar\u0131nda b\u00fct\u00fcn t\u0259l\u0259bl\u0259r\u0259 cavab ver\u0259n vaqon v\u0259 konteynerl\u0259rd\u0259n istifad\u0259 etm\u0259k vacib amildir. M\u00fct\u0259x\u0259ssisl\u0259rimiz m\u00fc\u015ft\u0259ril\u0259rin da\u015f\u0131nmas\u0131n\u0131 planlad\u0131qlar\u0131 y\u00fckl\u0259rin x\u00fcsusiyy\u0259tl\u0259rini n\u0259z\u0259r\u0259 alaraq f\u0259rqli vaqon se\u00e7iml\u0259rini t\u0259\u015fkil etm\u0259y\u0259 qadirdirl\u0259r.\t<\/span>\n\t\t\t<\/h4>\n<\/li>\n\t\t\t\t<\/ul>\n\t<\/div>\n\t\t\t\t<\/div>\n\t\t\t\t<\/div>\n\t\t\t\t<div class=\"elementor-element elementor-element-b25277c elementor-align-right elementor-widget elementor-widget-button\" data-id=\"b25277c\" data-element_type=\"widget\" data-e-type=\"widget\" data-widget_type=\"button.default\">\n\t\t\t\t<div class=\"elementor-widget-container\">\n\t\t\t\t\t\t\t\t\t<div class=\"elementor-button-wrapper\">\n\t\t\t\t\t<a class=\"elementor-button elementor-button-link elementor-size-md\" href=\"mailto:info@artway.az\">\n\t\t\t\t\t\t<span class=\"elementor-button-content-wrapper\">\n\t\t\t\t\t\t\t\t\t<span class=\"elementor-button-text\">Onlayn M\u00fcraci\u0259t<\/span>\n\t\t\t\t\t<\/span>\n\t\t\t\t\t<\/a>\n\t\t\t\t<\/div>\n\t\t\t\t\t\t\t\t<\/div>\n\t\t\t\t<\/div>\n\t\t\t\t\t<\/div>\n\t\t<\/div>\n\t\t\t\t\t<\/div>\n\t\t<\/section>\n\t\t\t\t<section class=\"elementor-section elementor-top-section elementor-element elementor-element-eb07cfb animated-slow elementor-section-boxed elementor-section-height-default elementor-section-height-default qodef-elementor-content-no elementor-invisible\" data-id=\"eb07cfb\" data-element_type=\"section\" data-e-type=\"section\" data-settings=\"{&quot;animation&quot;:&quot;zoomIn&quot;}\">\n\t\t\t\t\t\t<div class=\"elementor-container elementor-column-gap-default\">\n\t\t\t\t\t<div class=\"elementor-column elementor-col-25 elementor-top-column elementor-element elementor-element-251302a\" data-id=\"251302a\" data-element_type=\"column\" data-e-type=\"column\">\n\t\t\t<div class=\"elementor-widget-wrap elementor-element-populated\">\n\t\t\t\t\t\t<div class=\"elementor-element elementor-element-1485427 elementor-widget elementor-widget-image\" data-id=\"1485427\" data-element_type=\"widget\" data-e-type=\"widget\" data-widget_type=\"image.default\">\n\t\t\t\t<div class=\"elementor-widget-container\">\n\t\t\t\t\t\t\t\t\t\t\t\t\t\t\t<img decoding=\"async\" width=\"800\" height=\"600\" data-src=\"https:\/\/artway.az\/wp-content\/uploads\/2023\/02\/qapalivaqon-min.png\" class=\"attachment-large size-large wp-image-9198 lazyload\" alt=\"\" data-srcset=\"https:\/\/artway.az\/wp-content\/uploads\/2023\/02\/qapalivaqon-min.png 800w, https:\/\/artway.az\/wp-content\/uploads\/2023\/02\/qapalivaqon-min-300x225.png 300w, https:\/\/artway.az\/wp-content\/uploads\/2023\/02\/qapalivaqon-min-768x576.png 768w\" data-sizes=\"(max-width: 800px) 100vw, 800px\" src=\"data:image\/svg+xml;base64,PHN2ZyB3aWR0aD0iMSIgaGVpZ2h0PSIxIiB4bWxucz0iaHR0cDovL3d3dy53My5vcmcvMjAwMC9zdmciPjwvc3ZnPg==\" style=\"--smush-placeholder-width: 800px; --smush-placeholder-aspect-ratio: 800\/600;\" \/>\t\t\t\t\t\t\t\t\t\t\t\t\t\t\t<\/div>\n\t\t\t\t<\/div>\n\t\t\t\t\t<\/div>\n\t\t<\/div>\n\t\t\t\t<div class=\"elementor-column elementor-col-25 elementor-top-column elementor-element elementor-element-1f4cc3b\" data-id=\"1f4cc3b\" data-element_type=\"column\" data-e-type=\"column\">\n\t\t\t<div class=\"elementor-widget-wrap elementor-element-populated\">\n\t\t\t\t\t\t<div class=\"elementor-element elementor-element-72169a7 elementor-widget elementor-widget-text-editor\" data-id=\"72169a7\" data-element_type=\"widget\" data-e-type=\"widget\" data-widget_type=\"text-editor.default\">\n\t\t\t\t<div class=\"elementor-widget-container\">\n\t\t\t\t\t\t\t\t\t<h4>\u00d6rt\u00fcl\u00fc vaqonlar<\/h4><p><strong>Model 11-1807<\/strong><\/p><p>H\u0259cmi \u2013 138 m3<\/p><p>Y\u00fckg\u00f6t\u00fcrm\u0259 qabiliyy\u0259ti \u2013 67,2 t.<\/p><p><strong>Model 11-9962<\/strong><\/p><p>H\u0259cmi \u2013 150 -158 m3<\/p><p>Y\u00fckg\u00f6t\u00fcrm\u0259 qabiliyy\u0259ti \u2013 67,2 t., geni\u015f qap\u0131lar<\/p>\t\t\t\t\t\t\t\t<\/div>\n\t\t\t\t<\/div>\n\t\t\t\t\t<\/div>\n\t\t<\/div>\n\t\t\t\t<div class=\"elementor-column elementor-col-25 elementor-top-column elementor-element elementor-element-b8c5bef\" data-id=\"b8c5bef\" data-element_type=\"column\" data-e-type=\"column\">\n\t\t\t<div class=\"elementor-widget-wrap elementor-element-populated\">\n\t\t\t\t\t\t<div class=\"elementor-element elementor-element-042c9b5 elementor-widget elementor-widget-image\" data-id=\"042c9b5\" data-element_type=\"widget\" data-e-type=\"widget\" data-widget_type=\"image.default\">\n\t\t\t\t<div class=\"elementor-widget-container\">\n\t\t\t\t\t\t\t\t\t\t\t\t\t\t\t<img decoding=\"async\" width=\"800\" height=\"600\" data-src=\"https:\/\/artway.az\/wp-content\/uploads\/2023\/02\/yarimvaqon-min.png\" class=\"attachment-large size-large wp-image-9196 lazyload\" alt=\"\" data-srcset=\"https:\/\/artway.az\/wp-content\/uploads\/2023\/02\/yarimvaqon-min.png 800w, https:\/\/artway.az\/wp-content\/uploads\/2023\/02\/yarimvaqon-min-300x225.png 300w, https:\/\/artway.az\/wp-content\/uploads\/2023\/02\/yarimvaqon-min-768x576.png 768w\" data-sizes=\"(max-width: 800px) 100vw, 800px\" src=\"data:image\/svg+xml;base64,PHN2ZyB3aWR0aD0iMSIgaGVpZ2h0PSIxIiB4bWxucz0iaHR0cDovL3d3dy53My5vcmcvMjAwMC9zdmciPjwvc3ZnPg==\" style=\"--smush-placeholder-width: 800px; --smush-placeholder-aspect-ratio: 800\/600;\" \/>\t\t\t\t\t\t\t\t\t\t\t\t\t\t\t<\/div>\n\t\t\t\t<\/div>\n\t\t\t\t\t<\/div>\n\t\t<\/div>\n\t\t\t\t<div class=\"elementor-column elementor-col-25 elementor-top-column elementor-element elementor-element-31a6ee2\" data-id=\"31a6ee2\" data-element_type=\"column\" data-e-type=\"column\">\n\t\t\t<div class=\"elementor-widget-wrap elementor-element-populated\">\n\t\t\t\t\t\t<div class=\"elementor-element elementor-element-a3307f0 elementor-widget elementor-widget-text-editor\" data-id=\"a3307f0\" data-element_type=\"widget\" data-e-type=\"widget\" data-widget_type=\"text-editor.default\">\n\t\t\t\t<div class=\"elementor-widget-container\">\n\t\t\t\t\t\t\t\t\t<h4>Yar\u0131mvaqonlar<\/h4><p><strong>Model 12-132<\/strong><\/p><p>H\u0259cmi \u2013 88.0 m3<\/p><p>Y\u00fckg\u00f6t\u00fcrm\u0259 qabiliyy\u0259ti \u2013 69.5 t.<\/p><p>Bo\u015faltma l\u00fcklar\u0131n say\u0131 \u2013 14<\/p>\t\t\t\t\t\t\t\t<\/div>\n\t\t\t\t<\/div>\n\t\t\t\t\t<\/div>\n\t\t<\/div>\n\t\t\t\t\t<\/div>\n\t\t<\/section>\n\t\t\t\t<section class=\"elementor-section elementor-top-section elementor-element elementor-element-1bcaeb6 animated-slow elementor-section-boxed elementor-section-height-default elementor-section-height-default qodef-elementor-content-no elementor-invisible\" data-id=\"1bcaeb6\" data-element_type=\"section\" data-e-type=\"section\" data-settings=\"{&quot;animation&quot;:&quot;zoomIn&quot;}\">\n\t\t\t\t\t\t<div class=\"elementor-container elementor-column-gap-default\">\n\t\t\t\t\t<div class=\"elementor-column elementor-col-25 elementor-top-column elementor-element elementor-element-c4117ae\" data-id=\"c4117ae\" data-element_type=\"column\" data-e-type=\"column\">\n\t\t\t<div class=\"elementor-widget-wrap elementor-element-populated\">\n\t\t\t\t\t\t<div class=\"elementor-element elementor-element-82430a5 elementor-widget elementor-widget-image\" data-id=\"82430a5\" data-element_type=\"widget\" data-e-type=\"widget\" data-widget_type=\"image.default\">\n\t\t\t\t<div class=\"elementor-widget-container\">\n\t\t\t\t\t\t\t\t\t\t\t\t\t\t\t<img decoding=\"async\" width=\"800\" height=\"600\" data-src=\"https:\/\/artway.az\/wp-content\/uploads\/2023\/02\/platforma-min.png\" class=\"attachment-large size-large wp-image-9197 lazyload\" alt=\"\" data-srcset=\"https:\/\/artway.az\/wp-content\/uploads\/2023\/02\/platforma-min.png 800w, https:\/\/artway.az\/wp-content\/uploads\/2023\/02\/platforma-min-300x225.png 300w, https:\/\/artway.az\/wp-content\/uploads\/2023\/02\/platforma-min-768x576.png 768w\" data-sizes=\"(max-width: 800px) 100vw, 800px\" src=\"data:image\/svg+xml;base64,PHN2ZyB3aWR0aD0iMSIgaGVpZ2h0PSIxIiB4bWxucz0iaHR0cDovL3d3dy53My5vcmcvMjAwMC9zdmciPjwvc3ZnPg==\" style=\"--smush-placeholder-width: 800px; --smush-placeholder-aspect-ratio: 800\/600;\" \/>\t\t\t\t\t\t\t\t\t\t\t\t\t\t\t<\/div>\n\t\t\t\t<\/div>\n\t\t\t\t\t<\/div>\n\t\t<\/div>\n\t\t\t\t<div class=\"elementor-column elementor-col-25 elementor-top-column elementor-element elementor-element-7a5b888\" data-id=\"7a5b888\" data-element_type=\"column\" data-e-type=\"column\">\n\t\t\t<div class=\"elementor-widget-wrap elementor-element-populated\">\n\t\t\t\t\t\t<div class=\"elementor-element elementor-element-366559e elementor-widget elementor-widget-text-editor\" data-id=\"366559e\" data-element_type=\"widget\" data-e-type=\"widget\" data-widget_type=\"text-editor.default\">\n\t\t\t\t<div class=\"elementor-widget-container\">\n\t\t\t\t\t\t\t\t\t<h4>Platformalar<\/h4><p><strong>Model 13-9990-01<\/strong><\/p><p>H\u0259cmi \u2013 37.5 m3<\/p><p>Y\u00fckg\u00f6t\u00fcrm\u0259 qabiliyy\u0259ti \u2013 72.0 t.<\/p>\t\t\t\t\t\t\t\t<\/div>\n\t\t\t\t<\/div>\n\t\t\t\t\t<\/div>\n\t\t<\/div>\n\t\t\t\t<div class=\"elementor-column elementor-col-25 elementor-top-column elementor-element elementor-element-650f51c\" data-id=\"650f51c\" data-element_type=\"column\" data-e-type=\"column\">\n\t\t\t<div class=\"elementor-widget-wrap elementor-element-populated\">\n\t\t\t\t\t\t<div class=\"elementor-element elementor-element-493b74a elementor-widget elementor-widget-image\" data-id=\"493b74a\" data-element_type=\"widget\" data-e-type=\"widget\" data-widget_type=\"image.default\">\n\t\t\t\t<div class=\"elementor-widget-container\">\n\t\t\t\t\t\t\t\t\t\t\t\t\t\t\t<img decoding=\"async\" width=\"800\" height=\"600\" data-src=\"https:\/\/artway.az\/wp-content\/uploads\/2023\/02\/1site-min.png\" class=\"attachment-large size-large wp-image-8595 lazyload\" alt=\"\" data-srcset=\"https:\/\/artway.az\/wp-content\/uploads\/2023\/02\/1site-min.png 800w, https:\/\/artway.az\/wp-content\/uploads\/2023\/02\/1site-min-300x225.png 300w, https:\/\/artway.az\/wp-content\/uploads\/2023\/02\/1site-min-768x576.png 768w\" data-sizes=\"(max-width: 800px) 100vw, 800px\" src=\"data:image\/svg+xml;base64,PHN2ZyB3aWR0aD0iMSIgaGVpZ2h0PSIxIiB4bWxucz0iaHR0cDovL3d3dy53My5vcmcvMjAwMC9zdmciPjwvc3ZnPg==\" style=\"--smush-placeholder-width: 800px; --smush-placeholder-aspect-ratio: 800\/600;\" \/>\t\t\t\t\t\t\t\t\t\t\t\t\t\t\t<\/div>\n\t\t\t\t<\/div>\n\t\t\t\t\t<\/div>\n\t\t<\/div>\n\t\t\t\t<div class=\"elementor-column elementor-col-25 elementor-top-column elementor-element elementor-element-a653551\" data-id=\"a653551\" data-element_type=\"column\" data-e-type=\"column\">\n\t\t\t<div class=\"elementor-widget-wrap elementor-element-populated\">\n\t\t\t\t\t\t<div class=\"elementor-element elementor-element-892f871 elementor-widget elementor-widget-text-editor\" data-id=\"892f871\" data-element_type=\"widget\" data-e-type=\"widget\" data-widget_type=\"text-editor.default\">\n\t\t\t\t<div class=\"elementor-widget-container\">\n\t\t\t\t\t\t\t\t\t<h4>Soyuducu vaqonlar <\/h4><p><strong>Model 16-3000<\/strong><\/p><p>H\u0259cmi \u2013 140 m3<\/p><p>Y\u00fckg\u00f6t\u00fcrm\u0259 qabiliyy\u0259ti \u2013 47.0 t.<\/p>\t\t\t\t\t\t\t\t<\/div>\n\t\t\t\t<\/div>\n\t\t\t\t\t<\/div>\n\t\t<\/div>\n\t\t\t\t\t<\/div>\n\t\t<\/section>\n\t\t\t\t<section class=\"elementor-section elementor-top-section elementor-element elementor-element-54a5e37 animated-slow elementor-section-boxed elementor-section-height-default elementor-section-height-default qodef-elementor-content-no elementor-invisible\" data-id=\"54a5e37\" data-element_type=\"section\" data-e-type=\"section\" data-settings=\"{&quot;animation&quot;:&quot;zoomIn&quot;}\">\n\t\t\t\t\t\t<div class=\"elementor-container elementor-column-gap-default\">\n\t\t\t\t\t<div class=\"elementor-column elementor-col-25 elementor-top-column elementor-element elementor-element-126baa3\" data-id=\"126baa3\" data-element_type=\"column\" data-e-type=\"column\">\n\t\t\t<div class=\"elementor-widget-wrap elementor-element-populated\">\n\t\t\t\t\t\t<div class=\"elementor-element elementor-element-896f7d9 elementor-widget elementor-widget-image\" data-id=\"896f7d9\" data-element_type=\"widget\" data-e-type=\"widget\" data-widget_type=\"image.default\">\n\t\t\t\t<div class=\"elementor-widget-container\">\n\t\t\t\t\t\t\t\t\t\t\t\t\t\t\t<img decoding=\"async\" width=\"800\" height=\"600\" data-src=\"https:\/\/artway.az\/wp-content\/uploads\/2023\/01\/demiryol.png\" class=\"attachment-large size-large wp-image-8352 lazyload\" alt=\"\" data-srcset=\"https:\/\/artway.az\/wp-content\/uploads\/2023\/01\/demiryol.png 800w, https:\/\/artway.az\/wp-content\/uploads\/2023\/01\/demiryol-300x225.png 300w, https:\/\/artway.az\/wp-content\/uploads\/2023\/01\/demiryol-768x576.png 768w\" data-sizes=\"(max-width: 800px) 100vw, 800px\" src=\"data:image\/svg+xml;base64,PHN2ZyB3aWR0aD0iMSIgaGVpZ2h0PSIxIiB4bWxucz0iaHR0cDovL3d3dy53My5vcmcvMjAwMC9zdmciPjwvc3ZnPg==\" style=\"--smush-placeholder-width: 800px; --smush-placeholder-aspect-ratio: 800\/600;\" \/>\t\t\t\t\t\t\t\t\t\t\t\t\t\t\t<\/div>\n\t\t\t\t<\/div>\n\t\t\t\t\t<\/div>\n\t\t<\/div>\n\t\t\t\t<div class=\"elementor-column elementor-col-25 elementor-top-column elementor-element elementor-element-300bf35\" data-id=\"300bf35\" data-element_type=\"column\" data-e-type=\"column\">\n\t\t\t<div class=\"elementor-widget-wrap elementor-element-populated\">\n\t\t\t\t\t\t<div class=\"elementor-element elementor-element-22e44f3 elementor-widget elementor-widget-text-editor\" data-id=\"22e44f3\" data-element_type=\"widget\" data-e-type=\"widget\" data-widget_type=\"text-editor.default\">\n\t\t\t\t<div class=\"elementor-widget-container\">\n\t\t\t\t\t\t\t\t\t<h4>\u00c7\u0259n vaqonlar<\/h4><p><strong>Model 15-1755<\/strong><\/p><p>H\u0259cmi \u2013 86.5 m3<\/p><p>Y\u00fckg\u00f6t\u00fcrm\u0259 qabiliyy\u0259ti \u2013 68.0 t.<\/p>\t\t\t\t\t\t\t\t<\/div>\n\t\t\t\t<\/div>\n\t\t\t\t\t<\/div>\n\t\t<\/div>\n\t\t\t\t<div class=\"elementor-column elementor-col-25 elementor-top-column elementor-element elementor-element-a820cf7\" data-id=\"a820cf7\" data-element_type=\"column\" data-e-type=\"column\">\n\t\t\t<div class=\"elementor-widget-wrap elementor-element-populated\">\n\t\t\t\t\t\t<div class=\"elementor-element elementor-element-33a2f97 elementor-widget elementor-widget-image\" data-id=\"33a2f97\" data-element_type=\"widget\" data-e-type=\"widget\" data-widget_type=\"image.default\">\n\t\t\t\t<div class=\"elementor-widget-container\">\n\t\t\t\t\t\t\t\t\t\t\t\t\t\t\t<img decoding=\"async\" width=\"800\" height=\"600\" data-src=\"https:\/\/artway.az\/wp-content\/uploads\/2023\/02\/hopper-min.png\" class=\"attachment-large size-large wp-image-9203 lazyload\" alt=\"\" data-srcset=\"https:\/\/artway.az\/wp-content\/uploads\/2023\/02\/hopper-min.png 800w, https:\/\/artway.az\/wp-content\/uploads\/2023\/02\/hopper-min-300x225.png 300w, https:\/\/artway.az\/wp-content\/uploads\/2023\/02\/hopper-min-768x576.png 768w\" data-sizes=\"(max-width: 800px) 100vw, 800px\" src=\"data:image\/svg+xml;base64,PHN2ZyB3aWR0aD0iMSIgaGVpZ2h0PSIxIiB4bWxucz0iaHR0cDovL3d3dy53My5vcmcvMjAwMC9zdmciPjwvc3ZnPg==\" style=\"--smush-placeholder-width: 800px; --smush-placeholder-aspect-ratio: 800\/600;\" \/>\t\t\t\t\t\t\t\t\t\t\t\t\t\t\t<\/div>\n\t\t\t\t<\/div>\n\t\t\t\t\t<\/div>\n\t\t<\/div>\n\t\t\t\t<div class=\"elementor-column elementor-col-25 elementor-top-column elementor-element elementor-element-b0fa505\" data-id=\"b0fa505\" data-element_type=\"column\" data-e-type=\"column\">\n\t\t\t<div class=\"elementor-widget-wrap elementor-element-populated\">\n\t\t\t\t\t\t<div class=\"elementor-element elementor-element-a8f6dc5 elementor-widget elementor-widget-text-editor\" data-id=\"a8f6dc5\" data-element_type=\"widget\" data-e-type=\"widget\" data-widget_type=\"text-editor.default\">\n\t\t\t\t<div class=\"elementor-widget-container\">\n\t\t\t\t\t\t\t\t\t<h4>Tax\u0131lda\u015f\u0131yan vaqon<\/h4><p><strong>Model 19\u2013752<\/strong><\/p><p>H\u0259cmi \u2013 94 m3<\/p><p>Y\u00fckg\u00f6t\u00fcrm\u0259 qabiliyy\u0259ti \u2013 70.0 t.<\/p>\t\t\t\t\t\t\t\t<\/div>\n\t\t\t\t<\/div>\n\t\t\t\t\t<\/div>\n\t\t<\/div>\n\t\t\t\t\t<\/div>\n\t\t<\/section>\n\t\t\t\t<section class=\"elementor-section elementor-top-section elementor-element elementor-element-9a15f70 elementor-section-full_width qodef-elementor-content-grid qodef-custom-cursor-section elementor-section-height-default elementor-section-height-default elementor-invisible\" data-id=\"9a15f70\" data-element_type=\"section\" data-e-type=\"section\" data-settings=\"{&quot;background_background&quot;:&quot;classic&quot;,&quot;animation&quot;:&quot;fadeInUp&quot;}\">\n\t\t\t\t\t\t<div class=\"elementor-container elementor-column-gap-no\">\n\t\t\t\t\t<div class=\"elementor-column elementor-col-50 elementor-top-column elementor-element elementor-element-39935b0\" data-id=\"39935b0\" data-element_type=\"column\" data-e-type=\"column\">\n\t\t\t<div class=\"elementor-widget-wrap elementor-element-populated\">\n\t\t\t\t\t\t<div class=\"elementor-element elementor-element-c6fb84c elementor-widget-mobile__width-inherit elementor-widget elementor-widget-globefarer_core_contact_info\" data-id=\"c6fb84c\" data-element_type=\"widget\" data-e-type=\"widget\" data-widget_type=\"globefarer_core_contact_info.default\">\n\t\t\t\t<div class=\"elementor-widget-container\">\n\t\t\t\t\t<div class=\"qodef-shortcode qodef-m  qodef-contact-info qodef-layout--type-2 \">\n\t<div class=\"qodef-m-address-email\">\n\t\t\t<div class=\"qodef-m-address\">\n\t\t\t\t<h6 class=\"qodef-m-address-tagline\">\n\t\t\u00dcnvan\u0131m\u0131z:\t<\/h6>\n\t<h5 class=\"qodef-m-address-item\">\tMarine Plaza 13-c\u00fc m\u0259rt\u0259b\u0259\n\u00dc.Hac\u0131b\u0259yov k\u00fc\u00e7.62\t<\/h5>\t\t<\/div>\n\t\t\t\t<div class=\"qodef-m-email\">\n\t\t\t\t<h6 class=\"qodef-m-email-tagline\">\n\t\tElektron po\u00e7t:\t<\/h6>\n\t<h5 class=\"qodef-m-email-item\">\t<a itemprop=\"email\" href=\"mailto:info@artway.az\">\n\t\tinfo@artway.az\t<\/a>\n\t<\/h5>\t\t<\/div>\n\t<\/div>\n<\/div>\n\t\t\t\t<\/div>\n\t\t\t\t<\/div>\n\t\t\t\t\t<\/div>\n\t\t<\/div>\n\t\t\t\t<div class=\"elementor-column elementor-col-50 elementor-top-column elementor-element elementor-element-3b7d538\" data-id=\"3b7d538\" data-element_type=\"column\" data-e-type=\"column\">\n\t\t\t<div class=\"elementor-widget-wrap elementor-element-populated\">\n\t\t\t\t\t\t<div class=\"elementor-element elementor-element-89eaaae elementor-widget elementor-widget-google_maps\" data-id=\"89eaaae\" data-element_type=\"widget\" data-e-type=\"widget\" data-widget_type=\"google_maps.default\">\n\t\t\t\t<div class=\"elementor-widget-container\">\n\t\t\t\t\t\t\t<div class=\"elementor-custom-embed\">\n\t\t\t<iframe\n\t\t\t\t\tdata-src=\"https:\/\/maps.google.com\/maps?q=Marine%20Plaza&#038;t=m&#038;z=16&#038;output=embed&#038;iwloc=near\"\n\t\t\t\t\ttitle=\"Marine Plaza\"\n\t\t\t\t\taria-label=\"Marine Plaza\"\n\t\t\t src=\"data:image\/svg+xml;base64,PHN2ZyB3aWR0aD0iMSIgaGVpZ2h0PSIxIiB4bWxucz0iaHR0cDovL3d3dy53My5vcmcvMjAwMC9zdmciPjwvc3ZnPg==\" class=\"lazyload\" data-load-mode=\"1\"><\/iframe>\n\t\t<\/div>\n\t\t\t\t\t\t<\/div>\n\t\t\t\t<\/div>\n\t\t\t\t\t<\/div>\n\t\t<\/div>\n\t\t\t\t\t<\/div>\n\t\t<\/section>\n\t\t\t\t<\/div>\n\t\t","protected":false},"excerpt":{"rendered":"<p>Vaqon t\u0259minat\u0131 Mal\u0131n istehsal\u00e7\u0131dan istehlak\u00e7\u0131ya n\u0259qlini, \u015firk\u0259tiniz \u00fc\u00e7\u00fcn uy\u011fun hesab etdiyimiz vaqonlarla h\u0259yata ke\u00e7irin. D\u0259mir yolu y\u00fckda\u015f\u0131malar\u0131nda b\u00fct\u00fcn t\u0259l\u0259bl\u0259r\u0259 cavab ver\u0259n vaqon v\u0259 konteynerl\u0259rd\u0259n istifad\u0259 etm\u0259k vacib amildir. M\u00fct\u0259x\u0259ssisl\u0259rimiz m\u00fc\u015ft\u0259ril\u0259rin da\u015f\u0131nmas\u0131n\u0131 planlad\u0131qlar\u0131 y\u00fckl\u0259rin x\u00fcsusiyy\u0259tl\u0259rini n\u0259z\u0259r\u0259 alaraq f\u0259rqli vaqon se\u00e7iml\u0259rini t\u0259\u015fkil etm\u0259y\u0259 qadirdirl\u0259r. Onlayn M\u00fcraci\u0259t \u00d6rt\u00fcl\u00fc vaqonlar Model 11-1807 H\u0259cmi \u2013 138 m3 Y\u00fckg\u00f6t\u00fcrm\u0259 qabiliyy\u0259ti \u2013 [&hellip;]<\/p>\n","protected":false},"author":1,"featured_media":0,"parent":0,"menu_order":0,"comment_status":"closed","ping_status":"closed","template":"page-full-width.php","meta":{"footnotes":""},"class_list":["post-7868","page","type-page","status-publish","hentry"],"_links":{"self":[{"href":"https:\/\/artway.az\/index.php?rest_route=\/wp\/v2\/pages\/7868","targetHints":{"allow":["GET"]}}],"collection":[{"href":"https:\/\/artway.az\/index.php?rest_route=\/wp\/v2\/pages"}],"about":[{"href":"https:\/\/artway.az\/index.php?rest_route=\/wp\/v2\/types\/page"}],"author":[{"embeddable":true,"href":"https:\/\/artway.az\/index.php?rest_route=\/wp\/v2\/users\/1"}],"replies":[{"embeddable":true,"href":"https:\/\/artway.az\/index.php?rest_route=%2Fwp%2Fv2%2Fcomments&post=7868"}],"version-history":[{"count":141,"href":"https:\/\/artway.az\/index.php?rest_route=\/wp\/v2\/pages\/7868\/revisions"}],"predecessor-version":[{"id":14165,"href":"https:\/\/artway.az\/index.php?rest_route=\/wp\/v2\/pages\/7868\/revisions\/14165"}],"wp:attachment":[{"href":"https:\/\/artway.az\/index.php?rest_route=%2Fwp%2Fv2%2Fmedia&parent=7868"}],"curies":[{"name":"wp","href":"https:\/\/api.w.org\/{rel}","templated":true}]}}