{"id":7872,"date":"2023-01-24T13:02:33","date_gmt":"2023-01-24T13:02:33","guid":{"rendered":"https:\/\/artway.az\/?page_id=7872"},"modified":"2023-05-04T19:35:41","modified_gmt":"2023-05-04T19:35:41","slug":"c%c9%99n-vaqonlarin-buxarla-yuyulmasi","status":"publish","type":"page","link":"https:\/\/artway.az\/?page_id=7872","title":{"rendered":"\u00c7\u0259n vaqonlar\u0131n buxarla yuyulmas\u0131"},"content":{"rendered":"\t\t<div data-elementor-type=\"wp-page\" data-elementor-id=\"7872\" class=\"elementor elementor-7872\">\n\t\t\t\t\t\t<section class=\"elementor-section elementor-top-section elementor-element elementor-element-50ee2eb elementor-section-boxed elementor-section-height-default elementor-section-height-default qodef-elementor-content-no elementor-invisible\" data-id=\"50ee2eb\" data-element_type=\"section\" data-e-type=\"section\" data-settings=\"{&quot;animation&quot;:&quot;slideInUp&quot;}\">\n\t\t\t\t\t\t<div class=\"elementor-container elementor-column-gap-default\">\n\t\t\t\t\t<div class=\"elementor-column elementor-col-50 elementor-top-column elementor-element elementor-element-0c6f146\" data-id=\"0c6f146\" data-element_type=\"column\" data-e-type=\"column\">\n\t\t\t<div class=\"elementor-widget-wrap elementor-element-populated\">\n\t\t\t\t\t\t<div class=\"elementor-element elementor-element-ad74fbe elementor-widget elementor-widget-globefarer_core_single_image\" data-id=\"ad74fbe\" data-element_type=\"widget\" data-e-type=\"widget\" data-widget_type=\"globefarer_core_single_image.default\">\n\t\t\t\t<div class=\"elementor-widget-container\">\n\t\t\t\t\t<div class=\"qodef-shortcode qodef-m  qodef-single-image qodef-layout--default qodef-appear-animation--no  \">\n\t\t<div class=\"qodef-m-image\">\n\t\t\t\t\t<img fetchpriority=\"high\" decoding=\"async\" width=\"800\" height=\"600\" src=\"https:\/\/artway.az\/wp-content\/uploads\/2023\/01\/cenvagonbuxar-min.png\" class=\"attachment-full size-full\" alt=\"\" srcset=\"https:\/\/artway.az\/wp-content\/uploads\/2023\/01\/cenvagonbuxar-min.png 800w, https:\/\/artway.az\/wp-content\/uploads\/2023\/01\/cenvagonbuxar-min-300x225.png 300w, https:\/\/artway.az\/wp-content\/uploads\/2023\/01\/cenvagonbuxar-min-768x576.png 768w\" sizes=\"(max-width: 800px) 100vw, 800px\" \/>\t\t\t<\/div>\n<\/div>\n\t\t\t\t<\/div>\n\t\t\t\t<\/div>\n\t\t\t\t\t<\/div>\n\t\t<\/div>\n\t\t\t\t<div class=\"elementor-column elementor-col-50 elementor-top-column elementor-element elementor-element-0c72235\" data-id=\"0c72235\" data-element_type=\"column\" data-e-type=\"column\" data-settings=\"{&quot;background_background&quot;:&quot;classic&quot;}\">\n\t\t\t<div class=\"elementor-widget-wrap elementor-element-populated\">\n\t\t\t\t\t\t<div class=\"elementor-element elementor-element-24ffb10 elementor-widget__width-initial elementor-widget-tablet__width-inherit elementor-widget elementor-widget-globefarer_core_list_items\" data-id=\"24ffb10\" data-element_type=\"widget\" data-e-type=\"widget\" data-widget_type=\"globefarer_core_list_items.default\">\n\t\t\t\t<div class=\"elementor-widget-container\">\n\t\t\t\t\t<div class=\"qodef-shortcode qodef-m  qodef-list-items qodef-layout--bulleted-list \">\n\t\t<h2 class=\"qodef-m-title\" style=\"margin-bottom: 37px\">\n\t\t\u00c7\u0259n vaqonlar\u0131n buxarla yuyulmas\u0131\t<\/h2>\n\t\t\t<ul class=\"qodef-m-list\">\n\t\t\t\t\t\t\t\t<li class=\"qodef-m-list-item\" >\n\t<span class=\"qodef-m-list-marker\">\n\t<svg class=\"qodef-svg--tick qodef-m-list-item-marker\" xmlns=\"http:\/\/www.w3.org\/2000\/svg\" width=\"16.971\" height=\"12.728\" viewBox=\"0 0 16.971 12.728\"><g transform=\"translate(-766.793 -1747.429)\"><rect width=\"16\" height=\"2\" transform=\"translate(771.035 1758.743) rotate(-45)\"\/><rect width=\"2\" height=\"8\" transform=\"translate(773.864 1758.743) rotate(135)\"\/><\/g><\/svg><\/span>\n\t<h4 class=\"qodef-m-list-item-inner\">\n\t\t\t\t\t\t<span class=\"qodef-m-list-text\">\n\t\tM\u00fc\u015ft\u0259ril\u0259rimiz\u0259 s\u0259rf\u0259li qiym\u0259tl\u0259rl\u0259 t\u0259qdim etdiyimiz bir ba\u015fqa xidm\u0259t, \u00e7\u0259n vaqonlar\u0131n t\u0259mizl\u0259nm\u0259sidir. M\u00fcasir texnologiyalar \u0259sas\u0131nda apar\u0131lan prosesd\u0259 \u00e7\u0259n vaqonlar buxarla t\u0259mizl\u0259nib t\u0259krar istifad\u0259y\u0259 yararl\u0131 hala sal\u0131nacaqd\u0131r.\t<\/span>\n\t\t\t<\/h4>\n<\/li>\n\t\t\t\t<\/ul>\n\t<\/div>\n\t\t\t\t<\/div>\n\t\t\t\t<\/div>\n\t\t\t\t<div class=\"elementor-element elementor-element-a8908b1 elementor-align-right elementor-widget elementor-widget-button\" data-id=\"a8908b1\" data-element_type=\"widget\" data-e-type=\"widget\" data-widget_type=\"button.default\">\n\t\t\t\t<div class=\"elementor-widget-container\">\n\t\t\t\t\t\t\t\t\t<div class=\"elementor-button-wrapper\">\n\t\t\t\t\t<a class=\"elementor-button elementor-button-link elementor-size-md\" href=\"mailto:info@artway.az\">\n\t\t\t\t\t\t<span class=\"elementor-button-content-wrapper\">\n\t\t\t\t\t\t\t\t\t<span class=\"elementor-button-text\">Onlayn M\u00fcraci\u0259t<\/span>\n\t\t\t\t\t<\/span>\n\t\t\t\t\t<\/a>\n\t\t\t\t<\/div>\n\t\t\t\t\t\t\t\t<\/div>\n\t\t\t\t<\/div>\n\t\t\t\t\t<\/div>\n\t\t<\/div>\n\t\t\t\t\t<\/div>\n\t\t<\/section>\n\t\t\t\t<section class=\"elementor-section elementor-top-section elementor-element elementor-element-0f25fcc animated-slow elementor-section-boxed elementor-section-height-default elementor-section-height-default qodef-elementor-content-no elementor-invisible\" data-id=\"0f25fcc\" data-element_type=\"section\" data-e-type=\"section\" data-settings=\"{&quot;animation&quot;:&quot;slideInUp&quot;}\">\n\t\t\t\t\t\t<div class=\"elementor-container elementor-column-gap-no\">\n\t\t\t\t\t<div class=\"elementor-column elementor-col-100 elementor-top-column elementor-element elementor-element-cf14c51\" data-id=\"cf14c51\" data-element_type=\"column\" data-e-type=\"column\">\n\t\t\t<div class=\"elementor-widget-wrap elementor-element-populated\">\n\t\t\t\t\t\t<div class=\"elementor-element elementor-element-0e49df9 elementor-widget__width-initial elementor-widget elementor-widget-globefarer_core_list_items\" data-id=\"0e49df9\" data-element_type=\"widget\" data-e-type=\"widget\" data-widget_type=\"globefarer_core_list_items.default\">\n\t\t\t\t<div class=\"elementor-widget-container\">\n\t\t\t\t\t<div class=\"qodef-shortcode qodef-m  qodef-list-items qodef-layout--bulleted-list \">\n\t\t\t\t<ul class=\"qodef-m-list\">\n\t\t\t\t\t\t\t\t<li class=\"qodef-m-list-item\" >\n\t<span class=\"qodef-m-list-marker\">\n\t<svg class=\"qodef-svg--tick qodef-m-list-item-marker\" xmlns=\"http:\/\/www.w3.org\/2000\/svg\" width=\"16.971\" height=\"12.728\" viewBox=\"0 0 16.971 12.728\"><g transform=\"translate(-766.793 -1747.429)\"><rect width=\"16\" height=\"2\" transform=\"translate(771.035 1758.743) rotate(-45)\"\/><rect width=\"2\" height=\"8\" transform=\"translate(773.864 1758.743) rotate(135)\"\/><\/g><\/svg><\/span>\n\t<p class=\"qodef-m-list-item-inner\">\n\t\t\t\t\t\t<span class=\"qodef-m-list-text\">\n\t\tM\u00fct\u0259madi h\u0259yata ke\u00e7iril\u0259n y\u00fckda\u015f\u0131malar \u00f6lk\u0259mizin idxal v\u0259 ixrac g\u00fcc\u00fcn\u00fc art\u0131rmaqdad\u0131r. \u015eirk\u0259timiz bu sah\u0259d\u0259 f\u0259aliyy\u0259t g\u00f6st\u0259rm\u0259yin haql\u0131 q\u00fcrurunu ya\u015fay\u0131r. M\u00fc\u015ft\u0259ril\u0259rimiz\u0259 t\u0259qdim etdiyimiz y\u00fckda\u015f\u0131ma xidm\u0259tl\u0259rin\u0259 \u00e7\u0259n vaqonlar\u0131n buxarla yuyulmas\u0131n\u0131 da, \u0259lav\u0259 edirik. Proses minimum \u0259l \u0259m\u0259yi il\u0259 apar\u0131l\u0131r, m\u00fcasir texnologiyalara cavab ver\u0259n qur\u011fular\u0131n yard\u0131m\u0131 il\u0259 \u00e7\u0259n vaqonlar t\u0259mizl\u0259nir, t\u0259krar istifad\u0259y\u0259 yararl\u0131 hala sal\u0131n\u0131r. Xidm\u0259timiz uy\u011fun tarifd\u0259dir. \t<\/span>\n\t\t\t<\/p>\n<\/li>\n\t\t\t\t<\/ul>\n\t<\/div>\n\t\t\t\t<\/div>\n\t\t\t\t<\/div>\n\t\t\t\t\t<\/div>\n\t\t<\/div>\n\t\t\t\t\t<\/div>\n\t\t<\/section>\n\t\t\t\t<section class=\"elementor-section elementor-top-section elementor-element elementor-element-3b9f396 elementor-section-full_width qodef-elementor-content-grid qodef-custom-cursor-section elementor-section-height-default elementor-section-height-default elementor-invisible\" data-id=\"3b9f396\" data-element_type=\"section\" data-e-type=\"section\" data-settings=\"{&quot;background_background&quot;:&quot;classic&quot;,&quot;animation&quot;:&quot;fadeInUp&quot;}\">\n\t\t\t\t\t\t<div class=\"elementor-container elementor-column-gap-no\">\n\t\t\t\t\t<div class=\"elementor-column elementor-col-50 elementor-top-column elementor-element elementor-element-56b1fec\" data-id=\"56b1fec\" data-element_type=\"column\" data-e-type=\"column\">\n\t\t\t<div class=\"elementor-widget-wrap elementor-element-populated\">\n\t\t\t\t\t\t<div class=\"elementor-element elementor-element-a57e139 elementor-widget-mobile__width-inherit elementor-widget elementor-widget-globefarer_core_contact_info\" data-id=\"a57e139\" data-element_type=\"widget\" data-e-type=\"widget\" data-widget_type=\"globefarer_core_contact_info.default\">\n\t\t\t\t<div class=\"elementor-widget-container\">\n\t\t\t\t\t<div class=\"qodef-shortcode qodef-m  qodef-contact-info qodef-layout--type-2 \">\n\t<div class=\"qodef-m-address-email\">\n\t\t\t<div class=\"qodef-m-address\">\n\t\t\t\t<h6 class=\"qodef-m-address-tagline\">\n\t\t\u00dcnvan\u0131m\u0131z:\t<\/h6>\n\t<h5 class=\"qodef-m-address-item\">\tMarine Plaza 13-c\u00fc m\u0259rt\u0259b\u0259\n\u00dc.Hac\u0131b\u0259yov k\u00fc\u00e7.62\t<\/h5>\t\t<\/div>\n\t\t\t\t<div class=\"qodef-m-email\">\n\t\t\t\t<h6 class=\"qodef-m-email-tagline\">\n\t\tElektron po\u00e7t:\t<\/h6>\n\t<h5 class=\"qodef-m-email-item\">\t<a itemprop=\"email\" href=\"mailto:info@artway.az\">\n\t\tinfo@artway.az\t<\/a>\n\t<\/h5>\t\t<\/div>\n\t<\/div>\n<\/div>\n\t\t\t\t<\/div>\n\t\t\t\t<\/div>\n\t\t\t\t\t<\/div>\n\t\t<\/div>\n\t\t\t\t<div class=\"elementor-column elementor-col-50 elementor-top-column elementor-element elementor-element-b411708\" data-id=\"b411708\" data-element_type=\"column\" data-e-type=\"column\">\n\t\t\t<div class=\"elementor-widget-wrap elementor-element-populated\">\n\t\t\t\t\t\t<div class=\"elementor-element elementor-element-3b62a25 elementor-widget elementor-widget-google_maps\" data-id=\"3b62a25\" data-element_type=\"widget\" data-e-type=\"widget\" data-widget_type=\"google_maps.default\">\n\t\t\t\t<div class=\"elementor-widget-container\">\n\t\t\t\t\t\t\t<div class=\"elementor-custom-embed\">\n\t\t\t<iframe\n\t\t\t\t\tdata-src=\"https:\/\/maps.google.com\/maps?q=Marine%20Plaza&#038;t=m&#038;z=16&#038;output=embed&#038;iwloc=near\"\n\t\t\t\t\ttitle=\"Marine Plaza\"\n\t\t\t\t\taria-label=\"Marine Plaza\"\n\t\t\t src=\"data:image\/svg+xml;base64,PHN2ZyB3aWR0aD0iMSIgaGVpZ2h0PSIxIiB4bWxucz0iaHR0cDovL3d3dy53My5vcmcvMjAwMC9zdmciPjwvc3ZnPg==\" class=\"lazyload\" data-load-mode=\"1\"><\/iframe>\n\t\t<\/div>\n\t\t\t\t\t\t<\/div>\n\t\t\t\t<\/div>\n\t\t\t\t\t<\/div>\n\t\t<\/div>\n\t\t\t\t\t<\/div>\n\t\t<\/section>\n\t\t\t\t<\/div>\n\t\t","protected":false},"excerpt":{"rendered":"<p>\u00c7\u0259n vaqonlar\u0131n buxarla yuyulmas\u0131 M\u00fc\u015ft\u0259ril\u0259rimiz\u0259 s\u0259rf\u0259li qiym\u0259tl\u0259rl\u0259 t\u0259qdim etdiyimiz bir ba\u015fqa xidm\u0259t, \u00e7\u0259n vaqonlar\u0131n t\u0259mizl\u0259nm\u0259sidir. M\u00fcasir texnologiyalar \u0259sas\u0131nda apar\u0131lan prosesd\u0259 \u00e7\u0259n vaqonlar buxarla t\u0259mizl\u0259nib t\u0259krar istifad\u0259y\u0259 yararl\u0131 hala sal\u0131nacaqd\u0131r. Onlayn M\u00fcraci\u0259t M\u00fct\u0259madi h\u0259yata ke\u00e7iril\u0259n y\u00fckda\u015f\u0131malar \u00f6lk\u0259mizin idxal v\u0259 ixrac g\u00fcc\u00fcn\u00fc art\u0131rmaqdad\u0131r. \u015eirk\u0259timiz bu sah\u0259d\u0259 f\u0259aliyy\u0259t g\u00f6st\u0259rm\u0259yin haql\u0131 q\u00fcrurunu ya\u015fay\u0131r. M\u00fc\u015ft\u0259ril\u0259rimiz\u0259 t\u0259qdim etdiyimiz y\u00fckda\u015f\u0131ma xidm\u0259tl\u0259rin\u0259 \u00e7\u0259n [&hellip;]<\/p>\n","protected":false},"author":1,"featured_media":0,"parent":0,"menu_order":0,"comment_status":"closed","ping_status":"closed","template":"page-full-width.php","meta":{"footnotes":""},"class_list":["post-7872","page","type-page","status-publish","hentry"],"_links":{"self":[{"href":"https:\/\/artway.az\/index.php?rest_route=\/wp\/v2\/pages\/7872","targetHints":{"allow":["GET"]}}],"collection":[{"href":"https:\/\/artway.az\/index.php?rest_route=\/wp\/v2\/pages"}],"about":[{"href":"https:\/\/artway.az\/index.php?rest_route=\/wp\/v2\/types\/page"}],"author":[{"embeddable":true,"href":"https:\/\/artway.az\/index.php?rest_route=\/wp\/v2\/users\/1"}],"replies":[{"embeddable":true,"href":"https:\/\/artway.az\/index.php?rest_route=%2Fwp%2Fv2%2Fcomments&post=7872"}],"version-history":[{"count":53,"href":"https:\/\/artway.az\/index.php?rest_route=\/wp\/v2\/pages\/7872\/revisions"}],"predecessor-version":[{"id":14150,"href":"https:\/\/artway.az\/index.php?rest_route=\/wp\/v2\/pages\/7872\/revisions\/14150"}],"wp:attachment":[{"href":"https:\/\/artway.az\/index.php?rest_route=%2Fwp%2Fv2%2Fmedia&parent=7872"}],"curies":[{"name":"wp","href":"https:\/\/api.w.org\/{rel}","templated":true}]}}