{"id":7878,"date":"2023-01-24T13:46:55","date_gmt":"2023-01-24T13:46:55","guid":{"rendered":"https:\/\/artway.az\/?page_id=7878"},"modified":"2023-05-04T19:37:19","modified_gmt":"2023-05-04T19:37:19","slug":"ekspedisiya-xidm%c9%99tl%c9%99ri","status":"publish","type":"page","link":"https:\/\/artway.az\/?page_id=7878","title":{"rendered":"Ekspedisiya Xidm\u0259tl\u0259ri"},"content":{"rendered":"\t\t<div data-elementor-type=\"wp-page\" data-elementor-id=\"7878\" class=\"elementor elementor-7878\">\n\t\t\t\t\t\t<section class=\"elementor-section elementor-top-section elementor-element elementor-element-adbf39b elementor-section-boxed elementor-section-height-default elementor-section-height-default qodef-elementor-content-no elementor-invisible\" data-id=\"adbf39b\" data-element_type=\"section\" data-e-type=\"section\" data-settings=\"{&quot;animation&quot;:&quot;slideInUp&quot;}\">\n\t\t\t\t\t\t<div class=\"elementor-container elementor-column-gap-default\">\n\t\t\t\t\t<div class=\"elementor-column elementor-col-50 elementor-top-column elementor-element elementor-element-e881488\" data-id=\"e881488\" data-element_type=\"column\" data-e-type=\"column\">\n\t\t\t<div class=\"elementor-widget-wrap elementor-element-populated\">\n\t\t\t\t\t\t<div class=\"elementor-element elementor-element-4de7661 elementor-widget elementor-widget-globefarer_core_single_image\" data-id=\"4de7661\" data-element_type=\"widget\" data-e-type=\"widget\" data-widget_type=\"globefarer_core_single_image.default\">\n\t\t\t\t<div class=\"elementor-widget-container\">\n\t\t\t\t\t<div class=\"qodef-shortcode qodef-m  qodef-single-image qodef-layout--default qodef-appear-animation--no  \">\n\t\t<div class=\"qodef-m-image\">\n\t\t\t\t\t<img fetchpriority=\"high\" decoding=\"async\" width=\"800\" height=\"600\" src=\"https:\/\/artway.az\/wp-content\/uploads\/2023\/01\/ekspedisiya-min.png\" class=\"attachment-full size-full\" alt=\"\" srcset=\"https:\/\/artway.az\/wp-content\/uploads\/2023\/01\/ekspedisiya-min.png 800w, https:\/\/artway.az\/wp-content\/uploads\/2023\/01\/ekspedisiya-min-300x225.png 300w, https:\/\/artway.az\/wp-content\/uploads\/2023\/01\/ekspedisiya-min-768x576.png 768w\" sizes=\"(max-width: 800px) 100vw, 800px\" \/>\t\t\t<\/div>\n<\/div>\n\t\t\t\t<\/div>\n\t\t\t\t<\/div>\n\t\t\t\t\t<\/div>\n\t\t<\/div>\n\t\t\t\t<div class=\"elementor-column elementor-col-50 elementor-top-column elementor-element elementor-element-c6c556c\" data-id=\"c6c556c\" data-element_type=\"column\" data-e-type=\"column\" data-settings=\"{&quot;background_background&quot;:&quot;classic&quot;}\">\n\t\t\t<div class=\"elementor-widget-wrap elementor-element-populated\">\n\t\t\t\t\t\t<div class=\"elementor-element elementor-element-2bdb1d4 elementor-widget__width-initial elementor-widget-tablet__width-inherit elementor-widget elementor-widget-globefarer_core_list_items\" data-id=\"2bdb1d4\" data-element_type=\"widget\" data-e-type=\"widget\" data-widget_type=\"globefarer_core_list_items.default\">\n\t\t\t\t<div class=\"elementor-widget-container\">\n\t\t\t\t\t<div class=\"qodef-shortcode qodef-m  qodef-list-items qodef-layout--bulleted-list \">\n\t\t<h2 class=\"qodef-m-title\" style=\"margin-bottom: 37px\">\n\t\tEkspedisiya xidm\u0259tl\u0259ri\t<\/h2>\n\t\t\t<ul class=\"qodef-m-list\">\n\t\t\t\t\t\t\t\t<li class=\"qodef-m-list-item\" >\n\t<span class=\"qodef-m-list-marker\">\n\t<svg class=\"qodef-svg--tick qodef-m-list-item-marker\" xmlns=\"http:\/\/www.w3.org\/2000\/svg\" width=\"16.971\" height=\"12.728\" viewBox=\"0 0 16.971 12.728\"><g transform=\"translate(-766.793 -1747.429)\"><rect width=\"16\" height=\"2\" transform=\"translate(771.035 1758.743) rotate(-45)\"\/><rect width=\"2\" height=\"8\" transform=\"translate(773.864 1758.743) rotate(135)\"\/><\/g><\/svg><\/span>\n\t<h4 class=\"qodef-m-list-item-inner\">\n\t\t\t\t\t\t<span class=\"qodef-m-list-text\">\n\t\tD\u0259yi\u015f\u0259n v\u0259 inki\u015faf ed\u0259n d\u00fcnya bazar\u0131nda \u00f6n\u0259mli bir yer\u0259 sahib olmaq ist\u0259yirsinizs\u0259, \u015firk\u0259timizin siz\u0259 t\u0259qdim etdiyi ekspedisiya xidm\u0259tl\u0259rind\u0259n yararlan\u0131n. Ekspedisiya xidm\u0259tl\u0259rimiz\u0259 \u00fcmumi xidm\u0259tl\u0259r kompleksi daxildir. \t<\/span>\n\t\t\t<\/h4>\n<\/li>\n\t\t\t\t<\/ul>\n\t<\/div>\n\t\t\t\t<\/div>\n\t\t\t\t<\/div>\n\t\t\t\t<div class=\"elementor-element elementor-element-9d84190 elementor-align-right elementor-widget elementor-widget-button\" data-id=\"9d84190\" data-element_type=\"widget\" data-e-type=\"widget\" data-widget_type=\"button.default\">\n\t\t\t\t<div class=\"elementor-widget-container\">\n\t\t\t\t\t\t\t\t\t<div class=\"elementor-button-wrapper\">\n\t\t\t\t\t<a class=\"elementor-button elementor-button-link elementor-size-md\" href=\"mailto:info@artway.az\">\n\t\t\t\t\t\t<span class=\"elementor-button-content-wrapper\">\n\t\t\t\t\t\t\t\t\t<span class=\"elementor-button-text\">Onlayn M\u00fcraci\u0259t<\/span>\n\t\t\t\t\t<\/span>\n\t\t\t\t\t<\/a>\n\t\t\t\t<\/div>\n\t\t\t\t\t\t\t\t<\/div>\n\t\t\t\t<\/div>\n\t\t\t\t\t<\/div>\n\t\t<\/div>\n\t\t\t\t\t<\/div>\n\t\t<\/section>\n\t\t\t\t<section class=\"elementor-section elementor-top-section elementor-element elementor-element-1d2e630 animated-slow elementor-section-boxed elementor-section-height-default elementor-section-height-default qodef-elementor-content-no elementor-invisible\" data-id=\"1d2e630\" data-element_type=\"section\" data-e-type=\"section\" data-settings=\"{&quot;animation&quot;:&quot;slideInUp&quot;}\">\n\t\t\t\t\t\t<div class=\"elementor-container elementor-column-gap-no\">\n\t\t\t\t\t<div class=\"elementor-column elementor-col-100 elementor-top-column elementor-element elementor-element-4041b9d\" data-id=\"4041b9d\" data-element_type=\"column\" data-e-type=\"column\">\n\t\t\t<div class=\"elementor-widget-wrap elementor-element-populated\">\n\t\t\t\t\t\t<div class=\"elementor-element elementor-element-02fd60b elementor-widget elementor-widget-globefarer_core_list_items\" data-id=\"02fd60b\" data-element_type=\"widget\" data-e-type=\"widget\" data-widget_type=\"globefarer_core_list_items.default\">\n\t\t\t\t<div class=\"elementor-widget-container\">\n\t\t\t\t\t<div class=\"qodef-shortcode qodef-m  qodef-list-items qodef-layout--bulleted-list \">\n\t\t\t\t<ul class=\"qodef-m-list\">\n\t\t\t\t\t\t\t\t<li class=\"qodef-m-list-item\" >\n\t<span class=\"qodef-m-list-marker\">\n\t<svg class=\"qodef-svg--tick qodef-m-list-item-marker\" xmlns=\"http:\/\/www.w3.org\/2000\/svg\" width=\"16.971\" height=\"12.728\" viewBox=\"0 0 16.971 12.728\"><g transform=\"translate(-766.793 -1747.429)\"><rect width=\"16\" height=\"2\" transform=\"translate(771.035 1758.743) rotate(-45)\"\/><rect width=\"2\" height=\"8\" transform=\"translate(773.864 1758.743) rotate(135)\"\/><\/g><\/svg><\/span>\n\t<p class=\"qodef-m-list-item-inner\">\n\t\t\t\t\t\t<span class=\"qodef-m-list-text\">\n\t\tY\u00fckl\u0259rin ekspedisiya edilm\u0259si dedikd\u0259 da\u015f\u0131nacaq y\u00fck\u00fcn toplanmas\u0131, uy\u011fun n\u0259qliyyat vasit\u0259siyl\u0259 n\u0259ql edilm\u0259si, limanlarda bir n\u0259qliyyat n\u00f6v\u00fcnd\u0259n dig\u0259rin\u0259 \u00f6t\u00fcr\u00fclm\u0259sin\u0259 n\u0259zar\u0259t, s\u0259n\u0259dl\u0259\u015fm\u0259nin h\u0259yata ke\u00e7irilm\u0259si, y\u00fck sahibinin m\u00fct\u0259madi m\u0259lumatland\u0131r\u0131lmas\u0131 kimi prosesl\u0259r n\u0259z\u0259rd\u0259 tutulur.\t<\/span>\n\t\t\t<\/p>\n<\/li>\n\t\t\t\t<\/ul>\n\t<\/div>\n\t\t\t\t<\/div>\n\t\t\t\t<\/div>\n\t\t\t\t\t<\/div>\n\t\t<\/div>\n\t\t\t\t\t<\/div>\n\t\t<\/section>\n\t\t\t\t<section class=\"elementor-section elementor-top-section elementor-element elementor-element-075fb3a elementor-section-full_width qodef-elementor-content-grid qodef-custom-cursor-section elementor-section-height-default elementor-section-height-default elementor-invisible\" data-id=\"075fb3a\" data-element_type=\"section\" data-e-type=\"section\" data-settings=\"{&quot;background_background&quot;:&quot;classic&quot;,&quot;animation&quot;:&quot;fadeInUp&quot;}\">\n\t\t\t\t\t\t<div class=\"elementor-container elementor-column-gap-no\">\n\t\t\t\t\t<div class=\"elementor-column elementor-col-50 elementor-top-column elementor-element elementor-element-fdac8cb\" data-id=\"fdac8cb\" data-element_type=\"column\" data-e-type=\"column\">\n\t\t\t<div class=\"elementor-widget-wrap elementor-element-populated\">\n\t\t\t\t\t\t<div class=\"elementor-element elementor-element-ade204a elementor-widget-mobile__width-inherit elementor-widget elementor-widget-globefarer_core_contact_info\" data-id=\"ade204a\" data-element_type=\"widget\" data-e-type=\"widget\" data-widget_type=\"globefarer_core_contact_info.default\">\n\t\t\t\t<div class=\"elementor-widget-container\">\n\t\t\t\t\t<div class=\"qodef-shortcode qodef-m  qodef-contact-info qodef-layout--type-2 \">\n\t<div class=\"qodef-m-address-email\">\n\t\t\t<div class=\"qodef-m-address\">\n\t\t\t\t<h6 class=\"qodef-m-address-tagline\">\n\t\t\u00dcnvan\u0131m\u0131z:\t<\/h6>\n\t<h5 class=\"qodef-m-address-item\">\tMarine Plaza 13-c\u00fc m\u0259rt\u0259b\u0259\n\u00dc.Hac\u0131b\u0259yov k\u00fc\u00e7.62\t<\/h5>\t\t<\/div>\n\t\t\t\t<div class=\"qodef-m-email\">\n\t\t\t\t<h6 class=\"qodef-m-email-tagline\">\n\t\tElektron po\u00e7t:\t<\/h6>\n\t<h5 class=\"qodef-m-email-item\">\t<a itemprop=\"email\" href=\"mailto:info@artway.az\">\n\t\tinfo@artway.az\t<\/a>\n\t<\/h5>\t\t<\/div>\n\t<\/div>\n<\/div>\n\t\t\t\t<\/div>\n\t\t\t\t<\/div>\n\t\t\t\t\t<\/div>\n\t\t<\/div>\n\t\t\t\t<div class=\"elementor-column elementor-col-50 elementor-top-column elementor-element elementor-element-d087770\" data-id=\"d087770\" data-element_type=\"column\" data-e-type=\"column\">\n\t\t\t<div class=\"elementor-widget-wrap elementor-element-populated\">\n\t\t\t\t\t\t<div class=\"elementor-element elementor-element-493df86 elementor-widget elementor-widget-google_maps\" data-id=\"493df86\" data-element_type=\"widget\" data-e-type=\"widget\" data-widget_type=\"google_maps.default\">\n\t\t\t\t<div class=\"elementor-widget-container\">\n\t\t\t\t\t\t\t<div class=\"elementor-custom-embed\">\n\t\t\t<iframe\n\t\t\t\t\tdata-src=\"https:\/\/maps.google.com\/maps?q=Marine%20Plaza&#038;t=m&#038;z=16&#038;output=embed&#038;iwloc=near\"\n\t\t\t\t\ttitle=\"Marine Plaza\"\n\t\t\t\t\taria-label=\"Marine Plaza\"\n\t\t\t src=\"data:image\/svg+xml;base64,PHN2ZyB3aWR0aD0iMSIgaGVpZ2h0PSIxIiB4bWxucz0iaHR0cDovL3d3dy53My5vcmcvMjAwMC9zdmciPjwvc3ZnPg==\" class=\"lazyload\" data-load-mode=\"1\"><\/iframe>\n\t\t<\/div>\n\t\t\t\t\t\t<\/div>\n\t\t\t\t<\/div>\n\t\t\t\t\t<\/div>\n\t\t<\/div>\n\t\t\t\t\t<\/div>\n\t\t<\/section>\n\t\t\t\t<\/div>\n\t\t","protected":false},"excerpt":{"rendered":"<p>Ekspedisiya xidm\u0259tl\u0259ri D\u0259yi\u015f\u0259n v\u0259 inki\u015faf ed\u0259n d\u00fcnya bazar\u0131nda \u00f6n\u0259mli bir yer\u0259 sahib olmaq ist\u0259yirsinizs\u0259, \u015firk\u0259timizin siz\u0259 t\u0259qdim etdiyi ekspedisiya xidm\u0259tl\u0259rind\u0259n yararlan\u0131n. Ekspedisiya xidm\u0259tl\u0259rimiz\u0259 \u00fcmumi xidm\u0259tl\u0259r kompleksi daxildir. Onlayn M\u00fcraci\u0259t Y\u00fckl\u0259rin ekspedisiya edilm\u0259si dedikd\u0259 da\u015f\u0131nacaq y\u00fck\u00fcn toplanmas\u0131, uy\u011fun n\u0259qliyyat vasit\u0259siyl\u0259 n\u0259ql edilm\u0259si, limanlarda bir n\u0259qliyyat n\u00f6v\u00fcnd\u0259n dig\u0259rin\u0259 \u00f6t\u00fcr\u00fclm\u0259sin\u0259 n\u0259zar\u0259t, s\u0259n\u0259dl\u0259\u015fm\u0259nin h\u0259yata ke\u00e7irilm\u0259si, y\u00fck sahibinin m\u00fct\u0259madi m\u0259lumatland\u0131r\u0131lmas\u0131 [&hellip;]<\/p>\n","protected":false},"author":1,"featured_media":0,"parent":0,"menu_order":0,"comment_status":"closed","ping_status":"closed","template":"page-full-width.php","meta":{"footnotes":""},"class_list":["post-7878","page","type-page","status-publish","hentry"],"_links":{"self":[{"href":"https:\/\/artway.az\/index.php?rest_route=\/wp\/v2\/pages\/7878","targetHints":{"allow":["GET"]}}],"collection":[{"href":"https:\/\/artway.az\/index.php?rest_route=\/wp\/v2\/pages"}],"about":[{"href":"https:\/\/artway.az\/index.php?rest_route=\/wp\/v2\/types\/page"}],"author":[{"embeddable":true,"href":"https:\/\/artway.az\/index.php?rest_route=\/wp\/v2\/users\/1"}],"replies":[{"embeddable":true,"href":"https:\/\/artway.az\/index.php?rest_route=%2Fwp%2Fv2%2Fcomments&post=7878"}],"version-history":[{"count":57,"href":"https:\/\/artway.az\/index.php?rest_route=\/wp\/v2\/pages\/7878\/revisions"}],"predecessor-version":[{"id":14156,"href":"https:\/\/artway.az\/index.php?rest_route=\/wp\/v2\/pages\/7878\/revisions\/14156"}],"wp:attachment":[{"href":"https:\/\/artway.az\/index.php?rest_route=%2Fwp%2Fv2%2Fmedia&parent=7878"}],"curies":[{"name":"wp","href":"https:\/\/api.w.org\/{rel}","templated":true}]}}