{"id":8177,"date":"2023-01-26T20:40:16","date_gmt":"2023-01-26T20:40:16","guid":{"rendered":"https:\/\/artway.az\/?page_id=8177"},"modified":"2023-05-04T19:38:20","modified_gmt":"2023-05-04T19:38:20","slug":"gomruk-xidm%c9%99ti","status":"publish","type":"page","link":"https:\/\/artway.az\/?page_id=8177","title":{"rendered":"G\u00f6mr\u00fck xidm\u0259ti"},"content":{"rendered":"\t\t<div data-elementor-type=\"wp-page\" data-elementor-id=\"8177\" class=\"elementor elementor-8177\">\n\t\t\t\t\t\t<section class=\"elementor-section elementor-top-section elementor-element elementor-element-ed43920 elementor-section-boxed elementor-section-height-default elementor-section-height-default qodef-elementor-content-no elementor-invisible\" data-id=\"ed43920\" data-element_type=\"section\" data-e-type=\"section\" data-settings=\"{&quot;animation&quot;:&quot;slideInUp&quot;}\">\n\t\t\t\t\t\t<div class=\"elementor-container elementor-column-gap-default\">\n\t\t\t\t\t<div class=\"elementor-column elementor-col-50 elementor-top-column elementor-element elementor-element-5768e8b\" data-id=\"5768e8b\" data-element_type=\"column\" data-e-type=\"column\">\n\t\t\t<div class=\"elementor-widget-wrap elementor-element-populated\">\n\t\t\t\t\t\t<div class=\"elementor-element elementor-element-208d293 elementor-widget elementor-widget-globefarer_core_single_image\" data-id=\"208d293\" data-element_type=\"widget\" data-e-type=\"widget\" data-widget_type=\"globefarer_core_single_image.default\">\n\t\t\t\t<div class=\"elementor-widget-container\">\n\t\t\t\t\t<div class=\"qodef-shortcode qodef-m  qodef-single-image qodef-layout--default qodef-appear-animation--no  \">\n\t\t<div class=\"qodef-m-image\">\n\t\t\t\t\t<img fetchpriority=\"high\" decoding=\"async\" width=\"800\" height=\"600\" src=\"https:\/\/artway.az\/wp-content\/uploads\/2023\/01\/gomruk-min.png\" class=\"attachment-full size-full\" alt=\"\" srcset=\"https:\/\/artway.az\/wp-content\/uploads\/2023\/01\/gomruk-min.png 800w, https:\/\/artway.az\/wp-content\/uploads\/2023\/01\/gomruk-min-300x225.png 300w, https:\/\/artway.az\/wp-content\/uploads\/2023\/01\/gomruk-min-768x576.png 768w\" sizes=\"(max-width: 800px) 100vw, 800px\" \/>\t\t\t<\/div>\n<\/div>\n\t\t\t\t<\/div>\n\t\t\t\t<\/div>\n\t\t\t\t\t<\/div>\n\t\t<\/div>\n\t\t\t\t<div class=\"elementor-column elementor-col-50 elementor-top-column elementor-element elementor-element-3ec9049\" data-id=\"3ec9049\" data-element_type=\"column\" data-e-type=\"column\" data-settings=\"{&quot;background_background&quot;:&quot;classic&quot;}\">\n\t\t\t<div class=\"elementor-widget-wrap elementor-element-populated\">\n\t\t\t\t\t\t<div class=\"elementor-element elementor-element-715810d elementor-widget__width-initial elementor-widget-tablet__width-inherit elementor-widget elementor-widget-globefarer_core_list_items\" data-id=\"715810d\" data-element_type=\"widget\" data-e-type=\"widget\" data-widget_type=\"globefarer_core_list_items.default\">\n\t\t\t\t<div class=\"elementor-widget-container\">\n\t\t\t\t\t<div class=\"qodef-shortcode qodef-m  qodef-list-items qodef-layout--bulleted-list \">\n\t\t<h2 class=\"qodef-m-title\" style=\"margin-bottom: 37px\">\n\t\tG\u00f6mr\u00fck xidm\u0259ti\t<\/h2>\n\t\t\t<ul class=\"qodef-m-list\">\n\t\t\t\t\t\t\t\t<li class=\"qodef-m-list-item\" >\n\t<span class=\"qodef-m-list-marker\">\n\t<svg class=\"qodef-svg--tick qodef-m-list-item-marker\" xmlns=\"http:\/\/www.w3.org\/2000\/svg\" width=\"16.971\" height=\"12.728\" viewBox=\"0 0 16.971 12.728\"><g transform=\"translate(-766.793 -1747.429)\"><rect width=\"16\" height=\"2\" transform=\"translate(771.035 1758.743) rotate(-45)\"\/><rect width=\"2\" height=\"8\" transform=\"translate(773.864 1758.743) rotate(135)\"\/><\/g><\/svg><\/span>\n\t<h4 class=\"qodef-m-list-item-inner\">\n\t\t\t\t\t\t<span class=\"qodef-m-list-text\">\n\t\tAz\u0259rbaycan beyn\u0259lxalq y\u00fckda\u015f\u0131malarda \u00f6n\u0259mli rola sahibdir. \u00d6lk\u0259nin tranzit imkanlar\u0131 h\u0259r \u00f6t\u0259n g\u00fcn art\u0131r. B\u00fct\u00fcn bu yenilikl\u0259rd\u0259n yararlanaraq m\u00fc\u015ft\u0259ril\u0259r\u0259 y\u00fckda\u015f\u0131ma prosesind\u0259 maksimum d\u0259st\u0259k olma\u011fa haz\u0131r\u0131q. Pe\u015f\u0259kar hey\u0259timiz n\u0259inki y\u00fckda\u015f\u0131ma, h\u0259m\u00e7inin g\u00f6mr\u00fck r\u0259smil\u0259\u015fdirilm\u0259sind\u0259 d\u0259, siz\u0259 k\u00f6m\u0259k ed\u0259c\u0259kl\u0259r. Biz t\u0259l\u0259b olunan icaz\u0259 v\u0259 sertifikatlar\u0131n al\u0131nmas\u0131 \u00fc\u00e7\u00fcn z\u0259ruri s\u0259n\u0259dl\u0259ri haz\u0131rlayaca\u011f\u0131q. \t<\/span>\n\t\t\t<\/h4>\n<\/li>\n\t\t\t\t<\/ul>\n\t<\/div>\n\t\t\t\t<\/div>\n\t\t\t\t<\/div>\n\t\t\t\t<div class=\"elementor-element elementor-element-0925fc6 elementor-align-right elementor-widget elementor-widget-button\" data-id=\"0925fc6\" data-element_type=\"widget\" data-e-type=\"widget\" data-widget_type=\"button.default\">\n\t\t\t\t<div class=\"elementor-widget-container\">\n\t\t\t\t\t\t\t\t\t<div class=\"elementor-button-wrapper\">\n\t\t\t\t\t<a class=\"elementor-button elementor-button-link elementor-size-md\" href=\"mailto:info@artway.az\">\n\t\t\t\t\t\t<span class=\"elementor-button-content-wrapper\">\n\t\t\t\t\t\t\t\t\t<span class=\"elementor-button-text\">Onlayn M\u00fcraci\u0259t<\/span>\n\t\t\t\t\t<\/span>\n\t\t\t\t\t<\/a>\n\t\t\t\t<\/div>\n\t\t\t\t\t\t\t\t<\/div>\n\t\t\t\t<\/div>\n\t\t\t\t\t<\/div>\n\t\t<\/div>\n\t\t\t\t\t<\/div>\n\t\t<\/section>\n\t\t\t\t<section class=\"elementor-section elementor-top-section elementor-element elementor-element-8cbe527 animated-slow elementor-section-boxed elementor-section-height-default elementor-section-height-default qodef-elementor-content-no elementor-invisible\" data-id=\"8cbe527\" data-element_type=\"section\" data-e-type=\"section\" data-settings=\"{&quot;animation&quot;:&quot;slideInUp&quot;}\">\n\t\t\t\t\t\t<div class=\"elementor-container elementor-column-gap-no\">\n\t\t\t\t\t<div class=\"elementor-column elementor-col-100 elementor-top-column elementor-element elementor-element-e52c5d5\" data-id=\"e52c5d5\" data-element_type=\"column\" data-e-type=\"column\">\n\t\t\t<div class=\"elementor-widget-wrap elementor-element-populated\">\n\t\t\t\t\t\t<div class=\"elementor-element elementor-element-f506b53 elementor-widget elementor-widget-globefarer_core_list_items\" data-id=\"f506b53\" data-element_type=\"widget\" data-e-type=\"widget\" data-widget_type=\"globefarer_core_list_items.default\">\n\t\t\t\t<div class=\"elementor-widget-container\">\n\t\t\t\t\t<div class=\"qodef-shortcode qodef-m  qodef-list-items qodef-layout--bulleted-list \">\n\t\t\t\t<ul class=\"qodef-m-list\">\n\t\t\t\t\t\t\t\t<li class=\"qodef-m-list-item\" >\n\t<span class=\"qodef-m-list-marker\">\n\t<svg class=\"qodef-svg--tick qodef-m-list-item-marker\" xmlns=\"http:\/\/www.w3.org\/2000\/svg\" width=\"16.971\" height=\"12.728\" viewBox=\"0 0 16.971 12.728\"><g transform=\"translate(-766.793 -1747.429)\"><rect width=\"16\" height=\"2\" transform=\"translate(771.035 1758.743) rotate(-45)\"\/><rect width=\"2\" height=\"8\" transform=\"translate(773.864 1758.743) rotate(135)\"\/><\/g><\/svg><\/span>\n\t<p class=\"qodef-m-list-item-inner\">\n\t\t\t\t\t\t<span class=\"qodef-m-list-text\">\n\t\tT\u0259hl\u00fck\u0259sizlik standartlar\u0131 v\u0259 qanunvercilik t\u0259l\u0259bl\u0259rin\u0259 cavab ver\u0259n xidm\u0259timizd\u0259n yararlana bil\u0259rsiniz. M\u00fct\u0259x\u0259ssisl\u0259rimiz g\u00f6mr\u00fck r\u0259smil\u0259\u015fdirilm\u0259si, t\u0259l\u0259b olunan icaz\u0259 v\u0259 sertifikatlar\u0131n al\u0131nmas\u0131 \u00fc\u00e7\u00fcn z\u0259ruri s\u0259n\u0259dl\u0259rin haz\u0131rlanmas\u0131n\u0131 t\u0259\u015fkil edir. G\u00f6mr\u00fckl\u0259 ba\u011fl\u0131 b\u00fct\u00fcn r\u0259smil\u0259\u015fdirm\u0259l\u0259ri rahatl\u0131qla biz\u0259 h\u0259val\u0259 ed\u0259, t\u0259hl\u00fck\u0259sizlik standartlar\u0131na v\u0259 qanunvercilik t\u0259l\u0259bl\u0259rin\u0259 cavab ver\u0259n xidm\u0259timizd\u0259n yararlana bil\u0259rsiniz. \t<\/span>\n\t\t\t<\/p>\n<\/li>\n\t\t\t\t<\/ul>\n\t<\/div>\n\t\t\t\t<\/div>\n\t\t\t\t<\/div>\n\t\t\t\t\t<\/div>\n\t\t<\/div>\n\t\t\t\t\t<\/div>\n\t\t<\/section>\n\t\t\t\t<section class=\"elementor-section elementor-top-section elementor-element elementor-element-13546d9 elementor-section-full_width qodef-elementor-content-grid qodef-custom-cursor-section elementor-section-height-default elementor-section-height-default elementor-invisible\" data-id=\"13546d9\" data-element_type=\"section\" data-e-type=\"section\" data-settings=\"{&quot;background_background&quot;:&quot;classic&quot;,&quot;animation&quot;:&quot;fadeInUp&quot;}\">\n\t\t\t\t\t\t<div class=\"elementor-container elementor-column-gap-no\">\n\t\t\t\t\t<div class=\"elementor-column elementor-col-50 elementor-top-column elementor-element elementor-element-132cdd7\" data-id=\"132cdd7\" data-element_type=\"column\" data-e-type=\"column\">\n\t\t\t<div class=\"elementor-widget-wrap elementor-element-populated\">\n\t\t\t\t\t\t<div class=\"elementor-element elementor-element-6a1654d elementor-widget-mobile__width-inherit elementor-widget elementor-widget-globefarer_core_contact_info\" data-id=\"6a1654d\" data-element_type=\"widget\" data-e-type=\"widget\" data-widget_type=\"globefarer_core_contact_info.default\">\n\t\t\t\t<div class=\"elementor-widget-container\">\n\t\t\t\t\t<div class=\"qodef-shortcode qodef-m  qodef-contact-info qodef-layout--type-2 \">\n\t<div class=\"qodef-m-address-email\">\n\t\t\t<div class=\"qodef-m-address\">\n\t\t\t\t<h6 class=\"qodef-m-address-tagline\">\n\t\t\u00dcnvan\u0131m\u0131z:\t<\/h6>\n\t<h5 class=\"qodef-m-address-item\">\tMarine Plaza 13-c\u00fc m\u0259rt\u0259b\u0259\n\u00dc.Hac\u0131b\u0259yov k\u00fc\u00e7.62\t<\/h5>\t\t<\/div>\n\t\t\t\t<div class=\"qodef-m-email\">\n\t\t\t\t<h6 class=\"qodef-m-email-tagline\">\n\t\tElektron po\u00e7t:\t<\/h6>\n\t<h5 class=\"qodef-m-email-item\">\t<a itemprop=\"email\" href=\"mailto:info@artway.az\">\n\t\tinfo@artway.az\t<\/a>\n\t<\/h5>\t\t<\/div>\n\t<\/div>\n<\/div>\n\t\t\t\t<\/div>\n\t\t\t\t<\/div>\n\t\t\t\t\t<\/div>\n\t\t<\/div>\n\t\t\t\t<div class=\"elementor-column elementor-col-50 elementor-top-column elementor-element elementor-element-1a7824c\" data-id=\"1a7824c\" data-element_type=\"column\" data-e-type=\"column\">\n\t\t\t<div class=\"elementor-widget-wrap elementor-element-populated\">\n\t\t\t\t\t\t<div class=\"elementor-element elementor-element-a22d31a elementor-widget elementor-widget-google_maps\" data-id=\"a22d31a\" data-element_type=\"widget\" data-e-type=\"widget\" data-widget_type=\"google_maps.default\">\n\t\t\t\t<div class=\"elementor-widget-container\">\n\t\t\t\t\t\t\t<div class=\"elementor-custom-embed\">\n\t\t\t<iframe\n\t\t\t\t\tdata-src=\"https:\/\/maps.google.com\/maps?q=Marine%20Plaza&#038;t=m&#038;z=16&#038;output=embed&#038;iwloc=near\"\n\t\t\t\t\ttitle=\"Marine Plaza\"\n\t\t\t\t\taria-label=\"Marine Plaza\"\n\t\t\t src=\"data:image\/svg+xml;base64,PHN2ZyB3aWR0aD0iMSIgaGVpZ2h0PSIxIiB4bWxucz0iaHR0cDovL3d3dy53My5vcmcvMjAwMC9zdmciPjwvc3ZnPg==\" class=\"lazyload\" data-load-mode=\"1\"><\/iframe>\n\t\t<\/div>\n\t\t\t\t\t\t<\/div>\n\t\t\t\t<\/div>\n\t\t\t\t\t<\/div>\n\t\t<\/div>\n\t\t\t\t\t<\/div>\n\t\t<\/section>\n\t\t\t\t<\/div>\n\t\t","protected":false},"excerpt":{"rendered":"<p>G\u00f6mr\u00fck xidm\u0259ti Az\u0259rbaycan beyn\u0259lxalq y\u00fckda\u015f\u0131malarda \u00f6n\u0259mli rola sahibdir. \u00d6lk\u0259nin tranzit imkanlar\u0131 h\u0259r \u00f6t\u0259n g\u00fcn art\u0131r. B\u00fct\u00fcn bu yenilikl\u0259rd\u0259n yararlanaraq m\u00fc\u015ft\u0259ril\u0259r\u0259 y\u00fckda\u015f\u0131ma prosesind\u0259 maksimum d\u0259st\u0259k olma\u011fa haz\u0131r\u0131q. Pe\u015f\u0259kar hey\u0259timiz n\u0259inki y\u00fckda\u015f\u0131ma, h\u0259m\u00e7inin g\u00f6mr\u00fck r\u0259smil\u0259\u015fdirilm\u0259sind\u0259 d\u0259, siz\u0259 k\u00f6m\u0259k ed\u0259c\u0259kl\u0259r. Biz t\u0259l\u0259b olunan icaz\u0259 v\u0259 sertifikatlar\u0131n al\u0131nmas\u0131 \u00fc\u00e7\u00fcn z\u0259ruri s\u0259n\u0259dl\u0259ri haz\u0131rlayaca\u011f\u0131q. Onlayn M\u00fcraci\u0259t T\u0259hl\u00fck\u0259sizlik standartlar\u0131 v\u0259 qanunvercilik t\u0259l\u0259bl\u0259rin\u0259 [&hellip;]<\/p>\n","protected":false},"author":1,"featured_media":0,"parent":0,"menu_order":0,"comment_status":"closed","ping_status":"closed","template":"page-full-width.php","meta":{"footnotes":""},"class_list":["post-8177","page","type-page","status-publish","hentry"],"_links":{"self":[{"href":"https:\/\/artway.az\/index.php?rest_route=\/wp\/v2\/pages\/8177","targetHints":{"allow":["GET"]}}],"collection":[{"href":"https:\/\/artway.az\/index.php?rest_route=\/wp\/v2\/pages"}],"about":[{"href":"https:\/\/artway.az\/index.php?rest_route=\/wp\/v2\/types\/page"}],"author":[{"embeddable":true,"href":"https:\/\/artway.az\/index.php?rest_route=\/wp\/v2\/users\/1"}],"replies":[{"embeddable":true,"href":"https:\/\/artway.az\/index.php?rest_route=%2Fwp%2Fv2%2Fcomments&post=8177"}],"version-history":[{"count":51,"href":"https:\/\/artway.az\/index.php?rest_route=\/wp\/v2\/pages\/8177\/revisions"}],"predecessor-version":[{"id":14159,"href":"https:\/\/artway.az\/index.php?rest_route=\/wp\/v2\/pages\/8177\/revisions\/14159"}],"wp:attachment":[{"href":"https:\/\/artway.az\/index.php?rest_route=%2Fwp%2Fv2%2Fmedia&parent=8177"}],"curies":[{"name":"wp","href":"https:\/\/api.w.org\/{rel}","templated":true}]}}